{"id":945,"date":"2018-04-26T06:11:09","date_gmt":"2018-04-26T06:11:09","guid":{"rendered":"http:\/\/parafiarussocice.pl\/?page_id=945"},"modified":"2018-04-26T06:49:28","modified_gmt":"2018-04-26T06:49:28","slug":"u-siostr-zakonnych-o-raz-drugi","status":"publish","type":"page","link":"http:\/\/parafiarussocice.pl\/index.php\/u-siostr-zakonnych-o-raz-drugi\/","title":{"rendered":"U Si\u00f3str zakonnych po raz drugi"},"content":{"rendered":"<p>Dziewcz\u0119ta z naszej parafii po raz drugi wzi\u0119\u0142y udzia\u0142 w skupieniu, kt\u00f3re by\u0142o kontynuacj\u0105 prze\u017cytych rekolekcji, w dniach od 20 do 23 lutego br. Do domu zakonnego Zgromadzenia Si\u00f3str Wsp\u00f3lnej Pracy we W\u0142oc\u0142awku, pojecha\u0142o 17 dziewcz\u0105t. W ramach spotkania mia\u0142 miejsce tak\u017ce wyjazd do Kalisza, kt\u00f3rego punktem kulminacyjnym by\u0142o nawiedzenie Bazyliki \u015bw. J\u00f3zefa.<\/p>\n<p><img loading=\"lazy\" class=\"size-medium wp-image-974 aligncenter\" src=\"http:\/\/parafiarussocice.pl\/wp-content\/uploads\/2018\/04\/31224762_2096367557291157_6108309532117565440_n-300x225.jpg\" alt=\"\" width=\"300\" height=\"225\" srcset=\"http:\/\/parafiarussocice.pl\/wp-content\/uploads\/2018\/04\/31224762_2096367557291157_6108309532117565440_n-300x225.jpg 300w, http:\/\/parafiarussocice.pl\/wp-content\/uploads\/2018\/04\/31224762_2096367557291157_6108309532117565440_n-768x576.jpg 768w, http:\/\/parafiarussocice.pl\/wp-content\/uploads\/2018\/04\/31224762_2096367557291157_6108309532117565440_n-1024x768.jpg 1024w\" sizes=\"(max-width: 300px) 100vw, 300px\" \/><\/p>\n<p><img loading=\"lazy\" class=\"size-medium wp-image-967 alignleft\" src=\"http:\/\/parafiarussocice.pl\/wp-content\/uploads\/2018\/04\/31250393_2096369563957623_2726659670038020096_n-300x225.jpg\" alt=\"\" width=\"300\" height=\"225\" srcset=\"http:\/\/parafiarussocice.pl\/wp-content\/uploads\/2018\/04\/31250393_2096369563957623_2726659670038020096_n-300x225.jpg 300w, http:\/\/parafiarussocice.pl\/wp-content\/uploads\/2018\/04\/31250393_2096369563957623_2726659670038020096_n-768x576.jpg 768w, http:\/\/parafiarussocice.pl\/wp-content\/uploads\/2018\/04\/31250393_2096369563957623_2726659670038020096_n-1024x768.jpg 1024w\" sizes=\"(max-width: 300px) 100vw, 300px\" \/><img loading=\"lazy\" class=\"size-medium wp-image-969 alignleft\" src=\"http:\/\/parafiarussocice.pl\/wp-content\/uploads\/2018\/04\/31317695_2096367720624474_630489091539992576_n-300x225.jpg\" alt=\"\" width=\"300\" height=\"225\" srcset=\"http:\/\/parafiarussocice.pl\/wp-content\/uploads\/2018\/04\/31317695_2096367720624474_630489091539992576_n-300x225.jpg 300w, http:\/\/parafiarussocice.pl\/wp-content\/uploads\/2018\/04\/31317695_2096367720624474_630489091539992576_n-768x576.jpg 768w, http:\/\/parafiarussocice.pl\/wp-content\/uploads\/2018\/04\/31317695_2096367720624474_630489091539992576_n-1024x768.jpg 1024w\" sizes=\"(max-width: 300px) 100vw, 300px\" \/><\/p>\n<p><img loading=\"lazy\" class=\"size-medium wp-image-965 alignleft\" src=\"http:\/\/parafiarussocice.pl\/wp-content\/uploads\/2018\/04\/31252975_2096367700624476_3517802296752734208_n-300x225.jpg\" alt=\"\" width=\"300\" height=\"225\" srcset=\"http:\/\/parafiarussocice.pl\/wp-content\/uploads\/2018\/04\/31252975_2096367700624476_3517802296752734208_n-300x225.jpg 300w, http:\/\/parafiarussocice.pl\/wp-content\/uploads\/2018\/04\/31252975_2096367700624476_3517802296752734208_n-768x576.jpg 768w, http:\/\/parafiarussocice.pl\/wp-content\/uploads\/2018\/04\/31252975_2096367700624476_3517802296752734208_n-1024x768.jpg 1024w\" sizes=\"(max-width: 300px) 100vw, 300px\" \/><img loading=\"lazy\" class=\"size-medium wp-image-963 alignleft\" src=\"http:\/\/parafiarussocice.pl\/wp-content\/uploads\/2018\/04\/31389839_2096368713957708_8542624852924694528_n-300x225.jpg\" alt=\"\" width=\"300\" height=\"225\" srcset=\"http:\/\/parafiarussocice.pl\/wp-content\/uploads\/2018\/04\/31389839_2096368713957708_8542624852924694528_n-300x225.jpg 300w, http:\/\/parafiarussocice.pl\/wp-content\/uploads\/2018\/04\/31389839_2096368713957708_8542624852924694528_n-768x576.jpg 768w, http:\/\/parafiarussocice.pl\/wp-content\/uploads\/2018\/04\/31389839_2096368713957708_8542624852924694528_n-1024x768.jpg 1024w\" sizes=\"(max-width: 300px) 100vw, 300px\" \/><\/p>\n<p><img loading=\"lazy\" class=\"size-medium wp-image-961 alignleft\" src=\"http:\/\/parafiarussocice.pl\/wp-content\/uploads\/2018\/04\/31265438_2498086463750517_3436948931815145472_n-300x225.jpg\" alt=\"\" width=\"300\" height=\"225\" srcset=\"http:\/\/parafiarussocice.pl\/wp-content\/uploads\/2018\/04\/31265438_2498086463750517_3436948931815145472_n-300x225.jpg 300w, http:\/\/parafiarussocice.pl\/wp-content\/uploads\/2018\/04\/31265438_2498086463750517_3436948931815145472_n-768x576.jpg 768w, http:\/\/parafiarussocice.pl\/wp-content\/uploads\/2018\/04\/31265438_2498086463750517_3436948931815145472_n-1024x768.jpg 1024w\" sizes=\"(max-width: 300px) 100vw, 300px\" \/><img loading=\"lazy\" class=\"size-medium wp-image-955 alignleft\" src=\"http:\/\/parafiarussocice.pl\/wp-content\/uploads\/2018\/04\/31282804_2096370110624235_9097146066171592704_n-300x225.jpg\" alt=\"\" width=\"300\" height=\"225\" srcset=\"http:\/\/parafiarussocice.pl\/wp-content\/uploads\/2018\/04\/31282804_2096370110624235_9097146066171592704_n-300x225.jpg 300w, http:\/\/parafiarussocice.pl\/wp-content\/uploads\/2018\/04\/31282804_2096370110624235_9097146066171592704_n-768x576.jpg 768w, http:\/\/parafiarussocice.pl\/wp-content\/uploads\/2018\/04\/31282804_2096370110624235_9097146066171592704_n-1024x768.jpg 1024w\" sizes=\"(max-width: 300px) 100vw, 300px\" \/><\/p>\n<p><img loading=\"lazy\" class=\"size-medium wp-image-950 alignleft\" src=\"http:\/\/parafiarussocice.pl\/wp-content\/uploads\/2018\/04\/31239543_2096368060624440_8281103087385444352_n-300x225.jpg\" alt=\"\" width=\"300\" height=\"225\" srcset=\"http:\/\/parafiarussocice.pl\/wp-content\/uploads\/2018\/04\/31239543_2096368060624440_8281103087385444352_n-300x225.jpg 300w, http:\/\/parafiarussocice.pl\/wp-content\/uploads\/2018\/04\/31239543_2096368060624440_8281103087385444352_n-768x576.jpg 768w, http:\/\/parafiarussocice.pl\/wp-content\/uploads\/2018\/04\/31239543_2096368060624440_8281103087385444352_n-1024x768.jpg 1024w\" sizes=\"(max-width: 300px) 100vw, 300px\" \/><img loading=\"lazy\" class=\"size-medium wp-image-953 alignleft\" src=\"http:\/\/parafiarussocice.pl\/wp-content\/uploads\/2018\/04\/31224223_2096368407291072_7923762349524123648_n-300x225.jpg\" alt=\"\" width=\"300\" height=\"225\" srcset=\"http:\/\/parafiarussocice.pl\/wp-content\/uploads\/2018\/04\/31224223_2096368407291072_7923762349524123648_n-300x225.jpg 300w, http:\/\/parafiarussocice.pl\/wp-content\/uploads\/2018\/04\/31224223_2096368407291072_7923762349524123648_n-768x576.jpg 768w, http:\/\/parafiarussocice.pl\/wp-content\/uploads\/2018\/04\/31224223_2096368407291072_7923762349524123648_n-1024x768.jpg 1024w\" sizes=\"(max-width: 300px) 100vw, 300px\" \/><\/p>\n","protected":false},"excerpt":{"rendered":"<p>Dziewcz\u0119ta z naszej parafii po raz drugi wzi\u0119\u0142y udzia\u0142 w skupieniu, kt\u00f3re by\u0142o kontynuacj\u0105 prze\u017cytych rekolekcji, w dniach od 20 do 23 lutego br. Do domu zakonnego Zgromadzenia Si\u00f3str Wsp\u00f3lnej Pracy we W\u0142oc\u0142awku, pojecha\u0142o 17 dziewcz\u0105t. W ramach spotkania mia\u0142 miejsce tak\u017ce wyjazd do Kalisza, kt\u00f3rego punktem kulminacyjnym by\u0142o nawiedzenie Bazyliki \u015bw. J\u00f3zefa.<\/p>\n","protected":false},"author":1,"featured_media":965,"parent":0,"menu_order":0,"comment_status":"closed","ping_status":"closed","template":"","meta":{"ngg_post_thumbnail":0},"_links":{"self":[{"href":"http:\/\/parafiarussocice.pl\/index.php\/wp-json\/wp\/v2\/pages\/945"}],"collection":[{"href":"http:\/\/parafiarussocice.pl\/index.php\/wp-json\/wp\/v2\/pages"}],"about":[{"href":"http:\/\/parafiarussocice.pl\/index.php\/wp-json\/wp\/v2\/types\/page"}],"author":[{"embeddable":true,"href":"http:\/\/parafiarussocice.pl\/index.php\/wp-json\/wp\/v2\/users\/1"}],"replies":[{"embeddable":true,"href":"http:\/\/parafiarussocice.pl\/index.php\/wp-json\/wp\/v2\/comments?post=945"}],"version-history":[{"count":12,"href":"http:\/\/parafiarussocice.pl\/index.php\/wp-json\/wp\/v2\/pages\/945\/revisions"}],"predecessor-version":[{"id":976,"href":"http:\/\/parafiarussocice.pl\/index.php\/wp-json\/wp\/v2\/pages\/945\/revisions\/976"}],"wp:featuredmedia":[{"embeddable":true,"href":"http:\/\/parafiarussocice.pl\/index.php\/wp-json\/wp\/v2\/media\/965"}],"wp:attachment":[{"href":"http:\/\/parafiarussocice.pl\/index.php\/wp-json\/wp\/v2\/media?parent=945"}],"curies":[{"name":"wp","href":"https:\/\/api.w.org\/{rel}","templated":true}]}}