{"id":895,"date":"2018-03-30T13:48:43","date_gmt":"2018-03-30T13:48:43","guid":{"rendered":"http:\/\/parafiarussocice.pl\/?page_id=895"},"modified":"2018-03-30T14:01:45","modified_gmt":"2018-03-30T14:01:45","slug":"wielki-czwartek-2018","status":"publish","type":"page","link":"http:\/\/parafiarussocice.pl\/index.php\/wielki-czwartek-2018\/","title":{"rendered":"Wielki Czwartek 2018"},"content":{"rendered":"<p>O godz. 18.oo miejscowi duszpasterze koncelebrowali Msz\u0119 Wieczerzy Pa\u0144skiej na pami\u0105tk\u0119 Ostatniej Wieczerzy, kt\u00f3r\u0105 spo\u017cy\u0142 Chrystus wraz z Aposto\u0142ami. W ten wiecz\u00f3r upami\u0119tniaj\u0105cy ustanowienie przez Jezusa sakrament\u00f3w: Eucharystii i Kap\u0142a\u0144stwa, ksi\u0119\u017ca dzi\u0119kowali za otrzymany dar kap\u0142a\u0144stwa. By\u0142 to r\u00f3wnie\u017c wa\u017cny dzie\u0144 dla S\u0142u\u017cby Liturgicznej. Pi\u0119tnastu kandydat\u00f3w na ministrant\u00f3w przywdzia\u0142o kom\u017ce. W liturgii odby\u0142 si\u0119 r\u00f3wnie\u017c obrz\u0119d obmycia n\u00f3g 12. m\u0119\u017cczyznom, b\u0119d\u0105cy przypomnieniem pokornego gestu Jezusa, wzywaj\u0105cego do czynnej mi\u0142o\u015bci braterskiej. Kap\u0142ani otrzymali \u017cyczenia i kwiaty od S\u0142u\u017cby Liturgicznej O\u0142tarza i od m\u0142odzie\u017cy z B\u0142\u0119kitnych Or\u0142\u00f3w. Liturgi\u0119 zako\u0144czy\u0142o przeniesienie Jezusa w Naj\u015bwi\u0119tszym Sakramencie do Ciemnicy.<\/p>\n<p><img loading=\"lazy\" class=\"size-medium wp-image-896 alignleft\" src=\"http:\/\/parafiarussocice.pl\/wp-content\/uploads\/2018\/03\/Wielki-Czwartek-001-300x225.jpg\" alt=\"\" width=\"300\" height=\"225\" srcset=\"http:\/\/parafiarussocice.pl\/wp-content\/uploads\/2018\/03\/Wielki-Czwartek-001-300x225.jpg 300w, http:\/\/parafiarussocice.pl\/wp-content\/uploads\/2018\/03\/Wielki-Czwartek-001-768x576.jpg 768w, http:\/\/parafiarussocice.pl\/wp-content\/uploads\/2018\/03\/Wielki-Czwartek-001-1024x768.jpg 1024w\" sizes=\"(max-width: 300px) 100vw, 300px\" \/><img loading=\"lazy\" class=\"size-medium wp-image-897 alignleft\" src=\"http:\/\/parafiarussocice.pl\/wp-content\/uploads\/2018\/03\/Wielki-Czwartek-002-300x225.jpg\" alt=\"\" width=\"300\" height=\"225\" srcset=\"http:\/\/parafiarussocice.pl\/wp-content\/uploads\/2018\/03\/Wielki-Czwartek-002-300x225.jpg 300w, http:\/\/parafiarussocice.pl\/wp-content\/uploads\/2018\/03\/Wielki-Czwartek-002-768x576.jpg 768w, http:\/\/parafiarussocice.pl\/wp-content\/uploads\/2018\/03\/Wielki-Czwartek-002-1024x768.jpg 1024w\" sizes=\"(max-width: 300px) 100vw, 300px\" \/><img loading=\"lazy\" class=\"size-medium wp-image-898 alignleft\" src=\"http:\/\/parafiarussocice.pl\/wp-content\/uploads\/2018\/03\/Wielki-Czwartek-003-300x225.jpg\" alt=\"\" width=\"300\" height=\"225\" srcset=\"http:\/\/parafiarussocice.pl\/wp-content\/uploads\/2018\/03\/Wielki-Czwartek-003-300x225.jpg 300w, http:\/\/parafiarussocice.pl\/wp-content\/uploads\/2018\/03\/Wielki-Czwartek-003-768x576.jpg 768w, http:\/\/parafiarussocice.pl\/wp-content\/uploads\/2018\/03\/Wielki-Czwartek-003-1024x768.jpg 1024w\" sizes=\"(max-width: 300px) 100vw, 300px\" \/><img loading=\"lazy\" class=\"size-medium wp-image-899 alignleft\" src=\"http:\/\/parafiarussocice.pl\/wp-content\/uploads\/2018\/03\/Wielki-Czwartek-004-300x225.jpg\" alt=\"\" width=\"300\" height=\"225\" srcset=\"http:\/\/parafiarussocice.pl\/wp-content\/uploads\/2018\/03\/Wielki-Czwartek-004-300x225.jpg 300w, http:\/\/parafiarussocice.pl\/wp-content\/uploads\/2018\/03\/Wielki-Czwartek-004-768x576.jpg 768w, http:\/\/parafiarussocice.pl\/wp-content\/uploads\/2018\/03\/Wielki-Czwartek-004-1024x768.jpg 1024w\" sizes=\"(max-width: 300px) 100vw, 300px\" \/><img loading=\"lazy\" class=\"size-medium wp-image-900 alignleft\" src=\"http:\/\/parafiarussocice.pl\/wp-content\/uploads\/2018\/03\/Wielki-Czwartek-005-300x225.jpg\" alt=\"\" width=\"300\" height=\"225\" srcset=\"http:\/\/parafiarussocice.pl\/wp-content\/uploads\/2018\/03\/Wielki-Czwartek-005-300x225.jpg 300w, http:\/\/parafiarussocice.pl\/wp-content\/uploads\/2018\/03\/Wielki-Czwartek-005-768x576.jpg 768w, http:\/\/parafiarussocice.pl\/wp-content\/uploads\/2018\/03\/Wielki-Czwartek-005-1024x768.jpg 1024w\" sizes=\"(max-width: 300px) 100vw, 300px\" \/><img loading=\"lazy\" class=\"size-medium wp-image-914 alignleft\" src=\"http:\/\/parafiarussocice.pl\/wp-content\/uploads\/2018\/03\/Wielki-Czwartek-007-300x225.jpg\" alt=\"\" width=\"300\" height=\"225\" srcset=\"http:\/\/parafiarussocice.pl\/wp-content\/uploads\/2018\/03\/Wielki-Czwartek-007-300x225.jpg 300w, http:\/\/parafiarussocice.pl\/wp-content\/uploads\/2018\/03\/Wielki-Czwartek-007-768x576.jpg 768w, http:\/\/parafiarussocice.pl\/wp-content\/uploads\/2018\/03\/Wielki-Czwartek-007-1024x768.jpg 1024w\" sizes=\"(max-width: 300px) 100vw, 300px\" \/><img loading=\"lazy\" class=\"size-medium wp-image-901 alignleft\" src=\"http:\/\/parafiarussocice.pl\/wp-content\/uploads\/2018\/03\/Wielki-Czwartek-006-300x225.jpg\" alt=\"\" width=\"300\" height=\"225\" srcset=\"http:\/\/parafiarussocice.pl\/wp-content\/uploads\/2018\/03\/Wielki-Czwartek-006-300x225.jpg 300w, http:\/\/parafiarussocice.pl\/wp-content\/uploads\/2018\/03\/Wielki-Czwartek-006-768x576.jpg 768w, http:\/\/parafiarussocice.pl\/wp-content\/uploads\/2018\/03\/Wielki-Czwartek-006-1024x768.jpg 1024w\" sizes=\"(max-width: 300px) 100vw, 300px\" \/><img loading=\"lazy\" class=\"size-medium wp-image-903 alignleft\" src=\"http:\/\/parafiarussocice.pl\/wp-content\/uploads\/2018\/03\/Wielki-Czwartek-008-300x225.jpg\" alt=\"\" width=\"300\" height=\"225\" srcset=\"http:\/\/parafiarussocice.pl\/wp-content\/uploads\/2018\/03\/Wielki-Czwartek-008-300x225.jpg 300w, http:\/\/parafiarussocice.pl\/wp-content\/uploads\/2018\/03\/Wielki-Czwartek-008-768x576.jpg 768w, http:\/\/parafiarussocice.pl\/wp-content\/uploads\/2018\/03\/Wielki-Czwartek-008-1024x768.jpg 1024w\" sizes=\"(max-width: 300px) 100vw, 300px\" \/><img loading=\"lazy\" class=\"size-medium wp-image-904 alignleft\" src=\"http:\/\/parafiarussocice.pl\/wp-content\/uploads\/2018\/03\/Wielki-Czwartek-009-300x225.jpg\" alt=\"\" width=\"300\" height=\"225\" srcset=\"http:\/\/parafiarussocice.pl\/wp-content\/uploads\/2018\/03\/Wielki-Czwartek-009-300x225.jpg 300w, http:\/\/parafiarussocice.pl\/wp-content\/uploads\/2018\/03\/Wielki-Czwartek-009-768x576.jpg 768w, http:\/\/parafiarussocice.pl\/wp-content\/uploads\/2018\/03\/Wielki-Czwartek-009-1024x768.jpg 1024w\" sizes=\"(max-width: 300px) 100vw, 300px\" \/><img loading=\"lazy\" class=\"size-medium wp-image-905 alignleft\" src=\"http:\/\/parafiarussocice.pl\/wp-content\/uploads\/2018\/03\/Wielki-Czwartek-010-300x225.jpg\" alt=\"\" width=\"300\" height=\"225\" srcset=\"http:\/\/parafiarussocice.pl\/wp-content\/uploads\/2018\/03\/Wielki-Czwartek-010-300x225.jpg 300w, http:\/\/parafiarussocice.pl\/wp-content\/uploads\/2018\/03\/Wielki-Czwartek-010-768x576.jpg 768w, http:\/\/parafiarussocice.pl\/wp-content\/uploads\/2018\/03\/Wielki-Czwartek-010-1024x768.jpg 1024w\" sizes=\"(max-width: 300px) 100vw, 300px\" \/><\/p>\n","protected":false},"excerpt":{"rendered":"<p>O godz. 18.oo miejscowi duszpasterze koncelebrowali Msz\u0119 Wieczerzy Pa\u0144skiej na pami\u0105tk\u0119 Ostatniej Wieczerzy, kt\u00f3r\u0105 spo\u017cy\u0142 Chrystus wraz z Aposto\u0142ami. W ten wiecz\u00f3r upami\u0119tniaj\u0105cy ustanowienie przez Jezusa sakrament\u00f3w: Eucharystii i Kap\u0142a\u0144stwa, ksi\u0119\u017ca dzi\u0119kowali za otrzymany dar kap\u0142a\u0144stwa. By\u0142 to r\u00f3wnie\u017c wa\u017cny dzie\u0144 dla S\u0142u\u017cby Liturgicznej. Pi\u0119tnastu kandydat\u00f3w na ministrant\u00f3w przywdzia\u0142o kom\u017ce. W liturgii odby\u0142 si\u0119 r\u00f3wnie\u017c &hellip; <a href=\"http:\/\/parafiarussocice.pl\/index.php\/wielki-czwartek-2018\/\" class=\"more-link\">Czytaj dalej <span class=\"screen-reader-text\">Wielki Czwartek 2018<\/span><\/a><\/p>\n","protected":false},"author":1,"featured_media":914,"parent":0,"menu_order":0,"comment_status":"closed","ping_status":"closed","template":"","meta":{"ngg_post_thumbnail":0},"_links":{"self":[{"href":"http:\/\/parafiarussocice.pl\/index.php\/wp-json\/wp\/v2\/pages\/895"}],"collection":[{"href":"http:\/\/parafiarussocice.pl\/index.php\/wp-json\/wp\/v2\/pages"}],"about":[{"href":"http:\/\/parafiarussocice.pl\/index.php\/wp-json\/wp\/v2\/types\/page"}],"author":[{"embeddable":true,"href":"http:\/\/parafiarussocice.pl\/index.php\/wp-json\/wp\/v2\/users\/1"}],"replies":[{"embeddable":true,"href":"http:\/\/parafiarussocice.pl\/index.php\/wp-json\/wp\/v2\/comments?post=895"}],"version-history":[{"count":4,"href":"http:\/\/parafiarussocice.pl\/index.php\/wp-json\/wp\/v2\/pages\/895\/revisions"}],"predecessor-version":[{"id":918,"href":"http:\/\/parafiarussocice.pl\/index.php\/wp-json\/wp\/v2\/pages\/895\/revisions\/918"}],"wp:featuredmedia":[{"embeddable":true,"href":"http:\/\/parafiarussocice.pl\/index.php\/wp-json\/wp\/v2\/media\/914"}],"wp:attachment":[{"href":"http:\/\/parafiarussocice.pl\/index.php\/wp-json\/wp\/v2\/media?parent=895"}],"curies":[{"name":"wp","href":"https:\/\/api.w.org\/{rel}","templated":true}]}}