{"id":851,"date":"2018-03-27T06:31:36","date_gmt":"2018-03-27T06:31:36","guid":{"rendered":"http:\/\/parafiarussocice.pl\/?page_id=851"},"modified":"2018-03-27T06:31:54","modified_gmt":"2018-03-27T06:31:54","slug":"droga-krzyzowa-2018","status":"publish","type":"page","link":"http:\/\/parafiarussocice.pl\/index.php\/droga-krzyzowa-2018\/","title":{"rendered":"Droga krzy\u017cowa 2018"},"content":{"rendered":"<p>W pi\u0105tek, 23 marca, odbyli\u015bmy Drog\u0119 krzy\u017cow\u0105 wok\u00f3\u0142 Rynku we W\u0142adys\u0142awowie.<\/p>\n<p><img loading=\"lazy\" class=\"size-medium wp-image-852 alignleft\" src=\"http:\/\/parafiarussocice.pl\/wp-content\/uploads\/2018\/03\/29514488_425199917942464_923077881_o-300x169.jpg\" alt=\"\" width=\"300\" height=\"169\" srcset=\"http:\/\/parafiarussocice.pl\/wp-content\/uploads\/2018\/03\/29514488_425199917942464_923077881_o-300x169.jpg 300w, http:\/\/parafiarussocice.pl\/wp-content\/uploads\/2018\/03\/29514488_425199917942464_923077881_o-768x432.jpg 768w, http:\/\/parafiarussocice.pl\/wp-content\/uploads\/2018\/03\/29514488_425199917942464_923077881_o-1024x576.jpg 1024w, http:\/\/parafiarussocice.pl\/wp-content\/uploads\/2018\/03\/29514488_425199917942464_923077881_o.jpg 2048w\" sizes=\"(max-width: 300px) 100vw, 300px\" \/><img loading=\"lazy\" class=\"size-medium wp-image-853 alignleft\" src=\"http:\/\/parafiarussocice.pl\/wp-content\/uploads\/2018\/03\/29526789_425201384608984_777075585_o-300x169.jpg\" alt=\"\" width=\"300\" height=\"169\" srcset=\"http:\/\/parafiarussocice.pl\/wp-content\/uploads\/2018\/03\/29526789_425201384608984_777075585_o-300x169.jpg 300w, http:\/\/parafiarussocice.pl\/wp-content\/uploads\/2018\/03\/29526789_425201384608984_777075585_o-768x432.jpg 768w, http:\/\/parafiarussocice.pl\/wp-content\/uploads\/2018\/03\/29526789_425201384608984_777075585_o-1024x576.jpg 1024w, http:\/\/parafiarussocice.pl\/wp-content\/uploads\/2018\/03\/29526789_425201384608984_777075585_o.jpg 2048w\" sizes=\"(max-width: 300px) 100vw, 300px\" \/><img loading=\"lazy\" class=\"size-medium wp-image-854 alignleft\" src=\"http:\/\/parafiarussocice.pl\/wp-content\/uploads\/2018\/03\/29526800_425199204609202_1237730250_o-300x169.jpg\" alt=\"\" width=\"300\" height=\"169\" srcset=\"http:\/\/parafiarussocice.pl\/wp-content\/uploads\/2018\/03\/29526800_425199204609202_1237730250_o-300x169.jpg 300w, http:\/\/parafiarussocice.pl\/wp-content\/uploads\/2018\/03\/29526800_425199204609202_1237730250_o-768x432.jpg 768w, http:\/\/parafiarussocice.pl\/wp-content\/uploads\/2018\/03\/29526800_425199204609202_1237730250_o-1024x576.jpg 1024w, http:\/\/parafiarussocice.pl\/wp-content\/uploads\/2018\/03\/29526800_425199204609202_1237730250_o.jpg 2048w\" sizes=\"(max-width: 300px) 100vw, 300px\" \/><img loading=\"lazy\" class=\"size-medium wp-image-855 alignleft\" src=\"http:\/\/parafiarussocice.pl\/wp-content\/uploads\/2018\/03\/29527344_425199257942530_1294716409_o-300x169.jpg\" alt=\"\" width=\"300\" height=\"169\" srcset=\"http:\/\/parafiarussocice.pl\/wp-content\/uploads\/2018\/03\/29527344_425199257942530_1294716409_o-300x169.jpg 300w, http:\/\/parafiarussocice.pl\/wp-content\/uploads\/2018\/03\/29527344_425199257942530_1294716409_o-768x432.jpg 768w, http:\/\/parafiarussocice.pl\/wp-content\/uploads\/2018\/03\/29527344_425199257942530_1294716409_o-1024x576.jpg 1024w, http:\/\/parafiarussocice.pl\/wp-content\/uploads\/2018\/03\/29527344_425199257942530_1294716409_o.jpg 2048w\" sizes=\"(max-width: 300px) 100vw, 300px\" \/><\/p>\n<p><img loading=\"lazy\" class=\"size-medium wp-image-856 aligncenter\" src=\"http:\/\/parafiarussocice.pl\/wp-content\/uploads\/2018\/03\/29527599_425201317942324_213319838_o-300x169.jpg\" alt=\"\" width=\"300\" height=\"169\" srcset=\"http:\/\/parafiarussocice.pl\/wp-content\/uploads\/2018\/03\/29527599_425201317942324_213319838_o-300x169.jpg 300w, http:\/\/parafiarussocice.pl\/wp-content\/uploads\/2018\/03\/29527599_425201317942324_213319838_o-768x432.jpg 768w, http:\/\/parafiarussocice.pl\/wp-content\/uploads\/2018\/03\/29527599_425201317942324_213319838_o-1024x576.jpg 1024w, http:\/\/parafiarussocice.pl\/wp-content\/uploads\/2018\/03\/29527599_425201317942324_213319838_o.jpg 2048w\" sizes=\"(max-width: 300px) 100vw, 300px\" \/><\/p>\n<p><img loading=\"lazy\" class=\"size-medium wp-image-857 alignleft\" src=\"http:\/\/parafiarussocice.pl\/wp-content\/uploads\/2018\/03\/29632811_425199421275847_978324410_o-300x169.jpg\" alt=\"\" width=\"300\" height=\"169\" srcset=\"http:\/\/parafiarussocice.pl\/wp-content\/uploads\/2018\/03\/29632811_425199421275847_978324410_o-300x169.jpg 300w, http:\/\/parafiarussocice.pl\/wp-content\/uploads\/2018\/03\/29632811_425199421275847_978324410_o-768x432.jpg 768w, http:\/\/parafiarussocice.pl\/wp-content\/uploads\/2018\/03\/29632811_425199421275847_978324410_o-1024x576.jpg 1024w, http:\/\/parafiarussocice.pl\/wp-content\/uploads\/2018\/03\/29632811_425199421275847_978324410_o.jpg 2048w\" sizes=\"(max-width: 300px) 100vw, 300px\" \/><img loading=\"lazy\" class=\"size-medium wp-image-858 alignleft\" src=\"http:\/\/parafiarussocice.pl\/wp-content\/uploads\/2018\/03\/29633025_425199347942521_331088890_o-300x169.jpg\" alt=\"\" width=\"300\" height=\"169\" srcset=\"http:\/\/parafiarussocice.pl\/wp-content\/uploads\/2018\/03\/29633025_425199347942521_331088890_o-300x169.jpg 300w, http:\/\/parafiarussocice.pl\/wp-content\/uploads\/2018\/03\/29633025_425199347942521_331088890_o-768x432.jpg 768w, http:\/\/parafiarussocice.pl\/wp-content\/uploads\/2018\/03\/29633025_425199347942521_331088890_o-1024x576.jpg 1024w, http:\/\/parafiarussocice.pl\/wp-content\/uploads\/2018\/03\/29633025_425199347942521_331088890_o.jpg 2048w\" sizes=\"(max-width: 300px) 100vw, 300px\" \/><img loading=\"lazy\" class=\"size-medium wp-image-859 alignleft\" src=\"http:\/\/parafiarussocice.pl\/wp-content\/uploads\/2018\/03\/29633712_425201261275663_1178160235_o-2-300x169.jpg\" alt=\"\" width=\"300\" height=\"169\" srcset=\"http:\/\/parafiarussocice.pl\/wp-content\/uploads\/2018\/03\/29633712_425201261275663_1178160235_o-2-300x169.jpg 300w, http:\/\/parafiarussocice.pl\/wp-content\/uploads\/2018\/03\/29633712_425201261275663_1178160235_o-2-768x432.jpg 768w, http:\/\/parafiarussocice.pl\/wp-content\/uploads\/2018\/03\/29633712_425201261275663_1178160235_o-2-1024x576.jpg 1024w, http:\/\/parafiarussocice.pl\/wp-content\/uploads\/2018\/03\/29633712_425201261275663_1178160235_o-2.jpg 2048w\" sizes=\"(max-width: 300px) 100vw, 300px\" \/><img loading=\"lazy\" class=\"size-medium wp-image-860 alignleft\" src=\"http:\/\/parafiarussocice.pl\/wp-content\/uploads\/2018\/03\/29633772_425199704609152_1289487406_o-300x169.jpg\" alt=\"\" width=\"300\" height=\"169\" srcset=\"http:\/\/parafiarussocice.pl\/wp-content\/uploads\/2018\/03\/29633772_425199704609152_1289487406_o-300x169.jpg 300w, http:\/\/parafiarussocice.pl\/wp-content\/uploads\/2018\/03\/29633772_425199704609152_1289487406_o-768x432.jpg 768w, http:\/\/parafiarussocice.pl\/wp-content\/uploads\/2018\/03\/29633772_425199704609152_1289487406_o-1024x576.jpg 1024w, http:\/\/parafiarussocice.pl\/wp-content\/uploads\/2018\/03\/29633772_425199704609152_1289487406_o.jpg 2048w\" sizes=\"(max-width: 300px) 100vw, 300px\" \/><img loading=\"lazy\" class=\"size-medium wp-image-861 alignleft\" src=\"http:\/\/parafiarussocice.pl\/wp-content\/uploads\/2018\/03\/29634545_425199607942495_149626979_o-1-300x169.jpg\" alt=\"\" width=\"300\" height=\"169\" srcset=\"http:\/\/parafiarussocice.pl\/wp-content\/uploads\/2018\/03\/29634545_425199607942495_149626979_o-1-300x169.jpg 300w, http:\/\/parafiarussocice.pl\/wp-content\/uploads\/2018\/03\/29634545_425199607942495_149626979_o-1-768x432.jpg 768w, http:\/\/parafiarussocice.pl\/wp-content\/uploads\/2018\/03\/29634545_425199607942495_149626979_o-1-1024x576.jpg 1024w, http:\/\/parafiarussocice.pl\/wp-content\/uploads\/2018\/03\/29634545_425199607942495_149626979_o-1.jpg 2048w\" sizes=\"(max-width: 300px) 100vw, 300px\" \/><img loading=\"lazy\" class=\"size-medium wp-image-862 alignleft\" src=\"http:\/\/parafiarussocice.pl\/wp-content\/uploads\/2018\/03\/29634865_425199664609156_602698341_o-300x169.jpg\" alt=\"\" width=\"300\" height=\"169\" srcset=\"http:\/\/parafiarussocice.pl\/wp-content\/uploads\/2018\/03\/29634865_425199664609156_602698341_o-300x169.jpg 300w, http:\/\/parafiarussocice.pl\/wp-content\/uploads\/2018\/03\/29634865_425199664609156_602698341_o-768x432.jpg 768w, http:\/\/parafiarussocice.pl\/wp-content\/uploads\/2018\/03\/29634865_425199664609156_602698341_o-1024x576.jpg 1024w, http:\/\/parafiarussocice.pl\/wp-content\/uploads\/2018\/03\/29634865_425199664609156_602698341_o.jpg 2048w\" sizes=\"(max-width: 300px) 100vw, 300px\" \/><img loading=\"lazy\" class=\"size-medium wp-image-863 alignleft\" src=\"http:\/\/parafiarussocice.pl\/wp-content\/uploads\/2018\/03\/29681217_425201227942333_637769378_o-300x169.jpg\" alt=\"\" width=\"300\" height=\"169\" srcset=\"http:\/\/parafiarussocice.pl\/wp-content\/uploads\/2018\/03\/29681217_425201227942333_637769378_o-300x169.jpg 300w, http:\/\/parafiarussocice.pl\/wp-content\/uploads\/2018\/03\/29681217_425201227942333_637769378_o-768x432.jpg 768w, http:\/\/parafiarussocice.pl\/wp-content\/uploads\/2018\/03\/29681217_425201227942333_637769378_o-1024x576.jpg 1024w, http:\/\/parafiarussocice.pl\/wp-content\/uploads\/2018\/03\/29681217_425201227942333_637769378_o.jpg 2048w\" sizes=\"(max-width: 300px) 100vw, 300px\" \/><img loading=\"lazy\" class=\"size-medium wp-image-864 alignleft\" src=\"http:\/\/parafiarussocice.pl\/wp-content\/uploads\/2018\/03\/29693682_425199544609168_1624253230_o-300x169.jpg\" alt=\"\" width=\"300\" height=\"169\" srcset=\"http:\/\/parafiarussocice.pl\/wp-content\/uploads\/2018\/03\/29693682_425199544609168_1624253230_o-300x169.jpg 300w, http:\/\/parafiarussocice.pl\/wp-content\/uploads\/2018\/03\/29693682_425199544609168_1624253230_o-768x432.jpg 768w, http:\/\/parafiarussocice.pl\/wp-content\/uploads\/2018\/03\/29693682_425199544609168_1624253230_o-1024x576.jpg 1024w, http:\/\/parafiarussocice.pl\/wp-content\/uploads\/2018\/03\/29693682_425199544609168_1624253230_o.jpg 2048w\" sizes=\"(max-width: 300px) 100vw, 300px\" \/><img loading=\"lazy\" class=\"alignnone size-medium wp-image-865\" src=\"http:\/\/parafiarussocice.pl\/wp-content\/uploads\/2018\/03\/29693814_425199487942507_2082922451_o-300x169.jpg\" alt=\"\" width=\"300\" height=\"169\" srcset=\"http:\/\/parafiarussocice.pl\/wp-content\/uploads\/2018\/03\/29693814_425199487942507_2082922451_o-300x169.jpg 300w, http:\/\/parafiarussocice.pl\/wp-content\/uploads\/2018\/03\/29693814_425199487942507_2082922451_o-768x432.jpg 768w, http:\/\/parafiarussocice.pl\/wp-content\/uploads\/2018\/03\/29693814_425199487942507_2082922451_o-1024x576.jpg 1024w, http:\/\/parafiarussocice.pl\/wp-content\/uploads\/2018\/03\/29693814_425199487942507_2082922451_o.jpg 2048w\" sizes=\"(max-width: 300px) 100vw, 300px\" \/><\/p>\n","protected":false},"excerpt":{"rendered":"<p>W pi\u0105tek, 23 marca, odbyli\u015bmy Drog\u0119 krzy\u017cow\u0105 wok\u00f3\u0142 Rynku we W\u0142adys\u0142awowie.<\/p>\n","protected":false},"author":1,"featured_media":0,"parent":0,"menu_order":0,"comment_status":"closed","ping_status":"closed","template":"","meta":{"ngg_post_thumbnail":0},"_links":{"self":[{"href":"http:\/\/parafiarussocice.pl\/index.php\/wp-json\/wp\/v2\/pages\/851"}],"collection":[{"href":"http:\/\/parafiarussocice.pl\/index.php\/wp-json\/wp\/v2\/pages"}],"about":[{"href":"http:\/\/parafiarussocice.pl\/index.php\/wp-json\/wp\/v2\/types\/page"}],"author":[{"embeddable":true,"href":"http:\/\/parafiarussocice.pl\/index.php\/wp-json\/wp\/v2\/users\/1"}],"replies":[{"embeddable":true,"href":"http:\/\/parafiarussocice.pl\/index.php\/wp-json\/wp\/v2\/comments?post=851"}],"version-history":[{"count":2,"href":"http:\/\/parafiarussocice.pl\/index.php\/wp-json\/wp\/v2\/pages\/851\/revisions"}],"predecessor-version":[{"id":869,"href":"http:\/\/parafiarussocice.pl\/index.php\/wp-json\/wp\/v2\/pages\/851\/revisions\/869"}],"wp:attachment":[{"href":"http:\/\/parafiarussocice.pl\/index.php\/wp-json\/wp\/v2\/media?parent=851"}],"curies":[{"name":"wp","href":"https:\/\/api.w.org\/{rel}","templated":true}]}}