{"id":8393,"date":"2025-07-16T07:03:57","date_gmt":"2025-07-16T07:03:57","guid":{"rendered":"http:\/\/parafiarussocice.pl\/?page_id=8393"},"modified":"2025-07-16T07:03:57","modified_gmt":"2025-07-16T07:03:57","slug":"standardy-ochrony-dzieci-w-duszpasterstwie-parafii-sw-michala-archaniola-w-russocicach","status":"publish","type":"page","link":"http:\/\/parafiarussocice.pl\/index.php\/standardy-ochrony-dzieci-w-duszpasterstwie-parafii-sw-michala-archaniola-w-russocicach\/","title":{"rendered":"Standardy ochrony dzieci  w duszpasterstwie parafii \u015bw. Micha\u0142a Archanio\u0142a  w Russocicach"},"content":{"rendered":"<p><a href=\"http:\/\/parafiarussocice.pl\/wp-content\/uploads\/2025\/07\/Standardy_ochrony_dzieci.pdf\">Standardy_ochrony_dzieci<\/a>.pdf<\/p>\n","protected":false},"excerpt":{"rendered":"<p>Standardy_ochrony_dzieci.pdf<\/p>\n","protected":false},"author":1,"featured_media":0,"parent":0,"menu_order":0,"comment_status":"closed","ping_status":"closed","template":"","meta":{"ngg_post_thumbnail":0},"_links":{"self":[{"href":"http:\/\/parafiarussocice.pl\/index.php\/wp-json\/wp\/v2\/pages\/8393"}],"collection":[{"href":"http:\/\/parafiarussocice.pl\/index.php\/wp-json\/wp\/v2\/pages"}],"about":[{"href":"http:\/\/parafiarussocice.pl\/index.php\/wp-json\/wp\/v2\/types\/page"}],"author":[{"embeddable":true,"href":"http:\/\/parafiarussocice.pl\/index.php\/wp-json\/wp\/v2\/users\/1"}],"replies":[{"embeddable":true,"href":"http:\/\/parafiarussocice.pl\/index.php\/wp-json\/wp\/v2\/comments?post=8393"}],"version-history":[{"count":1,"href":"http:\/\/parafiarussocice.pl\/index.php\/wp-json\/wp\/v2\/pages\/8393\/revisions"}],"predecessor-version":[{"id":8397,"href":"http:\/\/parafiarussocice.pl\/index.php\/wp-json\/wp\/v2\/pages\/8393\/revisions\/8397"}],"wp:attachment":[{"href":"http:\/\/parafiarussocice.pl\/index.php\/wp-json\/wp\/v2\/media?parent=8393"}],"curies":[{"name":"wp","href":"https:\/\/api.w.org\/{rel}","templated":true}]}}