{"id":7815,"date":"2024-01-04T12:02:10","date_gmt":"2024-01-04T12:02:10","guid":{"rendered":"http:\/\/parafiarussocice.pl\/?page_id=7815"},"modified":"2024-01-04T12:07:01","modified_gmt":"2024-01-04T12:07:01","slug":"boze-narodzenie","status":"publish","type":"page","link":"http:\/\/parafiarussocice.pl\/index.php\/boze-narodzenie\/","title":{"rendered":"Bo\u017ce Narodzenie"},"content":{"rendered":"<p><strong>Bo\u017ce Narodzenie, 25 grudnia 2023<\/strong><\/p>\n<h3 style=\"text-align: center;\">Radujmy si\u0119 wszyscy w Panu,<br \/>\ndzisiaj narodzi\u0142 si\u0119 nam Zbawiciel.<br \/>\nDzisiaj prawdziwy pok\u00f3j<br \/>\nzst\u0105pi\u0142 z nieba na ziemi\u0119.<\/h3>\n<p>&nbsp;<\/p>\n<!-- default-view.php -->\n<div\n\tclass=\"ngg-galleryoverview default-view \"\n\tid=\"ngg-gallery-5eebcb26831bdf012a7ece6b12cf50de-1\">\n\n\t\t<!-- Thumbnails -->\n\t\t\t\t<div id=\"ngg-image-0\" class=\"ngg-gallery-thumbnail-box \" >\n\t\t\t\t        <div class=\"ngg-gallery-thumbnail\">\n            <a href=\"http:\/\/parafiarussocice.pl\/wp-content\/gallery\/boze-narodzenie-2024\/413834448_765462205612335_7030647298021078024_n.jpg\"\n               title=\"\"\n               data-src=\"http:\/\/parafiarussocice.pl\/wp-content\/gallery\/boze-narodzenie-2024\/413834448_765462205612335_7030647298021078024_n.jpg\"\n               data-thumbnail=\"http:\/\/parafiarussocice.pl\/wp-content\/gallery\/boze-narodzenie-2024\/thumbs\/thumbs_413834448_765462205612335_7030647298021078024_n.jpg\"\n               data-image-id=\"1914\"\n               data-title=\"413834448_765462205612335_7030647298021078024_n\"\n               data-description=\"\"\n               data-image-slug=\"413834448_765462205612335_7030647298021078024_n\"\n               class=\"ngg-simplelightbox\" rel=\"5eebcb26831bdf012a7ece6b12cf50de\">\n                <img\n                    title=\"413834448_765462205612335_7030647298021078024_n\"\n                    alt=\"413834448_765462205612335_7030647298021078024_n\"\n                    src=\"http:\/\/parafiarussocice.pl\/wp-content\/gallery\/boze-narodzenie-2024\/thumbs\/thumbs_413834448_765462205612335_7030647298021078024_n.jpg\"\n                    width=\"213\"\n                    height=\"160\"\n                    style=\"max-width:100%;\"\n                \/>\n            <\/a>\n        <\/div>\n\t\t\t\t\t\t\t<\/div> \n\t\t\t\n\t\t\t\t<div id=\"ngg-image-1\" class=\"ngg-gallery-thumbnail-box \" >\n\t\t\t\t        <div class=\"ngg-gallery-thumbnail\">\n            <a href=\"http:\/\/parafiarussocice.pl\/wp-content\/gallery\/boze-narodzenie-2024\/413922429_765461992279023_1059070690425969259_n.jpg\"\n               title=\"\"\n               data-src=\"http:\/\/parafiarussocice.pl\/wp-content\/gallery\/boze-narodzenie-2024\/413922429_765461992279023_1059070690425969259_n.jpg\"\n               data-thumbnail=\"http:\/\/parafiarussocice.pl\/wp-content\/gallery\/boze-narodzenie-2024\/thumbs\/thumbs_413922429_765461992279023_1059070690425969259_n.jpg\"\n               data-image-id=\"1913\"\n               data-title=\"413922429_765461992279023_1059070690425969259_n\"\n               data-description=\"\"\n               data-image-slug=\"413922429_765461992279023_1059070690425969259_n\"\n               class=\"ngg-simplelightbox\" rel=\"5eebcb26831bdf012a7ece6b12cf50de\">\n                <img\n                    title=\"413922429_765461992279023_1059070690425969259_n\"\n                    alt=\"413922429_765461992279023_1059070690425969259_n\"\n                    src=\"http:\/\/parafiarussocice.pl\/wp-content\/gallery\/boze-narodzenie-2024\/thumbs\/thumbs_413922429_765461992279023_1059070690425969259_n.jpg\"\n                    width=\"213\"\n                    height=\"160\"\n                    style=\"max-width:100%;\"\n                \/>\n            <\/a>\n        <\/div>\n\t\t\t\t\t\t\t<\/div> \n\t\t\t\n\t\t\t\t<div id=\"ngg-image-2\" class=\"ngg-gallery-thumbnail-box \" >\n\t\t\t\t        <div class=\"ngg-gallery-thumbnail\">\n            <a href=\"http:\/\/parafiarussocice.pl\/wp-content\/gallery\/boze-narodzenie-2024\/413931802_765462235612332_3694795381947427340_n.jpg\"\n               title=\"\"\n               data-src=\"http:\/\/parafiarussocice.pl\/wp-content\/gallery\/boze-narodzenie-2024\/413931802_765462235612332_3694795381947427340_n.jpg\"\n               data-thumbnail=\"http:\/\/parafiarussocice.pl\/wp-content\/gallery\/boze-narodzenie-2024\/thumbs\/thumbs_413931802_765462235612332_3694795381947427340_n.jpg\"\n               data-image-id=\"1911\"\n               data-title=\"413931802_765462235612332_3694795381947427340_n\"\n               data-description=\"\"\n               data-image-slug=\"413931802_765462235612332_3694795381947427340_n\"\n               class=\"ngg-simplelightbox\" rel=\"5eebcb26831bdf012a7ece6b12cf50de\">\n                <img\n                    title=\"413931802_765462235612332_3694795381947427340_n\"\n                    alt=\"413931802_765462235612332_3694795381947427340_n\"\n                    src=\"http:\/\/parafiarussocice.pl\/wp-content\/gallery\/boze-narodzenie-2024\/thumbs\/thumbs_413931802_765462235612332_3694795381947427340_n.jpg\"\n                    width=\"213\"\n                    height=\"160\"\n                    style=\"max-width:100%;\"\n                \/>\n            <\/a>\n        <\/div>\n\t\t\t\t\t\t\t<\/div> \n\t\t\t\n\t\t\t\t<div id=\"ngg-image-3\" class=\"ngg-gallery-thumbnail-box \" >\n\t\t\t\t        <div class=\"ngg-gallery-thumbnail\">\n            <a href=\"http:\/\/parafiarussocice.pl\/wp-content\/gallery\/boze-narodzenie-2024\/413824006_765463048945584_8899366929486904400_n.jpg\"\n               title=\"\"\n               data-src=\"http:\/\/parafiarussocice.pl\/wp-content\/gallery\/boze-narodzenie-2024\/413824006_765463048945584_8899366929486904400_n.jpg\"\n               data-thumbnail=\"http:\/\/parafiarussocice.pl\/wp-content\/gallery\/boze-narodzenie-2024\/thumbs\/thumbs_413824006_765463048945584_8899366929486904400_n.jpg\"\n               data-image-id=\"1907\"\n               data-title=\"413824006_765463048945584_8899366929486904400_n\"\n               data-description=\"\"\n               data-image-slug=\"413824006_765463048945584_8899366929486904400_n\"\n               class=\"ngg-simplelightbox\" rel=\"5eebcb26831bdf012a7ece6b12cf50de\">\n                <img\n                    title=\"413824006_765463048945584_8899366929486904400_n\"\n                    alt=\"413824006_765463048945584_8899366929486904400_n\"\n                    src=\"http:\/\/parafiarussocice.pl\/wp-content\/gallery\/boze-narodzenie-2024\/thumbs\/thumbs_413824006_765463048945584_8899366929486904400_n.jpg\"\n                    width=\"213\"\n                    height=\"160\"\n                    style=\"max-width:100%;\"\n                \/>\n            <\/a>\n        <\/div>\n\t\t\t\t\t\t\t<\/div> \n\t\t\t\n\t\t\t\t<div id=\"ngg-image-4\" class=\"ngg-gallery-thumbnail-box \" >\n\t\t\t\t        <div class=\"ngg-gallery-thumbnail\">\n            <a href=\"http:\/\/parafiarussocice.pl\/wp-content\/gallery\/boze-narodzenie-2024\/413887848_765462455612310_9165370979413002529_n.jpg\"\n               title=\"\"\n               data-src=\"http:\/\/parafiarussocice.pl\/wp-content\/gallery\/boze-narodzenie-2024\/413887848_765462455612310_9165370979413002529_n.jpg\"\n               data-thumbnail=\"http:\/\/parafiarussocice.pl\/wp-content\/gallery\/boze-narodzenie-2024\/thumbs\/thumbs_413887848_765462455612310_9165370979413002529_n.jpg\"\n               data-image-id=\"1908\"\n               data-title=\"413887848_765462455612310_9165370979413002529_n\"\n               data-description=\"\"\n               data-image-slug=\"413887848_765462455612310_9165370979413002529_n\"\n               class=\"ngg-simplelightbox\" rel=\"5eebcb26831bdf012a7ece6b12cf50de\">\n                <img\n                    title=\"413887848_765462455612310_9165370979413002529_n\"\n                    alt=\"413887848_765462455612310_9165370979413002529_n\"\n                    src=\"http:\/\/parafiarussocice.pl\/wp-content\/gallery\/boze-narodzenie-2024\/thumbs\/thumbs_413887848_765462455612310_9165370979413002529_n.jpg\"\n                    width=\"213\"\n                    height=\"160\"\n                    style=\"max-width:100%;\"\n                \/>\n            <\/a>\n        <\/div>\n\t\t\t\t\t\t\t<\/div> \n\t\t\t\n\t\t\t\t<div id=\"ngg-image-5\" class=\"ngg-gallery-thumbnail-box \" >\n\t\t\t\t        <div class=\"ngg-gallery-thumbnail\">\n            <a href=\"http:\/\/parafiarussocice.pl\/wp-content\/gallery\/boze-narodzenie-2024\/413936678_765462678945621_844958967636349653_n.jpg\"\n               title=\"\"\n               data-src=\"http:\/\/parafiarussocice.pl\/wp-content\/gallery\/boze-narodzenie-2024\/413936678_765462678945621_844958967636349653_n.jpg\"\n               data-thumbnail=\"http:\/\/parafiarussocice.pl\/wp-content\/gallery\/boze-narodzenie-2024\/thumbs\/thumbs_413936678_765462678945621_844958967636349653_n.jpg\"\n               data-image-id=\"1909\"\n               data-title=\"413936678_765462678945621_844958967636349653_n\"\n               data-description=\"\"\n               data-image-slug=\"413936678_765462678945621_844958967636349653_n\"\n               class=\"ngg-simplelightbox\" rel=\"5eebcb26831bdf012a7ece6b12cf50de\">\n                <img\n                    title=\"413936678_765462678945621_844958967636349653_n\"\n                    alt=\"413936678_765462678945621_844958967636349653_n\"\n                    src=\"http:\/\/parafiarussocice.pl\/wp-content\/gallery\/boze-narodzenie-2024\/thumbs\/thumbs_413936678_765462678945621_844958967636349653_n.jpg\"\n                    width=\"213\"\n                    height=\"160\"\n                    style=\"max-width:100%;\"\n                \/>\n            <\/a>\n        <\/div>\n\t\t\t\t\t\t\t<\/div> \n\t\t\t\n\t\t\t\t<div id=\"ngg-image-6\" class=\"ngg-gallery-thumbnail-box \" >\n\t\t\t\t        <div class=\"ngg-gallery-thumbnail\">\n            <a href=\"http:\/\/parafiarussocice.pl\/wp-content\/gallery\/boze-narodzenie-2024\/412887832_765462795612276_1657024655609725325_n.jpg\"\n               title=\"\"\n               data-src=\"http:\/\/parafiarussocice.pl\/wp-content\/gallery\/boze-narodzenie-2024\/412887832_765462795612276_1657024655609725325_n.jpg\"\n               data-thumbnail=\"http:\/\/parafiarussocice.pl\/wp-content\/gallery\/boze-narodzenie-2024\/thumbs\/thumbs_412887832_765462795612276_1657024655609725325_n.jpg\"\n               data-image-id=\"1910\"\n               data-title=\"412887832_765462795612276_1657024655609725325_n\"\n               data-description=\"\"\n               data-image-slug=\"412887832_765462795612276_1657024655609725325_n\"\n               class=\"ngg-simplelightbox\" rel=\"5eebcb26831bdf012a7ece6b12cf50de\">\n                <img\n                    title=\"412887832_765462795612276_1657024655609725325_n\"\n                    alt=\"412887832_765462795612276_1657024655609725325_n\"\n                    src=\"http:\/\/parafiarussocice.pl\/wp-content\/gallery\/boze-narodzenie-2024\/thumbs\/thumbs_412887832_765462795612276_1657024655609725325_n.jpg\"\n                    width=\"120\"\n                    height=\"160\"\n                    style=\"max-width:100%;\"\n                \/>\n            <\/a>\n        <\/div>\n\t\t\t\t\t\t\t<\/div> \n\t\t\t\n\t\t\t\t<div id=\"ngg-image-7\" class=\"ngg-gallery-thumbnail-box \" >\n\t\t\t\t        <div class=\"ngg-gallery-thumbnail\">\n            <a href=\"http:\/\/parafiarussocice.pl\/wp-content\/gallery\/boze-narodzenie-2024\/413971560_765462338945655_1557847692834909006_n.jpg\"\n               title=\"\"\n               data-src=\"http:\/\/parafiarussocice.pl\/wp-content\/gallery\/boze-narodzenie-2024\/413971560_765462338945655_1557847692834909006_n.jpg\"\n               data-thumbnail=\"http:\/\/parafiarussocice.pl\/wp-content\/gallery\/boze-narodzenie-2024\/thumbs\/thumbs_413971560_765462338945655_1557847692834909006_n.jpg\"\n               data-image-id=\"1912\"\n               data-title=\"413971560_765462338945655_1557847692834909006_n\"\n               data-description=\"\"\n               data-image-slug=\"413971560_765462338945655_1557847692834909006_n\"\n               class=\"ngg-simplelightbox\" rel=\"5eebcb26831bdf012a7ece6b12cf50de\">\n                <img\n                    title=\"413971560_765462338945655_1557847692834909006_n\"\n                    alt=\"413971560_765462338945655_1557847692834909006_n\"\n                    src=\"http:\/\/parafiarussocice.pl\/wp-content\/gallery\/boze-narodzenie-2024\/thumbs\/thumbs_413971560_765462338945655_1557847692834909006_n.jpg\"\n                    width=\"213\"\n                    height=\"160\"\n                    style=\"max-width:100%;\"\n                \/>\n            <\/a>\n        <\/div>\n\t\t\t\t\t\t\t<\/div> \n\t\t\t\n\t\n\t<br style=\"clear: both\" \/>\n\n\t\n\t\t<!-- Pagination -->\n\t<div class='ngg-clear'><\/div>\t<\/div>\n\n","protected":false},"excerpt":{"rendered":"<p>Bo\u017ce Narodzenie, 25 grudnia 2023 Radujmy si\u0119 wszyscy w Panu, dzisiaj narodzi\u0142 si\u0119 nam Zbawiciel. Dzisiaj prawdziwy pok\u00f3j zst\u0105pi\u0142 z nieba na ziemi\u0119. &nbsp;<\/p>\n","protected":false},"author":1,"featured_media":7825,"parent":0,"menu_order":0,"comment_status":"closed","ping_status":"closed","template":"","meta":{"ngg_post_thumbnail":0},"_links":{"self":[{"href":"http:\/\/parafiarussocice.pl\/index.php\/wp-json\/wp\/v2\/pages\/7815"}],"collection":[{"href":"http:\/\/parafiarussocice.pl\/index.php\/wp-json\/wp\/v2\/pages"}],"about":[{"href":"http:\/\/parafiarussocice.pl\/index.php\/wp-json\/wp\/v2\/types\/page"}],"author":[{"embeddable":true,"href":"http:\/\/parafiarussocice.pl\/index.php\/wp-json\/wp\/v2\/users\/1"}],"replies":[{"embeddable":true,"href":"http:\/\/parafiarussocice.pl\/index.php\/wp-json\/wp\/v2\/comments?post=7815"}],"version-history":[{"count":3,"href":"http:\/\/parafiarussocice.pl\/index.php\/wp-json\/wp\/v2\/pages\/7815\/revisions"}],"predecessor-version":[{"id":7832,"href":"http:\/\/parafiarussocice.pl\/index.php\/wp-json\/wp\/v2\/pages\/7815\/revisions\/7832"}],"wp:featuredmedia":[{"embeddable":true,"href":"http:\/\/parafiarussocice.pl\/index.php\/wp-json\/wp\/v2\/media\/7825"}],"wp:attachment":[{"href":"http:\/\/parafiarussocice.pl\/index.php\/wp-json\/wp\/v2\/media?parent=7815"}],"curies":[{"name":"wp","href":"https:\/\/api.w.org\/{rel}","templated":true}]}}