{"id":77,"date":"2017-06-30T13:36:02","date_gmt":"2017-06-30T13:36:02","guid":{"rendered":"http:\/\/parafiarussocice.pl\/?page_id=77"},"modified":"2021-09-24T08:58:03","modified_gmt":"2021-09-24T08:58:03","slug":"duszpasterze","status":"publish","type":"page","link":"http:\/\/parafiarussocice.pl\/index.php\/duszpasterze\/","title":{"rendered":"Duszpasterze"},"content":{"rendered":"<h2 style=\"text-align: center;\">Proboszcz<\/h2>\n<p style=\"text-align: center;\">ks. pra\u0142. pp\u0142k Krzysztof&nbsp; Karpi\u0144ski&nbsp;<\/p>\n<h2 style=\"text-align: center;\"><strong>Wikariusz<\/strong><\/h2>\n<p style=\"text-align: center;\">ks. Marcin W\u0119ckowski<\/p>\n<p>&nbsp;<\/p>\n","protected":false},"excerpt":{"rendered":"<p>Proboszcz ks. pra\u0142. pp\u0142k Krzysztof&nbsp; Karpi\u0144ski&nbsp; Wikariusz ks. Marcin W\u0119ckowski &nbsp;<\/p>\n","protected":false},"author":1,"featured_media":0,"parent":0,"menu_order":0,"comment_status":"closed","ping_status":"closed","template":"","meta":{"ngg_post_thumbnail":0},"_links":{"self":[{"href":"http:\/\/parafiarussocice.pl\/index.php\/wp-json\/wp\/v2\/pages\/77"}],"collection":[{"href":"http:\/\/parafiarussocice.pl\/index.php\/wp-json\/wp\/v2\/pages"}],"about":[{"href":"http:\/\/parafiarussocice.pl\/index.php\/wp-json\/wp\/v2\/types\/page"}],"author":[{"embeddable":true,"href":"http:\/\/parafiarussocice.pl\/index.php\/wp-json\/wp\/v2\/users\/1"}],"replies":[{"embeddable":true,"href":"http:\/\/parafiarussocice.pl\/index.php\/wp-json\/wp\/v2\/comments?post=77"}],"version-history":[{"count":25,"href":"http:\/\/parafiarussocice.pl\/index.php\/wp-json\/wp\/v2\/pages\/77\/revisions"}],"predecessor-version":[{"id":6579,"href":"http:\/\/parafiarussocice.pl\/index.php\/wp-json\/wp\/v2\/pages\/77\/revisions\/6579"}],"wp:attachment":[{"href":"http:\/\/parafiarussocice.pl\/index.php\/wp-json\/wp\/v2\/media?parent=77"}],"curies":[{"name":"wp","href":"https:\/\/api.w.org\/{rel}","templated":true}]}}