{"id":7347,"date":"2023-02-27T07:41:18","date_gmt":"2023-02-27T07:41:18","guid":{"rendered":"http:\/\/parafiarussocice.pl\/?page_id=7347"},"modified":"2023-02-27T07:41:35","modified_gmt":"2023-02-27T07:41:35","slug":"wieczor-uwielbienia","status":"publish","type":"page","link":"http:\/\/parafiarussocice.pl\/index.php\/wieczor-uwielbienia\/","title":{"rendered":"Wiecz\u00f3r Uwielbienia"},"content":{"rendered":"<div class=\"\" dir=\"auto\">\n<div id=\"jsc_c_1r\" class=\"x1iorvi4 x1pi30zi x1swvt13 x1l90r2v\" data-ad-comet-preview=\"message\" data-ad-preview=\"message\">\n<div class=\"x78zum5 xdt5ytf xz62fqu x16ldp7u\">\n<div class=\"xu06os2 x1ok221b\">\n<div class=\"x11i5rnm xat24cr x1mh8g0r x1vvkbs xdj266r x126k92a\">\n<div dir=\"auto\" style=\"text-align: justify;\">19 II w naszym ko\u015bciele odby\u0142 si\u0119 Wiecz\u00f3r Uwielbienia. Ta wsp\u00f3lna modlitwa by\u0142a czasem g\u0142\u0119bokiego zjednoczenia z Jezusem Eucharystycznym. Czasem zanurzenia w Duchu \u015awi\u0119tym. A dzi\u0119ki <a class=\"x1i10hfl xjbqb8w x6umtig x1b1mbwd xaqea5y xav7gou x9f619 x1ypdohk xt0psk2 xe8uvvx xdj266r x11i5rnm xat24cr x1mh8g0r xexx8yu x4uap5 x18d9i69 xkhd6sd x16tdsg8 x1hl2dhg xggy1nq x1a2a7pz xt0b8zv x1qq9wsj xo1l8bm\" tabindex=\"0\" role=\"link\" href=\"https:\/\/www.facebook.com\/ekipadlajezusa?__cft__[0]=AZUx9ZEhGt1PyZ-U6kndg2UqFxMRtxo7VVNmy9049OC6aq9W94HrQCtv4ATTQieQbCuDc-kmj8M6wU4cE4zWRWLk3KcK-C63bvGEFP6CLGiBg6UNPMJasnH4T_6oo28UFc0w1zC6QNvnsYSFiqapq5Ehua8oulvhopavPEAtUHi4TANqu1UZ_8FqRaaLDVTkGVEd-IxM9KM8eKkMZUrWhOGx&amp;__tn__=-]K-R\">Ekipa dla Jezusa<\/a> z Lichenia, oprawa muzyczna jeszcze bardziej uwydatni\u0142a uczucie podnios\u0142o\u015bci chwili. \u015apiew przeplatany spontaniczn\u0105 modlitw\u0105 uwielbienia Boga oraz dzi\u0119kczynieniem za wszystko, co od Niego otrzymujemy.<\/div>\n<div dir=\"auto\" style=\"text-align: justify;\">Dzi\u0119kujemy tym, kt\u00f3rzy pomogli w organizacji tego wydarzenia oraz wszystkim uczestnikom za to, \u017ce jako wsp\u00f3lnota parafialna mogli\u015bmy do\u015bwiadczy\u0107 obecno\u015bci \u017bywego Boga po\u015br\u00f3d nas.<\/div>\n<div dir=\"auto\" style=\"text-align: justify;\">&nbsp;<\/div>\n<\/div>\n<div dir=\"auto\"><!-- default-view.php -->\n<div\n\tclass=\"ngg-galleryoverview default-view \"\n\tid=\"ngg-gallery-d68d71e28ab0561257d48f5f3635cef3-1\">\n\n\t\t<!-- Thumbnails -->\n\t\t\t\t<div id=\"ngg-image-0\" class=\"ngg-gallery-thumbnail-box \" >\n\t\t\t\t        <div class=\"ngg-gallery-thumbnail\">\n            <a href=\"http:\/\/parafiarussocice.pl\/wp-content\/gallery\/wieczor-uwielbienia\/329667839_1771282959931912_8821082718854315546_n.jpg\"\n               title=\"\"\n               data-src=\"http:\/\/parafiarussocice.pl\/wp-content\/gallery\/wieczor-uwielbienia\/329667839_1771282959931912_8821082718854315546_n.jpg\"\n               data-thumbnail=\"http:\/\/parafiarussocice.pl\/wp-content\/gallery\/wieczor-uwielbienia\/thumbs\/thumbs_329667839_1771282959931912_8821082718854315546_n.jpg\"\n               data-image-id=\"1726\"\n               data-title=\"329667839_1771282959931912_8821082718854315546_n\"\n               data-description=\"\"\n               data-image-slug=\"329667839_1771282959931912_8821082718854315546_n\"\n               class=\"ngg-simplelightbox\" rel=\"d68d71e28ab0561257d48f5f3635cef3\">\n                <img\n                    title=\"329667839_1771282959931912_8821082718854315546_n\"\n                    alt=\"329667839_1771282959931912_8821082718854315546_n\"\n                    src=\"http:\/\/parafiarussocice.pl\/wp-content\/gallery\/wieczor-uwielbienia\/thumbs\/thumbs_329667839_1771282959931912_8821082718854315546_n.jpg\"\n                    width=\"240\"\n                    height=\"160\"\n                    style=\"max-width:100%;\"\n                \/>\n            <\/a>\n        <\/div>\n\t\t\t\t\t\t\t<\/div> \n\t\t\t\n\t\t\t\t<div id=\"ngg-image-1\" class=\"ngg-gallery-thumbnail-box \" >\n\t\t\t\t        <div class=\"ngg-gallery-thumbnail\">\n            <a href=\"http:\/\/parafiarussocice.pl\/wp-content\/gallery\/wieczor-uwielbienia\/331869738_513135550760103_2672665089188178332_n.jpg\"\n               title=\"\"\n               data-src=\"http:\/\/parafiarussocice.pl\/wp-content\/gallery\/wieczor-uwielbienia\/331869738_513135550760103_2672665089188178332_n.jpg\"\n               data-thumbnail=\"http:\/\/parafiarussocice.pl\/wp-content\/gallery\/wieczor-uwielbienia\/thumbs\/thumbs_331869738_513135550760103_2672665089188178332_n.jpg\"\n               data-image-id=\"1727\"\n               data-title=\"331869738_513135550760103_2672665089188178332_n\"\n               data-description=\"\"\n               data-image-slug=\"331869738_513135550760103_2672665089188178332_n\"\n               class=\"ngg-simplelightbox\" rel=\"d68d71e28ab0561257d48f5f3635cef3\">\n                <img\n                    title=\"331869738_513135550760103_2672665089188178332_n\"\n                    alt=\"331869738_513135550760103_2672665089188178332_n\"\n                    src=\"http:\/\/parafiarussocice.pl\/wp-content\/gallery\/wieczor-uwielbienia\/thumbs\/thumbs_331869738_513135550760103_2672665089188178332_n.jpg\"\n                    width=\"240\"\n                    height=\"160\"\n                    style=\"max-width:100%;\"\n                \/>\n            <\/a>\n        <\/div>\n\t\t\t\t\t\t\t<\/div> \n\t\t\t\n\t\t\t\t<div id=\"ngg-image-2\" class=\"ngg-gallery-thumbnail-box \" >\n\t\t\t\t        <div class=\"ngg-gallery-thumbnail\">\n            <a href=\"http:\/\/parafiarussocice.pl\/wp-content\/gallery\/wieczor-uwielbienia\/331907961_623819599554510_9006029701333093125_n.jpg\"\n               title=\"\"\n               data-src=\"http:\/\/parafiarussocice.pl\/wp-content\/gallery\/wieczor-uwielbienia\/331907961_623819599554510_9006029701333093125_n.jpg\"\n               data-thumbnail=\"http:\/\/parafiarussocice.pl\/wp-content\/gallery\/wieczor-uwielbienia\/thumbs\/thumbs_331907961_623819599554510_9006029701333093125_n.jpg\"\n               data-image-id=\"1728\"\n               data-title=\"331907961_623819599554510_9006029701333093125_n\"\n               data-description=\"\"\n               data-image-slug=\"331907961_623819599554510_9006029701333093125_n\"\n               class=\"ngg-simplelightbox\" rel=\"d68d71e28ab0561257d48f5f3635cef3\">\n                <img\n                    title=\"331907961_623819599554510_9006029701333093125_n\"\n                    alt=\"331907961_623819599554510_9006029701333093125_n\"\n                    src=\"http:\/\/parafiarussocice.pl\/wp-content\/gallery\/wieczor-uwielbienia\/thumbs\/thumbs_331907961_623819599554510_9006029701333093125_n.jpg\"\n                    width=\"240\"\n                    height=\"160\"\n                    style=\"max-width:100%;\"\n                \/>\n            <\/a>\n        <\/div>\n\t\t\t\t\t\t\t<\/div> \n\t\t\t\n\t\n\t<br style=\"clear: both\" \/>\n\n\t\n\t\t<!-- Pagination -->\n\t<div class='ngg-clear'><\/div>\t<\/div>\n<\/div>\n<\/div>\n<\/div>\n<\/div>\n<\/div>\n","protected":false},"excerpt":{"rendered":"<p>19 II w naszym ko\u015bciele odby\u0142 si\u0119 Wiecz\u00f3r Uwielbienia. Ta wsp\u00f3lna modlitwa by\u0142a czasem g\u0142\u0119bokiego zjednoczenia z Jezusem Eucharystycznym. Czasem zanurzenia w Duchu \u015awi\u0119tym. A dzi\u0119ki Ekipa dla Jezusa z Lichenia, oprawa muzyczna jeszcze bardziej uwydatni\u0142a uczucie podnios\u0142o\u015bci chwili. \u015apiew przeplatany spontaniczn\u0105 modlitw\u0105 uwielbienia Boga oraz dzi\u0119kczynieniem za wszystko, co od Niego otrzymujemy. Dzi\u0119kujemy tym, &hellip; <a href=\"http:\/\/parafiarussocice.pl\/index.php\/wieczor-uwielbienia\/\" class=\"more-link\">Czytaj dalej <span class=\"screen-reader-text\">Wiecz\u00f3r Uwielbienia<\/span><\/a><\/p>\n","protected":false},"author":1,"featured_media":7352,"parent":0,"menu_order":0,"comment_status":"closed","ping_status":"closed","template":"","meta":{"ngg_post_thumbnail":0},"_links":{"self":[{"href":"http:\/\/parafiarussocice.pl\/index.php\/wp-json\/wp\/v2\/pages\/7347"}],"collection":[{"href":"http:\/\/parafiarussocice.pl\/index.php\/wp-json\/wp\/v2\/pages"}],"about":[{"href":"http:\/\/parafiarussocice.pl\/index.php\/wp-json\/wp\/v2\/types\/page"}],"author":[{"embeddable":true,"href":"http:\/\/parafiarussocice.pl\/index.php\/wp-json\/wp\/v2\/users\/1"}],"replies":[{"embeddable":true,"href":"http:\/\/parafiarussocice.pl\/index.php\/wp-json\/wp\/v2\/comments?post=7347"}],"version-history":[{"count":2,"href":"http:\/\/parafiarussocice.pl\/index.php\/wp-json\/wp\/v2\/pages\/7347\/revisions"}],"predecessor-version":[{"id":7356,"href":"http:\/\/parafiarussocice.pl\/index.php\/wp-json\/wp\/v2\/pages\/7347\/revisions\/7356"}],"wp:featuredmedia":[{"embeddable":true,"href":"http:\/\/parafiarussocice.pl\/index.php\/wp-json\/wp\/v2\/media\/7352"}],"wp:attachment":[{"href":"http:\/\/parafiarussocice.pl\/index.php\/wp-json\/wp\/v2\/media?parent=7347"}],"curies":[{"name":"wp","href":"https:\/\/api.w.org\/{rel}","templated":true}]}}