{"id":7253,"date":"2022-11-21T08:42:42","date_gmt":"2022-11-21T08:42:42","guid":{"rendered":"http:\/\/parafiarussocice.pl\/?page_id=7253"},"modified":"2022-11-21T08:43:17","modified_gmt":"2022-11-21T08:43:17","slug":"turniej-ministrantow-w-pilke-nozna-halowa","status":"publish","type":"page","link":"http:\/\/parafiarussocice.pl\/index.php\/turniej-ministrantow-w-pilke-nozna-halowa\/","title":{"rendered":"Turniej ministrant\u00f3w w pi\u0142k\u0119 no\u017cn\u0105 halow\u0105"},"content":{"rendered":"<div id=\":1af\" class=\"a3s aiL \">\n<div style=\"text-align: justify;\">12 listopada br. na hali sportowej we W\u0142adys\u0142awowie odby\u0142 si\u0119 dekanalny turniej ministrant\u00f3w w pi\u0142k\u0119 no\u017cn\u0105 halow\u0105. Patronat nad ca\u0142o\u015bci\u0105 wydarzenia obj\u0105\u0142 ks. pra\u0142. Marek Kasik, dziekan dekanatu tureckiego. Zmagania rozpocz\u0119\u0142y si\u0119 od powitania i przedstawienia regu\u0142 turnieju i b\u0142ogos\u0142awie\u0144stwa na czas prze\u017cywania rozgrywek. Ministranci turniej rozegrali w trzech kategoriach: ministrant, lektor m\u0142odszy i lektor starszy.<\/div>\n<div>&nbsp;<\/div>\n<div>Wyniki poszczeg\u00f3lnych kategorii:<\/div>\n<div>&nbsp;<\/div>\n<div>Ministrant:<\/div>\n<div>I miejsce \u2013 parafia Malan\u00f3w,<\/div>\n<div>II miejsce \u2013 parafia Russocice,<\/div>\n<div>III miejsce \u2013 parafia Matki Bo\u017cej Fatimskiej w Turku<\/div>\n<div>&nbsp;<\/div>\n<div>Lektor m\u0142odszy:<\/div>\n<div>I miejsce Malan\u00f3w,<\/div>\n<div>II miejsce parafia Matki Bo\u017ce Fatimskiej w Turku,<\/div>\n<div>III miejsce parafia \u015bw. Barbary w Turku<\/div>\n<div>&nbsp;<\/div>\n<div>Lektor starzy:<\/div>\n<div>I miejsce \u2013 parafia \u015bw. Barbary w Turku,<\/div>\n<div>II miejsce \u2013 parafia Galew,<\/div>\n<div>III miejsce \u2013 parafia Russocice.<\/div>\n<div>&nbsp;<\/div>\n<div style=\"text-align: justify;\">W trakcie rozgrywek ministranci mogli korzysta\u0107 z przygotowanego dla nich pocz\u0119stunku i napoj\u00f3w, o kt\u00f3re zatroszczyli si\u0119 ks. kan. Jacek Buda z Galewa i ks. Marcin W\u0119ckowski z Russocic.<\/div>\n<div style=\"text-align: justify;\">&nbsp;<\/div>\n<div style=\"text-align: justify;\">Kolejnym etapem sportowych zmaga\u0144 b\u0119dzie udzia\u0142 zwyci\u0119zc\u00f3w poszczeg\u00f3lnych kategorii w turnieju rejonowym liturgicznej s\u0142u\u017cby o\u0142tarza rejonu kolsko-tureckiego.<\/div>\n<\/div>\n<div style=\"text-align: justify;\">&nbsp;<\/div>\n<div><!-- default-view.php -->\n<div\n\tclass=\"ngg-galleryoverview default-view \"\n\tid=\"ngg-gallery-ff612cca051ab582c74f6d35b2ae519c-1\">\n\n\t\t<!-- Thumbnails -->\n\t\t\t\t<div id=\"ngg-image-0\" class=\"ngg-gallery-thumbnail-box \" >\n\t\t\t\t        <div class=\"ngg-gallery-thumbnail\">\n            <a href=\"http:\/\/parafiarussocice.pl\/wp-content\/gallery\/turniej\/IMG_8512.jpeg\"\n               title=\"\"\n               data-src=\"http:\/\/parafiarussocice.pl\/wp-content\/gallery\/turniej\/IMG_8512.jpeg\"\n               data-thumbnail=\"http:\/\/parafiarussocice.pl\/wp-content\/gallery\/turniej\/thumbs\/thumbs_IMG_8512.jpeg\"\n               data-image-id=\"1685\"\n               data-title=\"IMG_8512\"\n               data-description=\"\"\n               data-image-slug=\"img_8512\"\n               class=\"ngg-simplelightbox\" rel=\"ff612cca051ab582c74f6d35b2ae519c\">\n                <img\n                    title=\"IMG_8512\"\n                    alt=\"IMG_8512\"\n                    src=\"http:\/\/parafiarussocice.pl\/wp-content\/gallery\/turniej\/thumbs\/thumbs_IMG_8512.jpeg\"\n                    width=\"240\"\n                    height=\"160\"\n                    style=\"max-width:100%;\"\n                \/>\n            <\/a>\n        <\/div>\n\t\t\t\t\t\t\t<\/div> \n\t\t\t\n\t\t\t\t<div id=\"ngg-image-1\" class=\"ngg-gallery-thumbnail-box \" >\n\t\t\t\t        <div class=\"ngg-gallery-thumbnail\">\n            <a href=\"http:\/\/parafiarussocice.pl\/wp-content\/gallery\/turniej\/IMG_8509.jpeg\"\n               title=\"\"\n               data-src=\"http:\/\/parafiarussocice.pl\/wp-content\/gallery\/turniej\/IMG_8509.jpeg\"\n               data-thumbnail=\"http:\/\/parafiarussocice.pl\/wp-content\/gallery\/turniej\/thumbs\/thumbs_IMG_8509.jpeg\"\n               data-image-id=\"1686\"\n               data-title=\"IMG_8509\"\n               data-description=\"\"\n               data-image-slug=\"img_8509\"\n               class=\"ngg-simplelightbox\" rel=\"ff612cca051ab582c74f6d35b2ae519c\">\n                <img\n                    title=\"IMG_8509\"\n                    alt=\"IMG_8509\"\n                    src=\"http:\/\/parafiarussocice.pl\/wp-content\/gallery\/turniej\/thumbs\/thumbs_IMG_8509.jpeg\"\n                    width=\"240\"\n                    height=\"160\"\n                    style=\"max-width:100%;\"\n                \/>\n            <\/a>\n        <\/div>\n\t\t\t\t\t\t\t<\/div> \n\t\t\t\n\t\t\t\t<div id=\"ngg-image-2\" class=\"ngg-gallery-thumbnail-box \" >\n\t\t\t\t        <div class=\"ngg-gallery-thumbnail\">\n            <a href=\"http:\/\/parafiarussocice.pl\/wp-content\/gallery\/turniej\/IMG_8523.jpeg\"\n               title=\"\"\n               data-src=\"http:\/\/parafiarussocice.pl\/wp-content\/gallery\/turniej\/IMG_8523.jpeg\"\n               data-thumbnail=\"http:\/\/parafiarussocice.pl\/wp-content\/gallery\/turniej\/thumbs\/thumbs_IMG_8523.jpeg\"\n               data-image-id=\"1687\"\n               data-title=\"IMG_8523\"\n               data-description=\"\"\n               data-image-slug=\"img_8523\"\n               class=\"ngg-simplelightbox\" rel=\"ff612cca051ab582c74f6d35b2ae519c\">\n                <img\n                    title=\"IMG_8523\"\n                    alt=\"IMG_8523\"\n                    src=\"http:\/\/parafiarussocice.pl\/wp-content\/gallery\/turniej\/thumbs\/thumbs_IMG_8523.jpeg\"\n                    width=\"240\"\n                    height=\"160\"\n                    style=\"max-width:100%;\"\n                \/>\n            <\/a>\n        <\/div>\n\t\t\t\t\t\t\t<\/div> \n\t\t\t\n\t\t\t\t<div id=\"ngg-image-3\" class=\"ngg-gallery-thumbnail-box \" >\n\t\t\t\t        <div class=\"ngg-gallery-thumbnail\">\n            <a href=\"http:\/\/parafiarussocice.pl\/wp-content\/gallery\/turniej\/IMG_8517.jpeg\"\n               title=\"\"\n               data-src=\"http:\/\/parafiarussocice.pl\/wp-content\/gallery\/turniej\/IMG_8517.jpeg\"\n               data-thumbnail=\"http:\/\/parafiarussocice.pl\/wp-content\/gallery\/turniej\/thumbs\/thumbs_IMG_8517.jpeg\"\n               data-image-id=\"1688\"\n               data-title=\"IMG_8517\"\n               data-description=\"\"\n               data-image-slug=\"img_8517\"\n               class=\"ngg-simplelightbox\" rel=\"ff612cca051ab582c74f6d35b2ae519c\">\n                <img\n                    title=\"IMG_8517\"\n                    alt=\"IMG_8517\"\n                    src=\"http:\/\/parafiarussocice.pl\/wp-content\/gallery\/turniej\/thumbs\/thumbs_IMG_8517.jpeg\"\n                    width=\"240\"\n                    height=\"160\"\n                    style=\"max-width:100%;\"\n                \/>\n            <\/a>\n        <\/div>\n\t\t\t\t\t\t\t<\/div> \n\t\t\t\n\t\t\t\t<div id=\"ngg-image-4\" class=\"ngg-gallery-thumbnail-box \" >\n\t\t\t\t        <div class=\"ngg-gallery-thumbnail\">\n            <a href=\"http:\/\/parafiarussocice.pl\/wp-content\/gallery\/turniej\/IMG_8513.jpeg\"\n               title=\"\"\n               data-src=\"http:\/\/parafiarussocice.pl\/wp-content\/gallery\/turniej\/IMG_8513.jpeg\"\n               data-thumbnail=\"http:\/\/parafiarussocice.pl\/wp-content\/gallery\/turniej\/thumbs\/thumbs_IMG_8513.jpeg\"\n               data-image-id=\"1689\"\n               data-title=\"IMG_8513\"\n               data-description=\"\"\n               data-image-slug=\"img_8513\"\n               class=\"ngg-simplelightbox\" rel=\"ff612cca051ab582c74f6d35b2ae519c\">\n                <img\n                    title=\"IMG_8513\"\n                    alt=\"IMG_8513\"\n                    src=\"http:\/\/parafiarussocice.pl\/wp-content\/gallery\/turniej\/thumbs\/thumbs_IMG_8513.jpeg\"\n                    width=\"240\"\n                    height=\"160\"\n                    style=\"max-width:100%;\"\n                \/>\n            <\/a>\n        <\/div>\n\t\t\t\t\t\t\t<\/div> \n\t\t\t\n\t\t\t\t<div id=\"ngg-image-5\" class=\"ngg-gallery-thumbnail-box \" >\n\t\t\t\t        <div class=\"ngg-gallery-thumbnail\">\n            <a href=\"http:\/\/parafiarussocice.pl\/wp-content\/gallery\/turniej\/IMG_8510.jpeg\"\n               title=\"\"\n               data-src=\"http:\/\/parafiarussocice.pl\/wp-content\/gallery\/turniej\/IMG_8510.jpeg\"\n               data-thumbnail=\"http:\/\/parafiarussocice.pl\/wp-content\/gallery\/turniej\/thumbs\/thumbs_IMG_8510.jpeg\"\n               data-image-id=\"1690\"\n               data-title=\"IMG_8510\"\n               data-description=\"\"\n               data-image-slug=\"img_8510\"\n               class=\"ngg-simplelightbox\" rel=\"ff612cca051ab582c74f6d35b2ae519c\">\n                <img\n                    title=\"IMG_8510\"\n                    alt=\"IMG_8510\"\n                    src=\"http:\/\/parafiarussocice.pl\/wp-content\/gallery\/turniej\/thumbs\/thumbs_IMG_8510.jpeg\"\n                    width=\"240\"\n                    height=\"160\"\n                    style=\"max-width:100%;\"\n                \/>\n            <\/a>\n        <\/div>\n\t\t\t\t\t\t\t<\/div> \n\t\t\t\n\t\n\t<br style=\"clear: both\" \/>\n\n\t\n\t\t<!-- Pagination -->\n\t<div class='ngg-clear'><\/div>\t<\/div>\n<\/div>\n","protected":false},"excerpt":{"rendered":"<p>12 listopada br. na hali sportowej we W\u0142adys\u0142awowie odby\u0142 si\u0119 dekanalny turniej ministrant\u00f3w w pi\u0142k\u0119 no\u017cn\u0105 halow\u0105. Patronat nad ca\u0142o\u015bci\u0105 wydarzenia obj\u0105\u0142 ks. pra\u0142. Marek Kasik, dziekan dekanatu tureckiego. Zmagania rozpocz\u0119\u0142y si\u0119 od powitania i przedstawienia regu\u0142 turnieju i b\u0142ogos\u0142awie\u0144stwa na czas prze\u017cywania rozgrywek. Ministranci turniej rozegrali w trzech kategoriach: ministrant, lektor m\u0142odszy i lektor &hellip; <a href=\"http:\/\/parafiarussocice.pl\/index.php\/turniej-ministrantow-w-pilke-nozna-halowa\/\" class=\"more-link\">Czytaj dalej <span class=\"screen-reader-text\">Turniej ministrant\u00f3w w pi\u0142k\u0119 no\u017cn\u0105 halow\u0105<\/span><\/a><\/p>\n","protected":false},"author":1,"featured_media":7261,"parent":0,"menu_order":0,"comment_status":"closed","ping_status":"closed","template":"","meta":{"ngg_post_thumbnail":0},"_links":{"self":[{"href":"http:\/\/parafiarussocice.pl\/index.php\/wp-json\/wp\/v2\/pages\/7253"}],"collection":[{"href":"http:\/\/parafiarussocice.pl\/index.php\/wp-json\/wp\/v2\/pages"}],"about":[{"href":"http:\/\/parafiarussocice.pl\/index.php\/wp-json\/wp\/v2\/types\/page"}],"author":[{"embeddable":true,"href":"http:\/\/parafiarussocice.pl\/index.php\/wp-json\/wp\/v2\/users\/1"}],"replies":[{"embeddable":true,"href":"http:\/\/parafiarussocice.pl\/index.php\/wp-json\/wp\/v2\/comments?post=7253"}],"version-history":[{"count":2,"href":"http:\/\/parafiarussocice.pl\/index.php\/wp-json\/wp\/v2\/pages\/7253\/revisions"}],"predecessor-version":[{"id":7265,"href":"http:\/\/parafiarussocice.pl\/index.php\/wp-json\/wp\/v2\/pages\/7253\/revisions\/7265"}],"wp:featuredmedia":[{"embeddable":true,"href":"http:\/\/parafiarussocice.pl\/index.php\/wp-json\/wp\/v2\/media\/7261"}],"wp:attachment":[{"href":"http:\/\/parafiarussocice.pl\/index.php\/wp-json\/wp\/v2\/media?parent=7253"}],"curies":[{"name":"wp","href":"https:\/\/api.w.org\/{rel}","templated":true}]}}