{"id":6943,"date":"2022-04-20T10:12:01","date_gmt":"2022-04-20T10:12:01","guid":{"rendered":"http:\/\/parafiarussocice.pl\/?page_id=6943"},"modified":"2022-04-20T10:12:01","modified_gmt":"2022-04-20T10:12:01","slug":"rezurekcja-2022","status":"publish","type":"page","link":"http:\/\/parafiarussocice.pl\/index.php\/rezurekcja-2022\/","title":{"rendered":"Rezurekcja 2022"},"content":{"rendered":"<p>Msza \u015bw. rezurekcyjna rozpocz\u0119\u0142a si\u0119 procesj\u0105 o godz. 6.00. Parafianie wraz z kap\u0142anami wyruszyli procesyjnie, aby og\u0142osi\u0107 \u015bwiatu zmartwychwstanie Jezusa Chrystusa. Uroczysto\u015bci zosta\u0142y u\u015bwietnione obecno\u015bci\u0105 orkiestry OSP, poczt\u00f3w sztandarowych, druh\u00f3w z jednostek Ochotniczych Stra\u017cy Po\u017carnych.<\/p>\n<!-- default-view.php -->\n<div\n\tclass=\"ngg-galleryoverview default-view \"\n\tid=\"ngg-gallery-02f0d425ec5860cddb5d71d678cd2c92-1\">\n\n\t\t<!-- Thumbnails -->\n\t\t\t\t<div id=\"ngg-image-0\" class=\"ngg-gallery-thumbnail-box \" >\n\t\t\t\t        <div class=\"ngg-gallery-thumbnail\">\n            <a href=\"http:\/\/parafiarussocice.pl\/wp-content\/gallery\/rezurekcja-2022\/P4174628.jpeg\"\n               title=\"\"\n               data-src=\"http:\/\/parafiarussocice.pl\/wp-content\/gallery\/rezurekcja-2022\/P4174628.jpeg\"\n               data-thumbnail=\"http:\/\/parafiarussocice.pl\/wp-content\/gallery\/rezurekcja-2022\/thumbs\/thumbs_P4174628.jpeg\"\n               data-image-id=\"1505\"\n               data-title=\"P4174628\"\n               data-description=\"\"\n               data-image-slug=\"p4174628\"\n               class=\"ngg-simplelightbox\" rel=\"02f0d425ec5860cddb5d71d678cd2c92\">\n                <img\n                    title=\"P4174628\"\n                    alt=\"P4174628\"\n                    src=\"http:\/\/parafiarussocice.pl\/wp-content\/gallery\/rezurekcja-2022\/thumbs\/thumbs_P4174628.jpeg\"\n                    width=\"240\"\n                    height=\"160\"\n                    style=\"max-width:100%;\"\n                \/>\n            <\/a>\n        <\/div>\n\t\t\t\t\t\t\t<\/div> \n\t\t\t\n\t\t\t\t<div id=\"ngg-image-1\" class=\"ngg-gallery-thumbnail-box \" >\n\t\t\t\t        <div class=\"ngg-gallery-thumbnail\">\n            <a href=\"http:\/\/parafiarussocice.pl\/wp-content\/gallery\/rezurekcja-2022\/P4174766.jpeg\"\n               title=\"\"\n               data-src=\"http:\/\/parafiarussocice.pl\/wp-content\/gallery\/rezurekcja-2022\/P4174766.jpeg\"\n               data-thumbnail=\"http:\/\/parafiarussocice.pl\/wp-content\/gallery\/rezurekcja-2022\/thumbs\/thumbs_P4174766.jpeg\"\n               data-image-id=\"1513\"\n               data-title=\"P4174766\"\n               data-description=\"\"\n               data-image-slug=\"p4174766\"\n               class=\"ngg-simplelightbox\" rel=\"02f0d425ec5860cddb5d71d678cd2c92\">\n                <img\n                    title=\"P4174766\"\n                    alt=\"P4174766\"\n                    src=\"http:\/\/parafiarussocice.pl\/wp-content\/gallery\/rezurekcja-2022\/thumbs\/thumbs_P4174766.jpeg\"\n                    width=\"240\"\n                    height=\"160\"\n                    style=\"max-width:100%;\"\n                \/>\n            <\/a>\n        <\/div>\n\t\t\t\t\t\t\t<\/div> \n\t\t\t\n\t\t\t\t<div id=\"ngg-image-2\" class=\"ngg-gallery-thumbnail-box \" >\n\t\t\t\t        <div class=\"ngg-gallery-thumbnail\">\n            <a href=\"http:\/\/parafiarussocice.pl\/wp-content\/gallery\/rezurekcja-2022\/P4174748.jpeg\"\n               title=\"\"\n               data-src=\"http:\/\/parafiarussocice.pl\/wp-content\/gallery\/rezurekcja-2022\/P4174748.jpeg\"\n               data-thumbnail=\"http:\/\/parafiarussocice.pl\/wp-content\/gallery\/rezurekcja-2022\/thumbs\/thumbs_P4174748.jpeg\"\n               data-image-id=\"1512\"\n               data-title=\"P4174748\"\n               data-description=\"\"\n               data-image-slug=\"p4174748\"\n               class=\"ngg-simplelightbox\" rel=\"02f0d425ec5860cddb5d71d678cd2c92\">\n                <img\n                    title=\"P4174748\"\n                    alt=\"P4174748\"\n                    src=\"http:\/\/parafiarussocice.pl\/wp-content\/gallery\/rezurekcja-2022\/thumbs\/thumbs_P4174748.jpeg\"\n                    width=\"240\"\n                    height=\"160\"\n                    style=\"max-width:100%;\"\n                \/>\n            <\/a>\n        <\/div>\n\t\t\t\t\t\t\t<\/div> \n\t\t\t\n\t\t\t\t<div id=\"ngg-image-3\" class=\"ngg-gallery-thumbnail-box \" >\n\t\t\t\t        <div class=\"ngg-gallery-thumbnail\">\n            <a href=\"http:\/\/parafiarussocice.pl\/wp-content\/gallery\/rezurekcja-2022\/P4174746.jpeg\"\n               title=\"\"\n               data-src=\"http:\/\/parafiarussocice.pl\/wp-content\/gallery\/rezurekcja-2022\/P4174746.jpeg\"\n               data-thumbnail=\"http:\/\/parafiarussocice.pl\/wp-content\/gallery\/rezurekcja-2022\/thumbs\/thumbs_P4174746.jpeg\"\n               data-image-id=\"1511\"\n               data-title=\"P4174746\"\n               data-description=\"\"\n               data-image-slug=\"p4174746\"\n               class=\"ngg-simplelightbox\" rel=\"02f0d425ec5860cddb5d71d678cd2c92\">\n                <img\n                    title=\"P4174746\"\n                    alt=\"P4174746\"\n                    src=\"http:\/\/parafiarussocice.pl\/wp-content\/gallery\/rezurekcja-2022\/thumbs\/thumbs_P4174746.jpeg\"\n                    width=\"240\"\n                    height=\"160\"\n                    style=\"max-width:100%;\"\n                \/>\n            <\/a>\n        <\/div>\n\t\t\t\t\t\t\t<\/div> \n\t\t\t\n\t\t\t\t<div id=\"ngg-image-4\" class=\"ngg-gallery-thumbnail-box \" >\n\t\t\t\t        <div class=\"ngg-gallery-thumbnail\">\n            <a href=\"http:\/\/parafiarussocice.pl\/wp-content\/gallery\/rezurekcja-2022\/P4174738.jpeg\"\n               title=\"\"\n               data-src=\"http:\/\/parafiarussocice.pl\/wp-content\/gallery\/rezurekcja-2022\/P4174738.jpeg\"\n               data-thumbnail=\"http:\/\/parafiarussocice.pl\/wp-content\/gallery\/rezurekcja-2022\/thumbs\/thumbs_P4174738.jpeg\"\n               data-image-id=\"1510\"\n               data-title=\"P4174738\"\n               data-description=\"\"\n               data-image-slug=\"p4174738\"\n               class=\"ngg-simplelightbox\" rel=\"02f0d425ec5860cddb5d71d678cd2c92\">\n                <img\n                    title=\"P4174738\"\n                    alt=\"P4174738\"\n                    src=\"http:\/\/parafiarussocice.pl\/wp-content\/gallery\/rezurekcja-2022\/thumbs\/thumbs_P4174738.jpeg\"\n                    width=\"240\"\n                    height=\"160\"\n                    style=\"max-width:100%;\"\n                \/>\n            <\/a>\n        <\/div>\n\t\t\t\t\t\t\t<\/div> \n\t\t\t\n\t\t\t\t<div id=\"ngg-image-5\" class=\"ngg-gallery-thumbnail-box \" >\n\t\t\t\t        <div class=\"ngg-gallery-thumbnail\">\n            <a href=\"http:\/\/parafiarussocice.pl\/wp-content\/gallery\/rezurekcja-2022\/P4174737.jpeg\"\n               title=\"\"\n               data-src=\"http:\/\/parafiarussocice.pl\/wp-content\/gallery\/rezurekcja-2022\/P4174737.jpeg\"\n               data-thumbnail=\"http:\/\/parafiarussocice.pl\/wp-content\/gallery\/rezurekcja-2022\/thumbs\/thumbs_P4174737.jpeg\"\n               data-image-id=\"1509\"\n               data-title=\"P4174737\"\n               data-description=\"\"\n               data-image-slug=\"p4174737\"\n               class=\"ngg-simplelightbox\" rel=\"02f0d425ec5860cddb5d71d678cd2c92\">\n                <img\n                    title=\"P4174737\"\n                    alt=\"P4174737\"\n                    src=\"http:\/\/parafiarussocice.pl\/wp-content\/gallery\/rezurekcja-2022\/thumbs\/thumbs_P4174737.jpeg\"\n                    width=\"240\"\n                    height=\"160\"\n                    style=\"max-width:100%;\"\n                \/>\n            <\/a>\n        <\/div>\n\t\t\t\t\t\t\t<\/div> \n\t\t\t\n\t\t\t\t<div id=\"ngg-image-6\" class=\"ngg-gallery-thumbnail-box \" >\n\t\t\t\t        <div class=\"ngg-gallery-thumbnail\">\n            <a href=\"http:\/\/parafiarussocice.pl\/wp-content\/gallery\/rezurekcja-2022\/P4174723.jpeg\"\n               title=\"\"\n               data-src=\"http:\/\/parafiarussocice.pl\/wp-content\/gallery\/rezurekcja-2022\/P4174723.jpeg\"\n               data-thumbnail=\"http:\/\/parafiarussocice.pl\/wp-content\/gallery\/rezurekcja-2022\/thumbs\/thumbs_P4174723.jpeg\"\n               data-image-id=\"1508\"\n               data-title=\"P4174723\"\n               data-description=\"\"\n               data-image-slug=\"p4174723\"\n               class=\"ngg-simplelightbox\" rel=\"02f0d425ec5860cddb5d71d678cd2c92\">\n                <img\n                    title=\"P4174723\"\n                    alt=\"P4174723\"\n                    src=\"http:\/\/parafiarussocice.pl\/wp-content\/gallery\/rezurekcja-2022\/thumbs\/thumbs_P4174723.jpeg\"\n                    width=\"240\"\n                    height=\"160\"\n                    style=\"max-width:100%;\"\n                \/>\n            <\/a>\n        <\/div>\n\t\t\t\t\t\t\t<\/div> \n\t\t\t\n\t\t\t\t<div id=\"ngg-image-7\" class=\"ngg-gallery-thumbnail-box \" >\n\t\t\t\t        <div class=\"ngg-gallery-thumbnail\">\n            <a href=\"http:\/\/parafiarussocice.pl\/wp-content\/gallery\/rezurekcja-2022\/P4174707.jpeg\"\n               title=\"\"\n               data-src=\"http:\/\/parafiarussocice.pl\/wp-content\/gallery\/rezurekcja-2022\/P4174707.jpeg\"\n               data-thumbnail=\"http:\/\/parafiarussocice.pl\/wp-content\/gallery\/rezurekcja-2022\/thumbs\/thumbs_P4174707.jpeg\"\n               data-image-id=\"1507\"\n               data-title=\"P4174707\"\n               data-description=\"\"\n               data-image-slug=\"p4174707\"\n               class=\"ngg-simplelightbox\" rel=\"02f0d425ec5860cddb5d71d678cd2c92\">\n                <img\n                    title=\"P4174707\"\n                    alt=\"P4174707\"\n                    src=\"http:\/\/parafiarussocice.pl\/wp-content\/gallery\/rezurekcja-2022\/thumbs\/thumbs_P4174707.jpeg\"\n                    width=\"240\"\n                    height=\"160\"\n                    style=\"max-width:100%;\"\n                \/>\n            <\/a>\n        <\/div>\n\t\t\t\t\t\t\t<\/div> \n\t\t\t\n\t\t\t\t<div id=\"ngg-image-8\" class=\"ngg-gallery-thumbnail-box \" >\n\t\t\t\t        <div class=\"ngg-gallery-thumbnail\">\n            <a href=\"http:\/\/parafiarussocice.pl\/wp-content\/gallery\/rezurekcja-2022\/P4174692.jpeg\"\n               title=\"\"\n               data-src=\"http:\/\/parafiarussocice.pl\/wp-content\/gallery\/rezurekcja-2022\/P4174692.jpeg\"\n               data-thumbnail=\"http:\/\/parafiarussocice.pl\/wp-content\/gallery\/rezurekcja-2022\/thumbs\/thumbs_P4174692.jpeg\"\n               data-image-id=\"1506\"\n               data-title=\"P4174692\"\n               data-description=\"\"\n               data-image-slug=\"p4174692\"\n               class=\"ngg-simplelightbox\" rel=\"02f0d425ec5860cddb5d71d678cd2c92\">\n                <img\n                    title=\"P4174692\"\n                    alt=\"P4174692\"\n                    src=\"http:\/\/parafiarussocice.pl\/wp-content\/gallery\/rezurekcja-2022\/thumbs\/thumbs_P4174692.jpeg\"\n                    width=\"240\"\n                    height=\"160\"\n                    style=\"max-width:100%;\"\n                \/>\n            <\/a>\n        <\/div>\n\t\t\t\t\t\t\t<\/div> \n\t\t\t\n\t\t\t\t<div id=\"ngg-image-9\" class=\"ngg-gallery-thumbnail-box \" >\n\t\t\t\t        <div class=\"ngg-gallery-thumbnail\">\n            <a href=\"http:\/\/parafiarussocice.pl\/wp-content\/gallery\/rezurekcja-2022\/P4174488.jpeg\"\n               title=\"\"\n               data-src=\"http:\/\/parafiarussocice.pl\/wp-content\/gallery\/rezurekcja-2022\/P4174488.jpeg\"\n               data-thumbnail=\"http:\/\/parafiarussocice.pl\/wp-content\/gallery\/rezurekcja-2022\/thumbs\/thumbs_P4174488.jpeg\"\n               data-image-id=\"1496\"\n               data-title=\"P4174488\"\n               data-description=\"\"\n               data-image-slug=\"p4174488\"\n               class=\"ngg-simplelightbox\" rel=\"02f0d425ec5860cddb5d71d678cd2c92\">\n                <img\n                    title=\"P4174488\"\n                    alt=\"P4174488\"\n                    src=\"http:\/\/parafiarussocice.pl\/wp-content\/gallery\/rezurekcja-2022\/thumbs\/thumbs_P4174488.jpeg\"\n                    width=\"240\"\n                    height=\"160\"\n                    style=\"max-width:100%;\"\n                \/>\n            <\/a>\n        <\/div>\n\t\t\t\t\t\t\t<\/div> \n\t\t\t\n\t\t\t\t<div id=\"ngg-image-10\" class=\"ngg-gallery-thumbnail-box \" >\n\t\t\t\t        <div class=\"ngg-gallery-thumbnail\">\n            <a href=\"http:\/\/parafiarussocice.pl\/wp-content\/gallery\/rezurekcja-2022\/P4174613.jpeg\"\n               title=\"\"\n               data-src=\"http:\/\/parafiarussocice.pl\/wp-content\/gallery\/rezurekcja-2022\/P4174613.jpeg\"\n               data-thumbnail=\"http:\/\/parafiarussocice.pl\/wp-content\/gallery\/rezurekcja-2022\/thumbs\/thumbs_P4174613.jpeg\"\n               data-image-id=\"1504\"\n               data-title=\"P4174613\"\n               data-description=\"\"\n               data-image-slug=\"p4174613\"\n               class=\"ngg-simplelightbox\" rel=\"02f0d425ec5860cddb5d71d678cd2c92\">\n                <img\n                    title=\"P4174613\"\n                    alt=\"P4174613\"\n                    src=\"http:\/\/parafiarussocice.pl\/wp-content\/gallery\/rezurekcja-2022\/thumbs\/thumbs_P4174613.jpeg\"\n                    width=\"240\"\n                    height=\"160\"\n                    style=\"max-width:100%;\"\n                \/>\n            <\/a>\n        <\/div>\n\t\t\t\t\t\t\t<\/div> \n\t\t\t\n\t\t\t\t<div id=\"ngg-image-11\" class=\"ngg-gallery-thumbnail-box \" >\n\t\t\t\t        <div class=\"ngg-gallery-thumbnail\">\n            <a href=\"http:\/\/parafiarussocice.pl\/wp-content\/gallery\/rezurekcja-2022\/P4174559.jpeg\"\n               title=\"\"\n               data-src=\"http:\/\/parafiarussocice.pl\/wp-content\/gallery\/rezurekcja-2022\/P4174559.jpeg\"\n               data-thumbnail=\"http:\/\/parafiarussocice.pl\/wp-content\/gallery\/rezurekcja-2022\/thumbs\/thumbs_P4174559.jpeg\"\n               data-image-id=\"1503\"\n               data-title=\"P4174559\"\n               data-description=\"\"\n               data-image-slug=\"p4174559\"\n               class=\"ngg-simplelightbox\" rel=\"02f0d425ec5860cddb5d71d678cd2c92\">\n                <img\n                    title=\"P4174559\"\n                    alt=\"P4174559\"\n                    src=\"http:\/\/parafiarussocice.pl\/wp-content\/gallery\/rezurekcja-2022\/thumbs\/thumbs_P4174559.jpeg\"\n                    width=\"240\"\n                    height=\"160\"\n                    style=\"max-width:100%;\"\n                \/>\n            <\/a>\n        <\/div>\n\t\t\t\t\t\t\t<\/div> \n\t\t\t\n\t\t\t\t<div id=\"ngg-image-12\" class=\"ngg-gallery-thumbnail-box \" >\n\t\t\t\t        <div class=\"ngg-gallery-thumbnail\">\n            <a href=\"http:\/\/parafiarussocice.pl\/wp-content\/gallery\/rezurekcja-2022\/P4174566.jpeg\"\n               title=\"\"\n               data-src=\"http:\/\/parafiarussocice.pl\/wp-content\/gallery\/rezurekcja-2022\/P4174566.jpeg\"\n               data-thumbnail=\"http:\/\/parafiarussocice.pl\/wp-content\/gallery\/rezurekcja-2022\/thumbs\/thumbs_P4174566.jpeg\"\n               data-image-id=\"1502\"\n               data-title=\"P4174566\"\n               data-description=\"\"\n               data-image-slug=\"p4174566\"\n               class=\"ngg-simplelightbox\" rel=\"02f0d425ec5860cddb5d71d678cd2c92\">\n                <img\n                    title=\"P4174566\"\n                    alt=\"P4174566\"\n                    src=\"http:\/\/parafiarussocice.pl\/wp-content\/gallery\/rezurekcja-2022\/thumbs\/thumbs_P4174566.jpeg\"\n                    width=\"240\"\n                    height=\"160\"\n                    style=\"max-width:100%;\"\n                \/>\n            <\/a>\n        <\/div>\n\t\t\t\t\t\t\t<\/div> \n\t\t\t\n\t\t\t\t<div id=\"ngg-image-13\" class=\"ngg-gallery-thumbnail-box \" >\n\t\t\t\t        <div class=\"ngg-gallery-thumbnail\">\n            <a href=\"http:\/\/parafiarussocice.pl\/wp-content\/gallery\/rezurekcja-2022\/P4174512.jpeg\"\n               title=\"\"\n               data-src=\"http:\/\/parafiarussocice.pl\/wp-content\/gallery\/rezurekcja-2022\/P4174512.jpeg\"\n               data-thumbnail=\"http:\/\/parafiarussocice.pl\/wp-content\/gallery\/rezurekcja-2022\/thumbs\/thumbs_P4174512.jpeg\"\n               data-image-id=\"1501\"\n               data-title=\"P4174512\"\n               data-description=\"\"\n               data-image-slug=\"p4174512\"\n               class=\"ngg-simplelightbox\" rel=\"02f0d425ec5860cddb5d71d678cd2c92\">\n                <img\n                    title=\"P4174512\"\n                    alt=\"P4174512\"\n                    src=\"http:\/\/parafiarussocice.pl\/wp-content\/gallery\/rezurekcja-2022\/thumbs\/thumbs_P4174512.jpeg\"\n                    width=\"240\"\n                    height=\"160\"\n                    style=\"max-width:100%;\"\n                \/>\n            <\/a>\n        <\/div>\n\t\t\t\t\t\t\t<\/div> \n\t\t\t\n\t\t\t\t<div id=\"ngg-image-14\" class=\"ngg-gallery-thumbnail-box \" >\n\t\t\t\t        <div class=\"ngg-gallery-thumbnail\">\n            <a href=\"http:\/\/parafiarussocice.pl\/wp-content\/gallery\/rezurekcja-2022\/P4174508.jpeg\"\n               title=\"\"\n               data-src=\"http:\/\/parafiarussocice.pl\/wp-content\/gallery\/rezurekcja-2022\/P4174508.jpeg\"\n               data-thumbnail=\"http:\/\/parafiarussocice.pl\/wp-content\/gallery\/rezurekcja-2022\/thumbs\/thumbs_P4174508.jpeg\"\n               data-image-id=\"1500\"\n               data-title=\"P4174508\"\n               data-description=\"\"\n               data-image-slug=\"p4174508\"\n               class=\"ngg-simplelightbox\" rel=\"02f0d425ec5860cddb5d71d678cd2c92\">\n                <img\n                    title=\"P4174508\"\n                    alt=\"P4174508\"\n                    src=\"http:\/\/parafiarussocice.pl\/wp-content\/gallery\/rezurekcja-2022\/thumbs\/thumbs_P4174508.jpeg\"\n                    width=\"240\"\n                    height=\"160\"\n                    style=\"max-width:100%;\"\n                \/>\n            <\/a>\n        <\/div>\n\t\t\t\t\t\t\t<\/div> \n\t\t\t\n\t\t\t\t<div id=\"ngg-image-15\" class=\"ngg-gallery-thumbnail-box \" >\n\t\t\t\t        <div class=\"ngg-gallery-thumbnail\">\n            <a href=\"http:\/\/parafiarussocice.pl\/wp-content\/gallery\/rezurekcja-2022\/P4174496.jpeg\"\n               title=\"\"\n               data-src=\"http:\/\/parafiarussocice.pl\/wp-content\/gallery\/rezurekcja-2022\/P4174496.jpeg\"\n               data-thumbnail=\"http:\/\/parafiarussocice.pl\/wp-content\/gallery\/rezurekcja-2022\/thumbs\/thumbs_P4174496.jpeg\"\n               data-image-id=\"1499\"\n               data-title=\"P4174496\"\n               data-description=\"\"\n               data-image-slug=\"p4174496\"\n               class=\"ngg-simplelightbox\" rel=\"02f0d425ec5860cddb5d71d678cd2c92\">\n                <img\n                    title=\"P4174496\"\n                    alt=\"P4174496\"\n                    src=\"http:\/\/parafiarussocice.pl\/wp-content\/gallery\/rezurekcja-2022\/thumbs\/thumbs_P4174496.jpeg\"\n                    width=\"240\"\n                    height=\"160\"\n                    style=\"max-width:100%;\"\n                \/>\n            <\/a>\n        <\/div>\n\t\t\t\t\t\t\t<\/div> \n\t\t\t\n\t\t\t\t<div id=\"ngg-image-16\" class=\"ngg-gallery-thumbnail-box \" >\n\t\t\t\t        <div class=\"ngg-gallery-thumbnail\">\n            <a href=\"http:\/\/parafiarussocice.pl\/wp-content\/gallery\/rezurekcja-2022\/P4174485.jpeg\"\n               title=\"\"\n               data-src=\"http:\/\/parafiarussocice.pl\/wp-content\/gallery\/rezurekcja-2022\/P4174485.jpeg\"\n               data-thumbnail=\"http:\/\/parafiarussocice.pl\/wp-content\/gallery\/rezurekcja-2022\/thumbs\/thumbs_P4174485.jpeg\"\n               data-image-id=\"1498\"\n               data-title=\"P4174485\"\n               data-description=\"\"\n               data-image-slug=\"p4174485\"\n               class=\"ngg-simplelightbox\" rel=\"02f0d425ec5860cddb5d71d678cd2c92\">\n                <img\n                    title=\"P4174485\"\n                    alt=\"P4174485\"\n                    src=\"http:\/\/parafiarussocice.pl\/wp-content\/gallery\/rezurekcja-2022\/thumbs\/thumbs_P4174485.jpeg\"\n                    width=\"240\"\n                    height=\"160\"\n                    style=\"max-width:100%;\"\n                \/>\n            <\/a>\n        <\/div>\n\t\t\t\t\t\t\t<\/div> \n\t\t\t\n\t\t\t\t<div id=\"ngg-image-17\" class=\"ngg-gallery-thumbnail-box \" >\n\t\t\t\t        <div class=\"ngg-gallery-thumbnail\">\n            <a href=\"http:\/\/parafiarussocice.pl\/wp-content\/gallery\/rezurekcja-2022\/P4174471.jpeg\"\n               title=\"\"\n               data-src=\"http:\/\/parafiarussocice.pl\/wp-content\/gallery\/rezurekcja-2022\/P4174471.jpeg\"\n               data-thumbnail=\"http:\/\/parafiarussocice.pl\/wp-content\/gallery\/rezurekcja-2022\/thumbs\/thumbs_P4174471.jpeg\"\n               data-image-id=\"1497\"\n               data-title=\"P4174471\"\n               data-description=\"\"\n               data-image-slug=\"p4174471\"\n               class=\"ngg-simplelightbox\" rel=\"02f0d425ec5860cddb5d71d678cd2c92\">\n                <img\n                    title=\"P4174471\"\n                    alt=\"P4174471\"\n                    src=\"http:\/\/parafiarussocice.pl\/wp-content\/gallery\/rezurekcja-2022\/thumbs\/thumbs_P4174471.jpeg\"\n                    width=\"240\"\n                    height=\"160\"\n                    style=\"max-width:100%;\"\n                \/>\n            <\/a>\n        <\/div>\n\t\t\t\t\t\t\t<\/div> \n\t\t\t\n\t\n\t<br style=\"clear: both\" \/>\n\n\t\n\t\t<!-- Pagination -->\n\t<div class='ngg-clear'><\/div>\t<\/div>\n\n","protected":false},"excerpt":{"rendered":"<p>Msza \u015bw. rezurekcyjna rozpocz\u0119\u0142a si\u0119 procesj\u0105 o godz. 6.00. Parafianie wraz z kap\u0142anami wyruszyli procesyjnie, aby og\u0142osi\u0107 \u015bwiatu zmartwychwstanie Jezusa Chrystusa. Uroczysto\u015bci zosta\u0142y u\u015bwietnione obecno\u015bci\u0105 orkiestry OSP, poczt\u00f3w sztandarowych, druh\u00f3w z jednostek Ochotniczych Stra\u017cy Po\u017carnych.<\/p>\n","protected":false},"author":1,"featured_media":6944,"parent":0,"menu_order":0,"comment_status":"closed","ping_status":"closed","template":"","meta":{"ngg_post_thumbnail":0},"_links":{"self":[{"href":"http:\/\/parafiarussocice.pl\/index.php\/wp-json\/wp\/v2\/pages\/6943"}],"collection":[{"href":"http:\/\/parafiarussocice.pl\/index.php\/wp-json\/wp\/v2\/pages"}],"about":[{"href":"http:\/\/parafiarussocice.pl\/index.php\/wp-json\/wp\/v2\/types\/page"}],"author":[{"embeddable":true,"href":"http:\/\/parafiarussocice.pl\/index.php\/wp-json\/wp\/v2\/users\/1"}],"replies":[{"embeddable":true,"href":"http:\/\/parafiarussocice.pl\/index.php\/wp-json\/wp\/v2\/comments?post=6943"}],"version-history":[{"count":1,"href":"http:\/\/parafiarussocice.pl\/index.php\/wp-json\/wp\/v2\/pages\/6943\/revisions"}],"predecessor-version":[{"id":6947,"href":"http:\/\/parafiarussocice.pl\/index.php\/wp-json\/wp\/v2\/pages\/6943\/revisions\/6947"}],"wp:featuredmedia":[{"embeddable":true,"href":"http:\/\/parafiarussocice.pl\/index.php\/wp-json\/wp\/v2\/media\/6944"}],"wp:attachment":[{"href":"http:\/\/parafiarussocice.pl\/index.php\/wp-json\/wp\/v2\/media?parent=6943"}],"curies":[{"name":"wp","href":"https:\/\/api.w.org\/{rel}","templated":true}]}}