{"id":6888,"date":"2022-04-11T08:08:08","date_gmt":"2022-04-11T08:08:08","guid":{"rendered":"http:\/\/parafiarussocice.pl\/?page_id=6888"},"modified":"2022-04-11T08:11:35","modified_gmt":"2022-04-11T08:11:35","slug":"niedziela-palmowa-2022","status":"publish","type":"page","link":"http:\/\/parafiarussocice.pl\/index.php\/niedziela-palmowa-2022\/","title":{"rendered":"Niedziela Palmowa 2022"},"content":{"rendered":"<div dir=\"auto\"><span class=\"pq6dq46d tbxw36s4 knj5qynh kvgmc6g5 ditlmg2l oygrvhab nvdbi5me sf5mxxl7 gl3lb2sf hhz5lgdu\"><img loading=\"lazy\" src=\"https:\/\/static.xx.fbcdn.net\/images\/emoji.php\/v9\/t1e\/1\/16\/1f33f.png\" alt=\"\ud83c\udf3f\" width=\"16\" height=\"16\"><\/span>Niedziel\u0105 Palmow\u0105 <span class=\"pq6dq46d tbxw36s4 knj5qynh kvgmc6g5 ditlmg2l oygrvhab nvdbi5me sf5mxxl7 gl3lb2sf hhz5lgdu\"><img loading=\"lazy\" src=\"https:\/\/static.xx.fbcdn.net\/images\/emoji.php\/v9\/t1e\/1\/16\/1f33f.png\" alt=\"\ud83c\udf3f\" width=\"16\" height=\"16\"><\/span> rozpocz\u0119li\u015bmy Wielki Tydzie\u0144.<\/div>\n<div dir=\"auto\">Na Mszy \u015awi\u0119tej o godz. 12.15 uroczy\u015bcie po\u015bwi\u0119cili\u015bmy palmy oraz modlili\u015bmy si\u0119 za ofiary katastrofy smole\u0144skiej.<\/div>\n<div dir=\"auto\"><!-- default-view.php -->\n<div\n\tclass=\"ngg-galleryoverview default-view \"\n\tid=\"ngg-gallery-266b7aa64a2fa5fb39b91a1475193c9f-1\">\n\n\t\t<!-- Thumbnails -->\n\t\t\t\t<div id=\"ngg-image-0\" class=\"ngg-gallery-thumbnail-box \" >\n\t\t\t\t        <div class=\"ngg-gallery-thumbnail\">\n            <a href=\"http:\/\/parafiarussocice.pl\/wp-content\/gallery\/niedziela-palmowa-2022\/P4103543.jpeg\"\n               title=\"\"\n               data-src=\"http:\/\/parafiarussocice.pl\/wp-content\/gallery\/niedziela-palmowa-2022\/P4103543.jpeg\"\n               data-thumbnail=\"http:\/\/parafiarussocice.pl\/wp-content\/gallery\/niedziela-palmowa-2022\/thumbs\/thumbs_P4103543.jpeg\"\n               data-image-id=\"1471\"\n               data-title=\"P4103543\"\n               data-description=\"\"\n               data-image-slug=\"p4103543\"\n               class=\"ngg-simplelightbox\" rel=\"266b7aa64a2fa5fb39b91a1475193c9f\">\n                <img\n                    title=\"P4103543\"\n                    alt=\"P4103543\"\n                    src=\"http:\/\/parafiarussocice.pl\/wp-content\/gallery\/niedziela-palmowa-2022\/thumbs\/thumbs_P4103543.jpeg\"\n                    width=\"240\"\n                    height=\"160\"\n                    style=\"max-width:100%;\"\n                \/>\n            <\/a>\n        <\/div>\n\t\t\t\t\t\t\t<\/div> \n\t\t\t\n\t\t\t\t<div id=\"ngg-image-1\" class=\"ngg-gallery-thumbnail-box \" >\n\t\t\t\t        <div class=\"ngg-gallery-thumbnail\">\n            <a href=\"http:\/\/parafiarussocice.pl\/wp-content\/gallery\/niedziela-palmowa-2022\/P4103636.jpeg\"\n               title=\"\"\n               data-src=\"http:\/\/parafiarussocice.pl\/wp-content\/gallery\/niedziela-palmowa-2022\/P4103636.jpeg\"\n               data-thumbnail=\"http:\/\/parafiarussocice.pl\/wp-content\/gallery\/niedziela-palmowa-2022\/thumbs\/thumbs_P4103636.jpeg\"\n               data-image-id=\"1479\"\n               data-title=\"P4103636\"\n               data-description=\"\"\n               data-image-slug=\"p4103636\"\n               class=\"ngg-simplelightbox\" rel=\"266b7aa64a2fa5fb39b91a1475193c9f\">\n                <img\n                    title=\"P4103636\"\n                    alt=\"P4103636\"\n                    src=\"http:\/\/parafiarussocice.pl\/wp-content\/gallery\/niedziela-palmowa-2022\/thumbs\/thumbs_P4103636.jpeg\"\n                    width=\"240\"\n                    height=\"160\"\n                    style=\"max-width:100%;\"\n                \/>\n            <\/a>\n        <\/div>\n\t\t\t\t\t\t\t<\/div> \n\t\t\t\n\t\t\t\t<div id=\"ngg-image-2\" class=\"ngg-gallery-thumbnail-box \" >\n\t\t\t\t        <div class=\"ngg-gallery-thumbnail\">\n            <a href=\"http:\/\/parafiarussocice.pl\/wp-content\/gallery\/niedziela-palmowa-2022\/P4103639.jpeg\"\n               title=\"\"\n               data-src=\"http:\/\/parafiarussocice.pl\/wp-content\/gallery\/niedziela-palmowa-2022\/P4103639.jpeg\"\n               data-thumbnail=\"http:\/\/parafiarussocice.pl\/wp-content\/gallery\/niedziela-palmowa-2022\/thumbs\/thumbs_P4103639.jpeg\"\n               data-image-id=\"1478\"\n               data-title=\"P4103639\"\n               data-description=\"\"\n               data-image-slug=\"p4103639\"\n               class=\"ngg-simplelightbox\" rel=\"266b7aa64a2fa5fb39b91a1475193c9f\">\n                <img\n                    title=\"P4103639\"\n                    alt=\"P4103639\"\n                    src=\"http:\/\/parafiarussocice.pl\/wp-content\/gallery\/niedziela-palmowa-2022\/thumbs\/thumbs_P4103639.jpeg\"\n                    width=\"240\"\n                    height=\"160\"\n                    style=\"max-width:100%;\"\n                \/>\n            <\/a>\n        <\/div>\n\t\t\t\t\t\t\t<\/div> \n\t\t\t\n\t\t\t\t<div id=\"ngg-image-3\" class=\"ngg-gallery-thumbnail-box \" >\n\t\t\t\t        <div class=\"ngg-gallery-thumbnail\">\n            <a href=\"http:\/\/parafiarussocice.pl\/wp-content\/gallery\/niedziela-palmowa-2022\/P4103608.jpeg\"\n               title=\"\"\n               data-src=\"http:\/\/parafiarussocice.pl\/wp-content\/gallery\/niedziela-palmowa-2022\/P4103608.jpeg\"\n               data-thumbnail=\"http:\/\/parafiarussocice.pl\/wp-content\/gallery\/niedziela-palmowa-2022\/thumbs\/thumbs_P4103608.jpeg\"\n               data-image-id=\"1477\"\n               data-title=\"P4103608\"\n               data-description=\"\"\n               data-image-slug=\"p4103608\"\n               class=\"ngg-simplelightbox\" rel=\"266b7aa64a2fa5fb39b91a1475193c9f\">\n                <img\n                    title=\"P4103608\"\n                    alt=\"P4103608\"\n                    src=\"http:\/\/parafiarussocice.pl\/wp-content\/gallery\/niedziela-palmowa-2022\/thumbs\/thumbs_P4103608.jpeg\"\n                    width=\"240\"\n                    height=\"160\"\n                    style=\"max-width:100%;\"\n                \/>\n            <\/a>\n        <\/div>\n\t\t\t\t\t\t\t<\/div> \n\t\t\t\n\t\t\t\t<div id=\"ngg-image-4\" class=\"ngg-gallery-thumbnail-box \" >\n\t\t\t\t        <div class=\"ngg-gallery-thumbnail\">\n            <a href=\"http:\/\/parafiarussocice.pl\/wp-content\/gallery\/niedziela-palmowa-2022\/P4103602.jpeg\"\n               title=\"\"\n               data-src=\"http:\/\/parafiarussocice.pl\/wp-content\/gallery\/niedziela-palmowa-2022\/P4103602.jpeg\"\n               data-thumbnail=\"http:\/\/parafiarussocice.pl\/wp-content\/gallery\/niedziela-palmowa-2022\/thumbs\/thumbs_P4103602.jpeg\"\n               data-image-id=\"1476\"\n               data-title=\"P4103602\"\n               data-description=\"\"\n               data-image-slug=\"p4103602\"\n               class=\"ngg-simplelightbox\" rel=\"266b7aa64a2fa5fb39b91a1475193c9f\">\n                <img\n                    title=\"P4103602\"\n                    alt=\"P4103602\"\n                    src=\"http:\/\/parafiarussocice.pl\/wp-content\/gallery\/niedziela-palmowa-2022\/thumbs\/thumbs_P4103602.jpeg\"\n                    width=\"240\"\n                    height=\"160\"\n                    style=\"max-width:100%;\"\n                \/>\n            <\/a>\n        <\/div>\n\t\t\t\t\t\t\t<\/div> \n\t\t\t\n\t\t\t\t<div id=\"ngg-image-5\" class=\"ngg-gallery-thumbnail-box \" >\n\t\t\t\t        <div class=\"ngg-gallery-thumbnail\">\n            <a href=\"http:\/\/parafiarussocice.pl\/wp-content\/gallery\/niedziela-palmowa-2022\/P4103604.jpeg\"\n               title=\"\"\n               data-src=\"http:\/\/parafiarussocice.pl\/wp-content\/gallery\/niedziela-palmowa-2022\/P4103604.jpeg\"\n               data-thumbnail=\"http:\/\/parafiarussocice.pl\/wp-content\/gallery\/niedziela-palmowa-2022\/thumbs\/thumbs_P4103604.jpeg\"\n               data-image-id=\"1475\"\n               data-title=\"P4103604\"\n               data-description=\"\"\n               data-image-slug=\"p4103604\"\n               class=\"ngg-simplelightbox\" rel=\"266b7aa64a2fa5fb39b91a1475193c9f\">\n                <img\n                    title=\"P4103604\"\n                    alt=\"P4103604\"\n                    src=\"http:\/\/parafiarussocice.pl\/wp-content\/gallery\/niedziela-palmowa-2022\/thumbs\/thumbs_P4103604.jpeg\"\n                    width=\"240\"\n                    height=\"160\"\n                    style=\"max-width:100%;\"\n                \/>\n            <\/a>\n        <\/div>\n\t\t\t\t\t\t\t<\/div> \n\t\t\t\n\t\t\t\t<div id=\"ngg-image-6\" class=\"ngg-gallery-thumbnail-box \" >\n\t\t\t\t        <div class=\"ngg-gallery-thumbnail\">\n            <a href=\"http:\/\/parafiarussocice.pl\/wp-content\/gallery\/niedziela-palmowa-2022\/P4103584.jpeg\"\n               title=\"\"\n               data-src=\"http:\/\/parafiarussocice.pl\/wp-content\/gallery\/niedziela-palmowa-2022\/P4103584.jpeg\"\n               data-thumbnail=\"http:\/\/parafiarussocice.pl\/wp-content\/gallery\/niedziela-palmowa-2022\/thumbs\/thumbs_P4103584.jpeg\"\n               data-image-id=\"1474\"\n               data-title=\"P4103584\"\n               data-description=\"\"\n               data-image-slug=\"p4103584\"\n               class=\"ngg-simplelightbox\" rel=\"266b7aa64a2fa5fb39b91a1475193c9f\">\n                <img\n                    title=\"P4103584\"\n                    alt=\"P4103584\"\n                    src=\"http:\/\/parafiarussocice.pl\/wp-content\/gallery\/niedziela-palmowa-2022\/thumbs\/thumbs_P4103584.jpeg\"\n                    width=\"240\"\n                    height=\"160\"\n                    style=\"max-width:100%;\"\n                \/>\n            <\/a>\n        <\/div>\n\t\t\t\t\t\t\t<\/div> \n\t\t\t\n\t\t\t\t<div id=\"ngg-image-7\" class=\"ngg-gallery-thumbnail-box \" >\n\t\t\t\t        <div class=\"ngg-gallery-thumbnail\">\n            <a href=\"http:\/\/parafiarussocice.pl\/wp-content\/gallery\/niedziela-palmowa-2022\/P4103550.jpeg\"\n               title=\"\"\n               data-src=\"http:\/\/parafiarussocice.pl\/wp-content\/gallery\/niedziela-palmowa-2022\/P4103550.jpeg\"\n               data-thumbnail=\"http:\/\/parafiarussocice.pl\/wp-content\/gallery\/niedziela-palmowa-2022\/thumbs\/thumbs_P4103550.jpeg\"\n               data-image-id=\"1473\"\n               data-title=\"P4103550\"\n               data-description=\"\"\n               data-image-slug=\"p4103550\"\n               class=\"ngg-simplelightbox\" rel=\"266b7aa64a2fa5fb39b91a1475193c9f\">\n                <img\n                    title=\"P4103550\"\n                    alt=\"P4103550\"\n                    src=\"http:\/\/parafiarussocice.pl\/wp-content\/gallery\/niedziela-palmowa-2022\/thumbs\/thumbs_P4103550.jpeg\"\n                    width=\"240\"\n                    height=\"160\"\n                    style=\"max-width:100%;\"\n                \/>\n            <\/a>\n        <\/div>\n\t\t\t\t\t\t\t<\/div> \n\t\t\t\n\t\t\t\t<div id=\"ngg-image-8\" class=\"ngg-gallery-thumbnail-box \" >\n\t\t\t\t        <div class=\"ngg-gallery-thumbnail\">\n            <a href=\"http:\/\/parafiarussocice.pl\/wp-content\/gallery\/niedziela-palmowa-2022\/P4103566.jpeg\"\n               title=\"\"\n               data-src=\"http:\/\/parafiarussocice.pl\/wp-content\/gallery\/niedziela-palmowa-2022\/P4103566.jpeg\"\n               data-thumbnail=\"http:\/\/parafiarussocice.pl\/wp-content\/gallery\/niedziela-palmowa-2022\/thumbs\/thumbs_P4103566.jpeg\"\n               data-image-id=\"1472\"\n               data-title=\"P4103566\"\n               data-description=\"\"\n               data-image-slug=\"p4103566\"\n               class=\"ngg-simplelightbox\" rel=\"266b7aa64a2fa5fb39b91a1475193c9f\">\n                <img\n                    title=\"P4103566\"\n                    alt=\"P4103566\"\n                    src=\"http:\/\/parafiarussocice.pl\/wp-content\/gallery\/niedziela-palmowa-2022\/thumbs\/thumbs_P4103566.jpeg\"\n                    width=\"240\"\n                    height=\"160\"\n                    style=\"max-width:100%;\"\n                \/>\n            <\/a>\n        <\/div>\n\t\t\t\t\t\t\t<\/div> \n\t\t\t\n\t\t\t\t<div id=\"ngg-image-9\" class=\"ngg-gallery-thumbnail-box \" >\n\t\t\t\t        <div class=\"ngg-gallery-thumbnail\">\n            <a href=\"http:\/\/parafiarussocice.pl\/wp-content\/gallery\/niedziela-palmowa-2022\/P4103481.jpeg\"\n               title=\"\"\n               data-src=\"http:\/\/parafiarussocice.pl\/wp-content\/gallery\/niedziela-palmowa-2022\/P4103481.jpeg\"\n               data-thumbnail=\"http:\/\/parafiarussocice.pl\/wp-content\/gallery\/niedziela-palmowa-2022\/thumbs\/thumbs_P4103481.jpeg\"\n               data-image-id=\"1463\"\n               data-title=\"P4103481\"\n               data-description=\"\"\n               data-image-slug=\"p4103481\"\n               class=\"ngg-simplelightbox\" rel=\"266b7aa64a2fa5fb39b91a1475193c9f\">\n                <img\n                    title=\"P4103481\"\n                    alt=\"P4103481\"\n                    src=\"http:\/\/parafiarussocice.pl\/wp-content\/gallery\/niedziela-palmowa-2022\/thumbs\/thumbs_P4103481.jpeg\"\n                    width=\"240\"\n                    height=\"160\"\n                    style=\"max-width:100%;\"\n                \/>\n            <\/a>\n        <\/div>\n\t\t\t\t\t\t\t<\/div> \n\t\t\t\n\t\t\t\t<div id=\"ngg-image-10\" class=\"ngg-gallery-thumbnail-box \" >\n\t\t\t\t        <div class=\"ngg-gallery-thumbnail\">\n            <a href=\"http:\/\/parafiarussocice.pl\/wp-content\/gallery\/niedziela-palmowa-2022\/P4103527.jpeg\"\n               title=\"\"\n               data-src=\"http:\/\/parafiarussocice.pl\/wp-content\/gallery\/niedziela-palmowa-2022\/P4103527.jpeg\"\n               data-thumbnail=\"http:\/\/parafiarussocice.pl\/wp-content\/gallery\/niedziela-palmowa-2022\/thumbs\/thumbs_P4103527.jpeg\"\n               data-image-id=\"1470\"\n               data-title=\"P4103527\"\n               data-description=\"\"\n               data-image-slug=\"p4103527\"\n               class=\"ngg-simplelightbox\" rel=\"266b7aa64a2fa5fb39b91a1475193c9f\">\n                <img\n                    title=\"P4103527\"\n                    alt=\"P4103527\"\n                    src=\"http:\/\/parafiarussocice.pl\/wp-content\/gallery\/niedziela-palmowa-2022\/thumbs\/thumbs_P4103527.jpeg\"\n                    width=\"240\"\n                    height=\"160\"\n                    style=\"max-width:100%;\"\n                \/>\n            <\/a>\n        <\/div>\n\t\t\t\t\t\t\t<\/div> \n\t\t\t\n\t\t\t\t<div id=\"ngg-image-11\" class=\"ngg-gallery-thumbnail-box \" >\n\t\t\t\t        <div class=\"ngg-gallery-thumbnail\">\n            <a href=\"http:\/\/parafiarussocice.pl\/wp-content\/gallery\/niedziela-palmowa-2022\/P4103535.jpeg\"\n               title=\"\"\n               data-src=\"http:\/\/parafiarussocice.pl\/wp-content\/gallery\/niedziela-palmowa-2022\/P4103535.jpeg\"\n               data-thumbnail=\"http:\/\/parafiarussocice.pl\/wp-content\/gallery\/niedziela-palmowa-2022\/thumbs\/thumbs_P4103535.jpeg\"\n               data-image-id=\"1469\"\n               data-title=\"P4103535\"\n               data-description=\"\"\n               data-image-slug=\"p4103535\"\n               class=\"ngg-simplelightbox\" rel=\"266b7aa64a2fa5fb39b91a1475193c9f\">\n                <img\n                    title=\"P4103535\"\n                    alt=\"P4103535\"\n                    src=\"http:\/\/parafiarussocice.pl\/wp-content\/gallery\/niedziela-palmowa-2022\/thumbs\/thumbs_P4103535.jpeg\"\n                    width=\"240\"\n                    height=\"160\"\n                    style=\"max-width:100%;\"\n                \/>\n            <\/a>\n        <\/div>\n\t\t\t\t\t\t\t<\/div> \n\t\t\t\n\t\t\t\t<div id=\"ngg-image-12\" class=\"ngg-gallery-thumbnail-box \" >\n\t\t\t\t        <div class=\"ngg-gallery-thumbnail\">\n            <a href=\"http:\/\/parafiarussocice.pl\/wp-content\/gallery\/niedziela-palmowa-2022\/P4103459.jpeg\"\n               title=\"\"\n               data-src=\"http:\/\/parafiarussocice.pl\/wp-content\/gallery\/niedziela-palmowa-2022\/P4103459.jpeg\"\n               data-thumbnail=\"http:\/\/parafiarussocice.pl\/wp-content\/gallery\/niedziela-palmowa-2022\/thumbs\/thumbs_P4103459.jpeg\"\n               data-image-id=\"1468\"\n               data-title=\"P4103459\"\n               data-description=\"\"\n               data-image-slug=\"p4103459\"\n               class=\"ngg-simplelightbox\" rel=\"266b7aa64a2fa5fb39b91a1475193c9f\">\n                <img\n                    title=\"P4103459\"\n                    alt=\"P4103459\"\n                    src=\"http:\/\/parafiarussocice.pl\/wp-content\/gallery\/niedziela-palmowa-2022\/thumbs\/thumbs_P4103459.jpeg\"\n                    width=\"240\"\n                    height=\"160\"\n                    style=\"max-width:100%;\"\n                \/>\n            <\/a>\n        <\/div>\n\t\t\t\t\t\t\t<\/div> \n\t\t\t\n\t\t\t\t<div id=\"ngg-image-13\" class=\"ngg-gallery-thumbnail-box \" >\n\t\t\t\t        <div class=\"ngg-gallery-thumbnail\">\n            <a href=\"http:\/\/parafiarussocice.pl\/wp-content\/gallery\/niedziela-palmowa-2022\/P4103517.jpeg\"\n               title=\"\"\n               data-src=\"http:\/\/parafiarussocice.pl\/wp-content\/gallery\/niedziela-palmowa-2022\/P4103517.jpeg\"\n               data-thumbnail=\"http:\/\/parafiarussocice.pl\/wp-content\/gallery\/niedziela-palmowa-2022\/thumbs\/thumbs_P4103517.jpeg\"\n               data-image-id=\"1467\"\n               data-title=\"P4103517\"\n               data-description=\"\"\n               data-image-slug=\"p4103517\"\n               class=\"ngg-simplelightbox\" rel=\"266b7aa64a2fa5fb39b91a1475193c9f\">\n                <img\n                    title=\"P4103517\"\n                    alt=\"P4103517\"\n                    src=\"http:\/\/parafiarussocice.pl\/wp-content\/gallery\/niedziela-palmowa-2022\/thumbs\/thumbs_P4103517.jpeg\"\n                    width=\"240\"\n                    height=\"160\"\n                    style=\"max-width:100%;\"\n                \/>\n            <\/a>\n        <\/div>\n\t\t\t\t\t\t\t<\/div> \n\t\t\t\n\t\t\t\t<div id=\"ngg-image-14\" class=\"ngg-gallery-thumbnail-box \" >\n\t\t\t\t        <div class=\"ngg-gallery-thumbnail\">\n            <a href=\"http:\/\/parafiarussocice.pl\/wp-content\/gallery\/niedziela-palmowa-2022\/P4103511.jpeg\"\n               title=\"\"\n               data-src=\"http:\/\/parafiarussocice.pl\/wp-content\/gallery\/niedziela-palmowa-2022\/P4103511.jpeg\"\n               data-thumbnail=\"http:\/\/parafiarussocice.pl\/wp-content\/gallery\/niedziela-palmowa-2022\/thumbs\/thumbs_P4103511.jpeg\"\n               data-image-id=\"1466\"\n               data-title=\"P4103511\"\n               data-description=\"\"\n               data-image-slug=\"p4103511\"\n               class=\"ngg-simplelightbox\" rel=\"266b7aa64a2fa5fb39b91a1475193c9f\">\n                <img\n                    title=\"P4103511\"\n                    alt=\"P4103511\"\n                    src=\"http:\/\/parafiarussocice.pl\/wp-content\/gallery\/niedziela-palmowa-2022\/thumbs\/thumbs_P4103511.jpeg\"\n                    width=\"240\"\n                    height=\"160\"\n                    style=\"max-width:100%;\"\n                \/>\n            <\/a>\n        <\/div>\n\t\t\t\t\t\t\t<\/div> \n\t\t\t\n\t\t\t\t<div id=\"ngg-image-15\" class=\"ngg-gallery-thumbnail-box \" >\n\t\t\t\t        <div class=\"ngg-gallery-thumbnail\">\n            <a href=\"http:\/\/parafiarussocice.pl\/wp-content\/gallery\/niedziela-palmowa-2022\/P4103478.jpeg\"\n               title=\"\"\n               data-src=\"http:\/\/parafiarussocice.pl\/wp-content\/gallery\/niedziela-palmowa-2022\/P4103478.jpeg\"\n               data-thumbnail=\"http:\/\/parafiarussocice.pl\/wp-content\/gallery\/niedziela-palmowa-2022\/thumbs\/thumbs_P4103478.jpeg\"\n               data-image-id=\"1465\"\n               data-title=\"P4103478\"\n               data-description=\"\"\n               data-image-slug=\"p4103478\"\n               class=\"ngg-simplelightbox\" rel=\"266b7aa64a2fa5fb39b91a1475193c9f\">\n                <img\n                    title=\"P4103478\"\n                    alt=\"P4103478\"\n                    src=\"http:\/\/parafiarussocice.pl\/wp-content\/gallery\/niedziela-palmowa-2022\/thumbs\/thumbs_P4103478.jpeg\"\n                    width=\"240\"\n                    height=\"160\"\n                    style=\"max-width:100%;\"\n                \/>\n            <\/a>\n        <\/div>\n\t\t\t\t\t\t\t<\/div> \n\t\t\t\n\t\t\t\t<div id=\"ngg-image-16\" class=\"ngg-gallery-thumbnail-box \" >\n\t\t\t\t        <div class=\"ngg-gallery-thumbnail\">\n            <a href=\"http:\/\/parafiarussocice.pl\/wp-content\/gallery\/niedziela-palmowa-2022\/P4103495.jpeg\"\n               title=\"\"\n               data-src=\"http:\/\/parafiarussocice.pl\/wp-content\/gallery\/niedziela-palmowa-2022\/P4103495.jpeg\"\n               data-thumbnail=\"http:\/\/parafiarussocice.pl\/wp-content\/gallery\/niedziela-palmowa-2022\/thumbs\/thumbs_P4103495.jpeg\"\n               data-image-id=\"1464\"\n               data-title=\"P4103495\"\n               data-description=\"\"\n               data-image-slug=\"p4103495\"\n               class=\"ngg-simplelightbox\" rel=\"266b7aa64a2fa5fb39b91a1475193c9f\">\n                <img\n                    title=\"P4103495\"\n                    alt=\"P4103495\"\n                    src=\"http:\/\/parafiarussocice.pl\/wp-content\/gallery\/niedziela-palmowa-2022\/thumbs\/thumbs_P4103495.jpeg\"\n                    width=\"240\"\n                    height=\"160\"\n                    style=\"max-width:100%;\"\n                \/>\n            <\/a>\n        <\/div>\n\t\t\t\t\t\t\t<\/div> \n\t\t\t\n\t\n\t<br style=\"clear: both\" \/>\n\n\t\n\t\t<!-- Pagination -->\n\t<div class='ngg-clear'><\/div>\t<\/div>\n<\/div>\n","protected":false},"excerpt":{"rendered":"<p>Niedziel\u0105 Palmow\u0105 rozpocz\u0119li\u015bmy Wielki Tydzie\u0144. Na Mszy \u015awi\u0119tej o godz. 12.15 uroczy\u015bcie po\u015bwi\u0119cili\u015bmy palmy oraz modlili\u015bmy si\u0119 za ofiary katastrofy smole\u0144skiej.<\/p>\n","protected":false},"author":1,"featured_media":6893,"parent":0,"menu_order":0,"comment_status":"closed","ping_status":"closed","template":"","meta":{"ngg_post_thumbnail":0},"_links":{"self":[{"href":"http:\/\/parafiarussocice.pl\/index.php\/wp-json\/wp\/v2\/pages\/6888"}],"collection":[{"href":"http:\/\/parafiarussocice.pl\/index.php\/wp-json\/wp\/v2\/pages"}],"about":[{"href":"http:\/\/parafiarussocice.pl\/index.php\/wp-json\/wp\/v2\/types\/page"}],"author":[{"embeddable":true,"href":"http:\/\/parafiarussocice.pl\/index.php\/wp-json\/wp\/v2\/users\/1"}],"replies":[{"embeddable":true,"href":"http:\/\/parafiarussocice.pl\/index.php\/wp-json\/wp\/v2\/comments?post=6888"}],"version-history":[{"count":1,"href":"http:\/\/parafiarussocice.pl\/index.php\/wp-json\/wp\/v2\/pages\/6888\/revisions"}],"predecessor-version":[{"id":6891,"href":"http:\/\/parafiarussocice.pl\/index.php\/wp-json\/wp\/v2\/pages\/6888\/revisions\/6891"}],"wp:featuredmedia":[{"embeddable":true,"href":"http:\/\/parafiarussocice.pl\/index.php\/wp-json\/wp\/v2\/media\/6893"}],"wp:attachment":[{"href":"http:\/\/parafiarussocice.pl\/index.php\/wp-json\/wp\/v2\/media?parent=6888"}],"curies":[{"name":"wp","href":"https:\/\/api.w.org\/{rel}","templated":true}]}}