{"id":675,"date":"2017-12-15T07:04:32","date_gmt":"2017-12-15T07:04:32","guid":{"rendered":"http:\/\/parafiarussocice.pl\/?page_id=675"},"modified":"2020-11-19T08:04:20","modified_gmt":"2020-11-19T08:04:20","slug":"wydarzenia-2","status":"publish","type":"page","link":"http:\/\/parafiarussocice.pl\/index.php\/wydarzenia-2\/","title":{"rendered":"Wydarzenia"},"content":{"rendered":"<p><a href=\"http:\/\/parafiarussocice.pl\/index.php\/dozynki-2020\/dsc_0427\/\" rel=\"attachment wp-att-6028\"><img loading=\"lazy\" class=\"alignleft size-thumbnail wp-image-6028\" src=\"http:\/\/parafiarussocice.pl\/wp-content\/uploads\/2020\/09\/DSC_0427-150x150.jpg\" alt=\"\" width=\"150\" height=\"150\"><\/a><a href=\"http:\/\/parafiarussocice.pl\/index.php\/dozynki-2020\/\">Do\u017cynki 2020<\/a><\/p>\r\n<p>&nbsp;<\/p>\r\n<p>&nbsp;<\/p>\r\n<p>&nbsp;<\/p>\r\n<p><a href=\"http:\/\/parafiarussocice.pl\/index.php\/uroczystosc-sw-michala-archaniola-odpust\/olympus-digital-camera-345\/\" rel=\"attachment wp-att-6090\"><img loading=\"lazy\" class=\"alignleft wp-image-6090 size-thumbnail\" src=\"http:\/\/parafiarussocice.pl\/wp-content\/uploads\/2020\/10\/P9294218-150x150.jpeg\" alt=\"\" width=\"150\" height=\"150\"><\/a><a href=\"http:\/\/parafiarussocice.pl\/index.php\/uroczystosc-sw-michala-archaniola-odpust\/\">Uroczysto\u015b\u0107 \u015bw. Micha\u0142a Archanio\u0142a \u2013 odpust<\/a><\/p>\r\n<p>&nbsp;<\/p>\r\n<p>&nbsp;<\/p>\r\n<p>&nbsp;<\/p>\r\n<p><a href=\"http:\/\/parafiarussocice.pl\/dsc_0145\/\"><img loading=\"lazy\" class=\"alignleft size-thumbnail wp-image-5757\" src=\"http:\/\/parafiarussocice.pl\/wp-content\/uploads\/2020\/09\/DSC_0145-150x150.jpg\" alt=\"\" width=\"150\" height=\"150\"><\/a><a href=\"http:\/\/parafiarussocice.pl\/index.php\/15-sierpnia-100-rocznica-cudu-nad-wisla\/\">15 sierpnia &#8211; 100. rocznica Cudu nad Wis\u0142\u0105<\/a><\/p>\r\n<p>&nbsp;<\/p>\r\n<p>&nbsp;<\/p>\r\n<p>&nbsp;<\/p>\r\n<p><a href=\"http:\/\/parafiarussocice.pl\/index.php\/wprowadzenie-ks-pral-pplk-krzysztofa-karpinskiego-na-urzad-proboszcza\/dsc_6155\/\" rel=\"attachment wp-att-5570\"><img loading=\"lazy\" class=\"alignleft size-thumbnail wp-image-5570\" src=\"http:\/\/parafiarussocice.pl\/wp-content\/uploads\/2020\/07\/DSC_6155-150x150.jpg\" alt=\"\" width=\"150\" height=\"150\"><\/a><a href=\"http:\/\/parafiarussocice.pl\/index.php\/wprowadzenie-ks-pral-pplk-krzysztofa-karpinskiego-na-urzad-proboszcza\/\">Uroczysto\u015b\u0107 wprowadzenia ks. pra\u0142. pp\u0142k Krzysztofa Karpi\u0144skiego na urz\u0105d Proboszcza<\/a><\/p>\r\n<p>&nbsp;<\/p>\r\n<p>&nbsp;<\/p>\r\n<p><a href=\"http:\/\/parafiarussocice.pl\/index.php\/wydarzenia-2\/olympus-digital-camera-344\/\" rel=\"attachment wp-att-5552\"><img loading=\"lazy\" class=\"alignleft wp-image-5552 size-thumbnail\" src=\"http:\/\/parafiarussocice.pl\/wp-content\/uploads\/2020\/06\/P6240599-150x150.jpg\" alt=\"\" width=\"150\" height=\"150\"><\/a><a href=\"http:\/\/parafiarussocice.pl\/index.php\/2020\/06\/30\/autentyczny-swiadek-chrystusa-staje-w-obronie-wartosci\/\">Bierzmowanie 2020<\/a><\/p>\r\n<p>&nbsp;<\/p>\r\n<p>&nbsp;<\/p>\r\n<p>&nbsp;<\/p>\r\n<p><a href=\"http:\/\/parafiarussocice.pl\/index.php\/wydarzenia-2\/dsc00133\/\" rel=\"attachment wp-att-5498\"><img loading=\"lazy\" class=\"alignleft wp-image-5498 size-thumbnail\" src=\"http:\/\/parafiarussocice.pl\/wp-content\/uploads\/2020\/06\/DSC00133-150x150.jpg\" alt=\"\" width=\"150\" height=\"150\"><\/a><a href=\"http:\/\/parafiarussocice.pl\/index.php\/2020\/06\/27\/blogoslawienstwo-krzyza-w-mariantowie\/\">Po\u015bwi\u0119cenie Krzy\u017ca w Mariantowie<\/a><\/p>\r\n<p>&nbsp;<\/p>\r\n<p>&nbsp;<\/p>\r\n<p>&nbsp;<\/p>\r\n<p><a href=\"http:\/\/parafiarussocice.pl\/index.php\/2020\/06\/17\/bukiet-urodzinowy-dla-jana-pawla-ii\/plakat_100x100_pl-1-724x1024\/\" rel=\"attachment wp-att-5470\"><img loading=\"lazy\" class=\"alignleft wp-image-5470 size-thumbnail\" src=\"http:\/\/parafiarussocice.pl\/wp-content\/uploads\/2020\/06\/Plakat_100x100_PL-1-724x1024-1-150x150.jpg\" alt=\"\" width=\"150\" height=\"150\"><\/a><a href=\"http:\/\/parafiarussocice.pl\/index.php\/2020\/06\/17\/bukiet-urodzinowy-dla-jana-pawla-ii\/\">Bukiet urodzinowy dla Jana Paw\u0142a II<\/a><\/p>\r\n<p>&nbsp;<\/p>\r\n<p>&nbsp;<\/p>\r\n<p>&nbsp;<\/p>\r\n<p style=\"text-align: left;\"><a href=\"http:\/\/parafiarussocice.pl\/index.php\/wydarzenia-2\/dsc00103\/\" rel=\"attachment wp-att-5448\"><img loading=\"lazy\" class=\"alignleft size-thumbnail wp-image-5448\" src=\"http:\/\/parafiarussocice.pl\/wp-content\/uploads\/2020\/06\/DSC00103-150x150.jpg\" alt=\"\" width=\"150\" height=\"150\"><\/a><a href=\"http:\/\/parafiarussocice.pl\/index.php\/2020\/06\/17\/upadnij-na-kolana-boze-cialo-2020\/\">&#8222;Upadnij na kolana&#8221; &#8211; Bo\u017ce Cia\u0142o 2020<\/a><\/p>\r\n<p>&nbsp;<\/p>\r\n<p>&nbsp;<\/p>\r\n<p>&nbsp;<\/p>\r\n<p><a href=\"http:\/\/parafiarussocice.pl\/index.php\/wydarzenia-2\/received_247764372951554\/\" rel=\"attachment wp-att-5349\"><img loading=\"lazy\" class=\"alignleft size-thumbnail wp-image-5349\" src=\"http:\/\/parafiarussocice.pl\/wp-content\/uploads\/2020\/05\/received_247764372951554-150x150.jpeg\" alt=\"\" width=\"150\" height=\"150\"><\/a><a href=\"http:\/\/parafiarussocice.pl\/index.php\/2020\/05\/23\/nowy-krzyz-w-natalii\/\">Nowy Krzy\u017c w Natalii<\/a><\/p>\r\n<p>&nbsp;<\/p>\r\n<p>&nbsp;<\/p>\r\n<p>&nbsp;<\/p>\r\n<p style=\"text-align: left;\"><a href=\"http:\/\/parafiarussocice.pl\/index.php\/wydarzenia-2\/fatima\/\" rel=\"attachment wp-att-5212\"><img loading=\"lazy\" class=\"alignleft size-thumbnail wp-image-5212\" src=\"http:\/\/parafiarussocice.pl\/wp-content\/uploads\/2020\/05\/fatima-150x150.jpg\" alt=\"\" width=\"150\" height=\"150\"><\/a><a href=\"http:\/\/parafiarussocice.pl\/index.php\/2020\/05\/15\/5196\/\">Prorocka Misja Fatimy wci\u0105\u017c trwa<\/a><\/p>\r\n<p>&nbsp;<\/p>\r\n<p>&nbsp;<\/p>\r\n<p>&nbsp;<\/p>\r\n<p><a href=\"http:\/\/parafiarussocice.pl\/index.php\/wydarzenia-2\/img-20200503-wa0018\/\" rel=\"attachment wp-att-5176\"><img loading=\"lazy\" class=\"alignleft  wp-image-5176\" src=\"http:\/\/parafiarussocice.pl\/wp-content\/uploads\/2020\/05\/IMG-20200503-WA0018.jpg\" alt=\"\" width=\"172\" height=\"114\" srcset=\"http:\/\/parafiarussocice.pl\/wp-content\/uploads\/2020\/05\/IMG-20200503-WA0018.jpg 1599w, http:\/\/parafiarussocice.pl\/wp-content\/uploads\/2020\/05\/IMG-20200503-WA0018-300x200.jpg 300w, http:\/\/parafiarussocice.pl\/wp-content\/uploads\/2020\/05\/IMG-20200503-WA0018-1024x683.jpg 1024w, http:\/\/parafiarussocice.pl\/wp-content\/uploads\/2020\/05\/IMG-20200503-WA0018-768x512.jpg 768w, http:\/\/parafiarussocice.pl\/wp-content\/uploads\/2020\/05\/IMG-20200503-WA0018-1536x1024.jpg 1536w\" sizes=\"(max-width: 172px) 100vw, 172px\" \/><\/a><a href=\"http:\/\/parafiarussocice.pl\/index.php\/2020\/05\/07\/5155\/\">Zawierzaj\u0105c Maryi losy Ojczyzny<\/a><\/p>\r\n<p>&nbsp;<\/p>\r\n<p>&nbsp;<\/p>\r\n<p>&nbsp;<\/p>\r\n<p style=\"text-align: left;\"><a href=\"http:\/\/parafiarussocice.pl\/index.php\/wydarzenia-2\/olympus-digital-camera-343\/\" rel=\"attachment wp-att-3161\"><img loading=\"lazy\" class=\"alignleft  wp-image-3161\" src=\"http:\/\/parafiarussocice.pl\/wp-content\/uploads\/2020\/04\/P4190337.jpeg\" alt=\"\" width=\"131\" height=\"197\" srcset=\"http:\/\/parafiarussocice.pl\/wp-content\/uploads\/2020\/04\/P4190337.jpeg 3072w, http:\/\/parafiarussocice.pl\/wp-content\/uploads\/2020\/04\/P4190337-200x300.jpeg 200w, http:\/\/parafiarussocice.pl\/wp-content\/uploads\/2020\/04\/P4190337-768x1152.jpeg 768w, http:\/\/parafiarussocice.pl\/wp-content\/uploads\/2020\/04\/P4190337-683x1024.jpeg 683w\" sizes=\"(max-width: 131px) 100vw, 131px\" \/><\/a><a href=\"http:\/\/parafiarussocice.pl\/index.php\/2020\/04\/21\/jezus-milosierny-jako-boski-lekarz-idacy-z-pomoca\/\">Jezus Mi\u0142osierny &#8211; Boski Lekarz id\u0105cy z pomoc\u0105<\/a><br><br><\/p>\r\n<p>&nbsp;<\/p>\r\n<p>&nbsp;<\/p>\r\n<p>&nbsp;<\/p>\r\n<p><a href=\"http:\/\/parafiarussocice.pl\/dsc09644-2\/\" rel=\"attachment wp-att-3052\"><img loading=\"lazy\" class=\"alignleft size-thumbnail wp-image-3052\" src=\"http:\/\/parafiarussocice.pl\/wp-content\/uploads\/2020\/04\/DSC09644-1-150x150.jpg\" alt=\"\" width=\"150\" height=\"150\"><\/a>Triduum Paschalne 2020<br><a href=\"http:\/\/parafiarussocice.pl\/index.php\/2020\/04\/17\/msza-swieta-rezurekcyjna-rezurekcja-lac-resurrexit\/\">Msza \u015awi\u0119ta&nbsp; Rezurekcyjna<\/a><\/p>\r\n<p>&nbsp;<\/p>\r\n<p>&nbsp;<\/p>\r\n<p>&nbsp;<\/p>\r\n<p><a href=\"http:\/\/parafiarussocice.pl\/index.php\/2020\/04\/15\/wielka-sobota\/\"><img loading=\"lazy\" class=\"size-thumbnail wp-image-2983 alignleft\" src=\"http:\/\/parafiarussocice.pl\/wp-content\/uploads\/2020\/04\/P4119679-150x150.jpeg\" alt=\"\" width=\"150\" height=\"150\">Triduum Paschalne 2020<br>Wigilia Paschalna<\/a><\/p>\r\n<p>&nbsp;<\/p>\r\n<p>&nbsp;<\/p>\r\n<p>&nbsp;<\/p>\r\n<p><img loading=\"lazy\" class=\"size-thumbnail wp-image-2934 alignleft\" src=\"http:\/\/parafiarussocice.pl\/wp-content\/uploads\/2020\/04\/20200414_121556-150x150.jpg\" alt=\"\" width=\"150\" height=\"150\"><\/p>\r\n<p><a href=\"http:\/\/parafiarussocice.pl\/index.php\/2020\/04\/14\/cisza-wielkiej-soboty\/\">Cisza wielkiej soboty<\/a><\/p>\r\n<p>&nbsp;<\/p>\r\n<p>&nbsp;<\/p>\r\n<p>&nbsp;<\/p>\r\n<p><img loading=\"lazy\" class=\"size-thumbnail wp-image-2892 alignleft\" src=\"http:\/\/parafiarussocice.pl\/wp-content\/uploads\/2020\/04\/DSC09602-150x150.jpg\" alt=\"\" width=\"150\" height=\"150\">Triduum Paschalne 2020<br><a href=\"http:\/\/parafiarussocice.pl\/index.php\/2020\/04\/12\/liturgia-meki-panskiej\/\">Liturgia M\u0119ki Pa\u0144skiej<\/a><\/p>\r\n<p>&nbsp;<\/p>\r\n<p>&nbsp;<\/p>\r\n<p>&nbsp;<\/p>\r\n<p style=\"text-align: left;\"><img loading=\"lazy\" class=\"size-thumbnail wp-image-2826 alignleft\" src=\"http:\/\/parafiarussocice.pl\/wp-content\/uploads\/2020\/04\/DSC09553-150x150.jpg\" alt=\"\" width=\"150\" height=\"150\">Triduum Paschalne 2020<br><a href=\"http:\/\/parafiarussocice.pl\/index.php\/2020\/04\/10\/wielki-czwartek\/\">Msza Wieczerzy Pa\u0144skiej<\/a><\/p>\r\n<p>&nbsp;<\/p>\r\n<p>&nbsp;<\/p>\r\n<p>&nbsp;<\/p>\r\n<p><a href=\"http:\/\/parafiarussocice.pl\/index.php\/2020\/04\/10\/w-trudnych-czasach-na-caritas-zawsze-mozna-liczyc\/\"><img loading=\"lazy\" class=\"size-thumbnail wp-image-2787 alignleft\" src=\"http:\/\/parafiarussocice.pl\/wp-content\/uploads\/2020\/04\/caritas-150x150.jpg\" alt=\"\" width=\"150\" height=\"150\">&#8222;P<\/a><a href=\"http:\/\/parafiarussocice.pl\/index.php\/2020\/04\/10\/w-trudnych-czasach-na-caritas-zawsze-mozna-liczyc\/\">omoc dla seniora&#8221;<\/a><\/p>\r\n<p>&nbsp;<\/p>\r\n<p>&nbsp;<\/p>\r\n<p>&nbsp;<\/p>\r\n<p style=\"text-align: left;\"><a href=\"http:\/\/parafiarussocice.pl\/wp-content\/uploads\/2020\/03\/Podziekowanie.png\"><img loading=\"lazy\" class=\"alignleft wp-image-2505 size-thumbnail\" src=\"http:\/\/parafiarussocice.pl\/wp-content\/uploads\/2020\/03\/Podziekowanie-150x150.png\" alt=\"\" width=\"150\" height=\"150\"><\/a><a href=\"http:\/\/parafiarussocice.pl\/wp-content\/uploads\/2020\/03\/Podziekowanie.png\">Podzi\u0119kowanie<\/a><br>dla ks. Wikariusza Dawida Brauera oraz Parafian<\/p>\r\n<p>&nbsp;<\/p>\r\n<p>&nbsp;<\/p>\r\n<p>&nbsp;<\/p>\r\n<p><img loading=\"lazy\" class=\"size-thumbnail wp-image-2541 alignleft\" src=\"http:\/\/parafiarussocice.pl\/wp-content\/uploads\/2020\/03\/P3037093-150x150.jpeg\" alt=\"\" width=\"150\" height=\"150\"><\/p>\r\n<p><a href=\"http:\/\/parafiarussocice.pl\/index.php\/rozpamietujac-koniec-ich-zycia-nasladujcie-ich-wiare\">Rozpami\u0119tuj\u0105c koniec ich \u017cycia&#8230;<\/a><\/p>\r\n<p>&nbsp;<\/p>\r\n<p>&nbsp;<\/p>\r\n<p>&nbsp;<\/p>\r\n<p><a href=\"http:\/\/parafiarussocice.pl\/index.php\/wydarzenia-2\/dsc09322\/\" rel=\"attachment wp-att-3262\"><img loading=\"lazy\" class=\"alignleft size-thumbnail wp-image-3262\" src=\"http:\/\/parafiarussocice.pl\/wp-content\/uploads\/2020\/04\/DSC09322-150x150.jpg\" alt=\"\" width=\"150\" height=\"150\"><\/a><a href=\"http:\/\/parafiarussocice.pl\/index.php\/2020\/04\/23\/i-stal-sie-czlowiekiem-swieta-narodzenia-panskiego-2019\/\">&#8221;I sta\u0142 si\u0119 cz\u0142owiekiem&#8221; &#8211; \u015awi\u0119ta Bo\u017cego Narodzenia 2019<\/a><\/p>\r\n<p>&nbsp;<\/p>\r\n<p>&nbsp;<\/p>\r\n<p>&nbsp;<\/p>\r\n<p><a href=\"http:\/\/parafiarussocice.pl\/index.php\/2020\/04\/18\/rekolekcje-i-odpust-parafialny\/\" rel=\"attachment wp-att-3114\"><img loading=\"lazy\" class=\"size-thumbnail wp-image-3114 alignleft\" src=\"http:\/\/parafiarussocice.pl\/wp-content\/uploads\/2020\/04\/20200418_121546-1-e1587228389803-150x150.jpg\" alt=\"\" width=\"150\" height=\"150\"><\/a><a href=\"http:\/\/parafiarussocice.pl\/index.php\/2020\/04\/18\/rekolekcje-i-odpust-parafialny\/\">Rekolekcje i Odpust Parafialny<\/a><\/p>\r\n<p>&nbsp;<\/p>\r\n<p>&nbsp;<\/p>\r\n<p>&nbsp;<\/p>\r\n<p style=\"text-align: left;\"><img loading=\"lazy\" class=\"size-thumbnail wp-image-2860 alignnone\" src=\"http:\/\/parafiarussocice.pl\/wp-content\/uploads\/2020\/04\/P6200361-150x150.jpg\" alt=\"\" width=\"150\" height=\"150\">&nbsp; &nbsp;&nbsp; &nbsp;&nbsp; <a href=\"http:\/\/parafiarussocice.pl\/index.php\/2020\/04\/11\/uroczystosc-bozego-ciala\/\">Uroczysto\u015b\u0107 Bo\u017cego Cia\u0142a<\/a><\/p>\r\n<p><a href=\"http:\/\/parafiarussocice.pl\/index.php\/2019\/12\/24\/eucharystia-mlodych-2\/\">Eucharystia M\u0142odych<\/a><\/p>\r\n<p style=\"text-align: left;\"><a href=\"http:\/\/parafiarussocice.pl\/index.php\/2019\/11\/05\/tanczyc-ze-swietymi\/\">Bal Wszystkich \u015awi\u0119tych<\/a><\/p>\r\n<p style=\"text-align: left;\"><a href=\"http:\/\/parafiarussocice.pl\/index.php\/2019\/10\/24\/wstancie-chodzmy\/\">Dzie\u0144 Papieski<\/a><\/p>\r\n<p style=\"text-align: left;\"><a href=\"http:\/\/parafiarussocice.pl\/index.php\/2019\/10\/22\/akcja-sw-krzysztof-2019-1-gr-za-1-km\/\">\u015aw. Krzysztof &#8211; 1 gr za 1 km<\/a><\/p>\r\n<p style=\"text-align: left;\"><a href=\"http:\/\/parafiarussocice.pl\/index.php\/2019\/10\/18\/tornister-misyjny\/\">Tornister misyjny<\/a><\/p>\r\n<p style=\"text-align: left;\"><a href=\"http:\/\/parafiarussocice.pl\/index.php\/2019\/10\/18\/2017\/\">Po\u015bwi\u0119cenie Kapliczki Matki Bo\u017cej Niepokalanej<\/a><\/p>\r\n<p style=\"text-align: left;\"><a href=\"http:\/\/parafiarussocice.pl\/index.php\/2019\/10\/11\/1983\/\">Po\u015bwi\u0119cenie Krzy\u017ca w Przemys\u0142awowie<\/a><\/p>\r\n<p style=\"text-align: left;\"><a href=\"http:\/\/parafiarussocice.pl\/index.php\/2019\/09\/17\/1917\/\">Po\u015bwi\u0119cenie Krzy\u017ca w Kamionce<\/a><\/p>\r\n<p style=\"text-align: left;\"><a href=\"http:\/\/parafiarussocice.pl\/index.php\/2019\/09\/13\/prorocka-misja-fatimy-wciaz-trwa\/\">Kapliczka w Miko\u0142ajewie<\/a><\/p>\r\n<p style=\"text-align: left;\"><a href=\"http:\/\/parafiarussocice.pl\/index.php\/2019\/09\/11\/bierzmowanie-2019\/\">Bierzmowanie 2019<\/a><\/p>\r\n<p style=\"text-align: left;\"><a href=\"http:\/\/parafiarussocice.pl\/index.php\/wprowadzenie\/\">Uroczysto\u015b\u0107 wprowadzenia Ks. S\u0142awomira \u015awierada Pettke na urz\u0105d Proboszcza<\/a><\/p>\r\n<p style=\"text-align: left;\"><a href=\"http:\/\/parafiarussocice.pl\/index.php\/uroczystosci-pogrzeb-ksiedza-proboszcza-kan-andrzeja-kaczmarka\/\">Uroczysto\u015bci pogrzebowe Ks. Proboszcza Andrzeja Kaczmarka<\/a><\/p>\r\n<p style=\"text-align: left;\"><a href=\"http:\/\/parafiarussocice.pl\/index.php\/dni-skupienia-u-oblatow\/\">Dni Skupienia u Oblat\u00f3w<\/a><\/p>\r\n<p style=\"text-align: left;\"><a href=\"http:\/\/parafiarussocice.pl\/index.php\/niedziela-misyjna\/\">Niedziela Misyjna<\/a><\/p>\r\n<p style=\"text-align: left;\"><a href=\"http:\/\/parafiarussocice.pl\/index.php\/dni-skupienia-u-siostr-wspolnej-pracy\/\">Dni skupienia u Si\u00f3str Wsp\u00f3lnej Pracy<\/a><\/p>\r\n<p style=\"text-align: left;\"><a href=\"http:\/\/parafiarussocice.pl\/index.php\/stadion-mlodych-3\/\">Stadion M\u0142odych<\/a><\/p>\r\n<p style=\"text-align: left;\"><a href=\"http:\/\/parafiarussocice.pl\/index.php\/figura-sw-michala-archaniola\/\">Peregrynacja figury \u015bw. Micha\u0142a Archanio\u0142a z Gargano<\/a><\/p>\r\n<ul style=\"text-align: left;\">\r\n<li style=\"list-style-type: none;\">\r\n<ul>\r\n<li id=\"menu-item-866\" class=\"menu-item menu-item-type-post_type menu-item-object-page menu-item-866\"><a href=\"http:\/\/parafiarussocice.pl\/index.php\/droga-krzyzowa-2018\/\">Droga krzy\u017cowa 2018<\/a><\/li>\r\n<\/ul>\r\n<\/li>\r\n<\/ul>\r\n<ul>\r\n<li style=\"list-style-type: none;\">\r\n<ul>\r\n<li id=\"menu-item-890\" class=\"menu-item menu-item-type-post_type menu-item-object-page menu-item-890\" style=\"text-align: left;\"><a href=\"http:\/\/parafiarussocice.pl\/index.php\/niedziela-palmowa-2018\/\">Niedziela Palmowa 2018<\/a><\/li>\r\n<\/ul>\r\n<\/li>\r\n<\/ul>\r\n<ul>\r\n<li style=\"list-style-type: none;\">\r\n<ul>\r\n<li id=\"menu-item-906\" class=\"menu-item menu-item-type-post_type menu-item-object-page menu-item-906\" style=\"text-align: left;\"><a href=\"http:\/\/parafiarussocice.pl\/index.php\/wielki-czwartek-2018\/\">Wielki Czwartek 2018<\/a><\/li>\r\n<\/ul>\r\n<\/li>\r\n<\/ul>\r\n<ul>\r\n<li style=\"list-style-type: none;\">\r\n<ul>\r\n<li id=\"menu-item-923\" class=\"menu-item menu-item-type-post_type menu-item-object-page menu-item-923\" style=\"text-align: left;\"><a href=\"http:\/\/parafiarussocice.pl\/index.php\/wielki-piatek-2018\/\">Wielki Pi\u0105tek 2018<\/a><\/li>\r\n<\/ul>\r\n<\/li>\r\n<\/ul>\r\n<ul>\r\n<li style=\"list-style-type: none;\">\r\n<ul>\r\n<li id=\"menu-item-946\" class=\"menu-item menu-item-type-post_type menu-item-object-page menu-item-946\" style=\"text-align: left;\"><a href=\"http:\/\/parafiarussocice.pl\/index.php\/u-siostr-zakonnych-o-raz-drugi\/\">U Si\u00f3str zakonnych po raz drugi<\/a><\/li>\r\n<\/ul>\r\n<\/li>\r\n<\/ul>\r\n<ul style=\"text-align: left;\">\r\n<li id=\"menu-item-1159\" class=\"menu-item menu-item-type-post_type menu-item-object-page menu-item-1159\"><a href=\"http:\/\/parafiarussocice.pl\/index.php\/iskra-bozego-milosierdzia-2018\/\">Iskra Bo\u017cego Mi\u0142osierdzia 2018<\/a><\/li>\r\n<\/ul>\r\n<p style=\"text-align: left;\"><a href=\"http:\/\/parafiarussocice.pl\/index.php\/uroczystosci-odpustowe-ku-czci-sw-michala-archaniola\/\">Uroczysto\u015bci odpustowe 2018<\/a><\/p>\r\n<p style=\"text-align: left;\"><a href=\"http:\/\/parafiarussocice.pl\/index.php\/2017\/10\/10\/poswiecenie-krzyza-w-russocicach\/\">Po\u015bwi\u0119cenie krzy\u017ca w Russocicach<\/a><\/p>\r\n<p style=\"text-align: left;\"><a href=\"http:\/\/parafiarussocice.pl\/index.php\/2017\/10\/10\/koronka-do-milosierdzia-bozego-na-ulicach-wladyslawowa\/\">Koronka do Mi\u0142osierdzia Bo\u017cego na ulicach W\u0142adys\u0142awowa<\/a><\/p>\r\n<p style=\"text-align: left;\">&#8222;<a href=\"http:\/\/parafiarussocice.pl\/index.php\/2017\/10\/17\/blekitne-orly\/\">B\u0142\u0119kitne Or\u0142y&#8221;<\/a><\/p>\r\n<p style=\"text-align: left;\"><a href=\"http:\/\/parafiarussocice.pl\/index.php\/wydarzenia\/\">Odpust \u015bw. Micha\u0142a Archanio\u0142a &#8211; 2017<\/a><\/p>\r\n<p style=\"text-align: left;\">&#8222;<a href=\"http:\/\/parafiarussocice.pl\/index.php\/2017\/10\/27\/bal-wszystkich-swietych\/\">Bal Wszystkich \u015awi\u0119tych&#8221;<\/a><\/p>\r\n<p style=\"text-align: left;\"><a href=\"http:\/\/parafiarussocice.pl\/index.php\/2017\/11\/14\/11-listopada-2017\/\">11 Listopada 2017<\/a><\/p>\r\n<p style=\"text-align: left;\"><a href=\"http:\/\/parafiarussocice.pl\/index.php\/2017\/11\/28\/godzina-kaplanska\/\">Godzina kap\u0142a\u0144ska<\/a><\/p>\r\n<p style=\"text-align: left;\"><a href=\"http:\/\/parafiarussocice.pl\/index.php\/imieniny-ks-proboszcza\/\">Imieniny Ks. Proboszcza<\/a><\/p>\r\n<p style=\"text-align: left;\">&#8222;<a href=\"http:\/\/parafiarussocice.pl\/index.php\/2017\/11\/30\/wieczor-uwielbienia\/\">Wiecz\u00f3r uwielbienia&#8221;<\/a><\/p>\r\n<p style=\"text-align: left;\"><a href=\"http:\/\/parafiarussocice.pl\/index.php\/2017\/11\/30\/mlodziez-u-mnichow\/\">M\u0142odzie\u017c u mnich\u00f3w<\/a><\/p>\r\n<p style=\"text-align: left;\"><a href=\"http:\/\/parafiarussocice.pl\/index.php\/2017\/12\/07\/swiety-mikolaj\/\">\u015awi\u0119ty Miko\u0142aj<\/a><\/p>\r\n<p style=\"text-align: left;\"><a href=\"http:\/\/parafiarussocice.pl\/index.php\/2017\/12\/14\/eucharystia-mlodych\/\">Eucharystia M\u0142odych<\/a><\/p>\r\n<p style=\"text-align: left;\"><a href=\"http:\/\/parafiarussocice.pl\/index.php\/2017\/11\/16\/rekolekcje-adwentowe-2017\/\">Rekolekcje adwentowe 2017<\/a><\/p>\r\n<p style=\"text-align: left;\"><a href=\"http:\/\/parafiarussocice.pl\/index.php\/rekolekcje-dla-dziewczat\/\">Rekolekcje dla dziewcz\u0105t<\/a><\/p>\r\n<p style=\"text-align: left;\"><a href=\"http:\/\/parafiarussocice.pl\/index.php\/rekolekcje-wielkopostne-2018\/\">Rekolekcje wielkopostne 2018<\/a><\/p>\r\n<p style=\"text-align: left;\"><a href=\"http:\/\/parafiarussocice.pl\/index.php\/szafarze-nadzwyczajni\/\">Szafarze Nadzwyczajni<\/a><\/p>\r\n<p style=\"text-align: left;\"><a href=\"http:\/\/parafiarussocice.pl\/index.php\/droga-krzyzowa-2018\/\">Droga krzy\u017cowa 2018<\/a><\/p>\r\n<p style=\"text-align: left;\"><a href=\"http:\/\/parafiarussocice.pl\/index.php\/niedziela-palmowa-2018\/\">Niedziela Palmowa 2018<\/a><\/p>\r\n<p style=\"text-align: left;\"><a href=\"http:\/\/parafiarussocice.pl\/index.php\/wielki-czwartek-2018\/\">Wielki Czwartek 2018<\/a><\/p>\r\n<p style=\"text-align: left;\"><a href=\"http:\/\/parafiarussocice.pl\/index.php\/wielki-piatek-2018\/\">Wielki Pi\u0105tek 2018<\/a><\/p>\r\n<p style=\"text-align: left;\"><a href=\"http:\/\/parafiarussocice.pl\/index.php\/u-siostr-zakonnych-o-raz-drugi\/\">U Si\u00f3str zakonnych o raz drugi<\/a><\/p>\r\n<p style=\"text-align: left;\">&nbsp;&nbsp;&nbsp;&nbsp;&nbsp;&nbsp;&nbsp;&nbsp;&nbsp;&nbsp;&nbsp;&nbsp;&nbsp;&nbsp;&nbsp;&nbsp;&nbsp;&nbsp;&nbsp;&nbsp;&nbsp;&nbsp;&nbsp;&nbsp;&nbsp;&nbsp;&nbsp;&nbsp;&nbsp;&nbsp;&nbsp;&nbsp;&nbsp;&nbsp;&nbsp;&nbsp;&nbsp;&nbsp;&nbsp;&nbsp;&nbsp;&nbsp;&nbsp;&nbsp;&nbsp;&nbsp;&nbsp;&nbsp;&nbsp;<\/p>\r\n\r\n<p>&nbsp;<\/p>\r\n\r\n\r\n\r\n<p>&nbsp;<\/p>\r\n","protected":false},"excerpt":{"rendered":"<p>Do\u017cynki 2020 &nbsp; &nbsp; &nbsp; Uroczysto\u015b\u0107 \u015bw. Micha\u0142a Archanio\u0142a \u2013 odpust &nbsp; &nbsp; &nbsp; 15 sierpnia &#8211; 100. rocznica Cudu nad Wis\u0142\u0105 &nbsp; &nbsp; &nbsp; Uroczysto\u015b\u0107 wprowadzenia ks. pra\u0142. pp\u0142k Krzysztofa Karpi\u0144skiego na urz\u0105d Proboszcza &nbsp; &nbsp; Bierzmowanie 2020 &nbsp; &nbsp; &nbsp; Po\u015bwi\u0119cenie Krzy\u017ca w Mariantowie &nbsp; &nbsp; &nbsp; Bukiet urodzinowy dla Jana Paw\u0142a II &hellip; <a href=\"http:\/\/parafiarussocice.pl\/index.php\/wydarzenia-2\/\" class=\"more-link\">Czytaj dalej <span class=\"screen-reader-text\">Wydarzenia<\/span><\/a><\/p>\n","protected":false},"author":1,"featured_media":0,"parent":0,"menu_order":0,"comment_status":"closed","ping_status":"closed","template":"","meta":{"ngg_post_thumbnail":0},"_links":{"self":[{"href":"http:\/\/parafiarussocice.pl\/index.php\/wp-json\/wp\/v2\/pages\/675"}],"collection":[{"href":"http:\/\/parafiarussocice.pl\/index.php\/wp-json\/wp\/v2\/pages"}],"about":[{"href":"http:\/\/parafiarussocice.pl\/index.php\/wp-json\/wp\/v2\/types\/page"}],"author":[{"embeddable":true,"href":"http:\/\/parafiarussocice.pl\/index.php\/wp-json\/wp\/v2\/users\/1"}],"replies":[{"embeddable":true,"href":"http:\/\/parafiarussocice.pl\/index.php\/wp-json\/wp\/v2\/comments?post=675"}],"version-history":[{"count":122,"href":"http:\/\/parafiarussocice.pl\/index.php\/wp-json\/wp\/v2\/pages\/675\/revisions"}],"predecessor-version":[{"id":3162,"href":"http:\/\/parafiarussocice.pl\/index.php\/wp-json\/wp\/v2\/pages\/675\/revisions\/3162"}],"wp:attachment":[{"href":"http:\/\/parafiarussocice.pl\/index.php\/wp-json\/wp\/v2\/media?parent=675"}],"curies":[{"name":"wp","href":"https:\/\/api.w.org\/{rel}","templated":true}]}}