{"id":6702,"date":"2021-11-25T10:04:18","date_gmt":"2021-11-25T10:04:18","guid":{"rendered":"http:\/\/parafiarussocice.pl\/?page_id=6702"},"modified":"2021-11-25T11:56:21","modified_gmt":"2021-11-25T11:56:21","slug":"do-sluzby-liturgicznej-przyjeto-nowych-ministrantow","status":"publish","type":"page","link":"http:\/\/parafiarussocice.pl\/index.php\/do-sluzby-liturgicznej-przyjeto-nowych-ministrantow\/","title":{"rendered":"Nowi ministranci w Liturgicznej S\u0142u\u017cbie O\u0142tarza"},"content":{"rendered":"<p>W dniu 21 listopada 2021 r. do grona Liturgicznej S\u0142u\u017cby O\u0142tarza przyj\u0119tych zosta\u0142o pi\u0119ciu nowych ministrant\u00f3w. \u017byczymy im Bo\u017cego b\u0142ogos\u0142awie\u0144stwa i wszelkich \u0142ask na t\u0119 zaszczytn\u0105 pos\u0142ug\u0119 w naszej parafii.<\/p>\n<!-- default-view.php -->\n<div\n\tclass=\"ngg-galleryoverview default-view \"\n\tid=\"ngg-gallery-ffa9e70e6cbd80dc2a0e56b3e0bc56be-1\">\n\n\t\t<!-- Thumbnails -->\n\t\t\t\t<div id=\"ngg-image-0\" class=\"ngg-gallery-thumbnail-box \" >\n\t\t\t\t        <div class=\"ngg-gallery-thumbnail\">\n            <a href=\"http:\/\/parafiarussocice.pl\/wp-content\/gallery\/nowi_ministranci\/received_313076687097400.jpeg\"\n               title=\"\"\n               data-src=\"http:\/\/parafiarussocice.pl\/wp-content\/gallery\/nowi_ministranci\/received_313076687097400.jpeg\"\n               data-thumbnail=\"http:\/\/parafiarussocice.pl\/wp-content\/gallery\/nowi_ministranci\/thumbs\/thumbs_received_313076687097400.jpeg\"\n               data-image-id=\"1391\"\n               data-title=\"received_313076687097400\"\n               data-description=\"\"\n               data-image-slug=\"received_313076687097400\"\n               class=\"ngg-simplelightbox\" rel=\"ffa9e70e6cbd80dc2a0e56b3e0bc56be\">\n                <img\n                    title=\"received_313076687097400\"\n                    alt=\"received_313076687097400\"\n                    src=\"http:\/\/parafiarussocice.pl\/wp-content\/gallery\/nowi_ministranci\/thumbs\/thumbs_received_313076687097400.jpeg\"\n                    width=\"240\"\n                    height=\"160\"\n                    style=\"max-width:100%;\"\n                \/>\n            <\/a>\n        <\/div>\n\t\t\t\t\t\t\t<\/div> \n\t\t\t\n\t\t\t\t<div id=\"ngg-image-1\" class=\"ngg-gallery-thumbnail-box \" >\n\t\t\t\t        <div class=\"ngg-gallery-thumbnail\">\n            <a href=\"http:\/\/parafiarussocice.pl\/wp-content\/gallery\/nowi_ministranci\/received_429255241904404.jpeg\"\n               title=\"\"\n               data-src=\"http:\/\/parafiarussocice.pl\/wp-content\/gallery\/nowi_ministranci\/received_429255241904404.jpeg\"\n               data-thumbnail=\"http:\/\/parafiarussocice.pl\/wp-content\/gallery\/nowi_ministranci\/thumbs\/thumbs_received_429255241904404.jpeg\"\n               data-image-id=\"1392\"\n               data-title=\"received_429255241904404\"\n               data-description=\"\"\n               data-image-slug=\"received_429255241904404\"\n               class=\"ngg-simplelightbox\" rel=\"ffa9e70e6cbd80dc2a0e56b3e0bc56be\">\n                <img\n                    title=\"received_429255241904404\"\n                    alt=\"received_429255241904404\"\n                    src=\"http:\/\/parafiarussocice.pl\/wp-content\/gallery\/nowi_ministranci\/thumbs\/thumbs_received_429255241904404.jpeg\"\n                    width=\"240\"\n                    height=\"160\"\n                    style=\"max-width:100%;\"\n                \/>\n            <\/a>\n        <\/div>\n\t\t\t\t\t\t\t<\/div> \n\t\t\t\n\t\t\t\t<div id=\"ngg-image-2\" class=\"ngg-gallery-thumbnail-box \" >\n\t\t\t\t        <div class=\"ngg-gallery-thumbnail\">\n            <a href=\"http:\/\/parafiarussocice.pl\/wp-content\/gallery\/nowi_ministranci\/received_481542843209141.jpeg\"\n               title=\"\"\n               data-src=\"http:\/\/parafiarussocice.pl\/wp-content\/gallery\/nowi_ministranci\/received_481542843209141.jpeg\"\n               data-thumbnail=\"http:\/\/parafiarussocice.pl\/wp-content\/gallery\/nowi_ministranci\/thumbs\/thumbs_received_481542843209141.jpeg\"\n               data-image-id=\"1393\"\n               data-title=\"received_481542843209141\"\n               data-description=\"\"\n               data-image-slug=\"received_481542843209141\"\n               class=\"ngg-simplelightbox\" rel=\"ffa9e70e6cbd80dc2a0e56b3e0bc56be\">\n                <img\n                    title=\"received_481542843209141\"\n                    alt=\"received_481542843209141\"\n                    src=\"http:\/\/parafiarussocice.pl\/wp-content\/gallery\/nowi_ministranci\/thumbs\/thumbs_received_481542843209141.jpeg\"\n                    width=\"240\"\n                    height=\"160\"\n                    style=\"max-width:100%;\"\n                \/>\n            <\/a>\n        <\/div>\n\t\t\t\t\t\t\t<\/div> \n\t\t\t\n\t\t\t\t<div id=\"ngg-image-3\" class=\"ngg-gallery-thumbnail-box \" >\n\t\t\t\t        <div class=\"ngg-gallery-thumbnail\">\n            <a href=\"http:\/\/parafiarussocice.pl\/wp-content\/gallery\/nowi_ministranci\/received_575817120162094.jpeg\"\n               title=\"\"\n               data-src=\"http:\/\/parafiarussocice.pl\/wp-content\/gallery\/nowi_ministranci\/received_575817120162094.jpeg\"\n               data-thumbnail=\"http:\/\/parafiarussocice.pl\/wp-content\/gallery\/nowi_ministranci\/thumbs\/thumbs_received_575817120162094.jpeg\"\n               data-image-id=\"1394\"\n               data-title=\"received_575817120162094\"\n               data-description=\"\"\n               data-image-slug=\"received_575817120162094\"\n               class=\"ngg-simplelightbox\" rel=\"ffa9e70e6cbd80dc2a0e56b3e0bc56be\">\n                <img\n                    title=\"received_575817120162094\"\n                    alt=\"received_575817120162094\"\n                    src=\"http:\/\/parafiarussocice.pl\/wp-content\/gallery\/nowi_ministranci\/thumbs\/thumbs_received_575817120162094.jpeg\"\n                    width=\"240\"\n                    height=\"160\"\n                    style=\"max-width:100%;\"\n                \/>\n            <\/a>\n        <\/div>\n\t\t\t\t\t\t\t<\/div> \n\t\t\t\n\t\t\t\t<div id=\"ngg-image-4\" class=\"ngg-gallery-thumbnail-box \" >\n\t\t\t\t        <div class=\"ngg-gallery-thumbnail\">\n            <a href=\"http:\/\/parafiarussocice.pl\/wp-content\/gallery\/nowi_ministranci\/received_593619788629490.jpeg\"\n               title=\"\"\n               data-src=\"http:\/\/parafiarussocice.pl\/wp-content\/gallery\/nowi_ministranci\/received_593619788629490.jpeg\"\n               data-thumbnail=\"http:\/\/parafiarussocice.pl\/wp-content\/gallery\/nowi_ministranci\/thumbs\/thumbs_received_593619788629490.jpeg\"\n               data-image-id=\"1395\"\n               data-title=\"received_593619788629490\"\n               data-description=\"\"\n               data-image-slug=\"received_593619788629490\"\n               class=\"ngg-simplelightbox\" rel=\"ffa9e70e6cbd80dc2a0e56b3e0bc56be\">\n                <img\n                    title=\"received_593619788629490\"\n                    alt=\"received_593619788629490\"\n                    src=\"http:\/\/parafiarussocice.pl\/wp-content\/gallery\/nowi_ministranci\/thumbs\/thumbs_received_593619788629490.jpeg\"\n                    width=\"240\"\n                    height=\"160\"\n                    style=\"max-width:100%;\"\n                \/>\n            <\/a>\n        <\/div>\n\t\t\t\t\t\t\t<\/div> \n\t\t\t\n\t\t\t\t<div id=\"ngg-image-5\" class=\"ngg-gallery-thumbnail-box \" >\n\t\t\t\t        <div class=\"ngg-gallery-thumbnail\">\n            <a href=\"http:\/\/parafiarussocice.pl\/wp-content\/gallery\/nowi_ministranci\/received_934450714113308.jpeg\"\n               title=\"\"\n               data-src=\"http:\/\/parafiarussocice.pl\/wp-content\/gallery\/nowi_ministranci\/received_934450714113308.jpeg\"\n               data-thumbnail=\"http:\/\/parafiarussocice.pl\/wp-content\/gallery\/nowi_ministranci\/thumbs\/thumbs_received_934450714113308.jpeg\"\n               data-image-id=\"1396\"\n               data-title=\"received_934450714113308\"\n               data-description=\"\"\n               data-image-slug=\"received_934450714113308\"\n               class=\"ngg-simplelightbox\" rel=\"ffa9e70e6cbd80dc2a0e56b3e0bc56be\">\n                <img\n                    title=\"received_934450714113308\"\n                    alt=\"received_934450714113308\"\n                    src=\"http:\/\/parafiarussocice.pl\/wp-content\/gallery\/nowi_ministranci\/thumbs\/thumbs_received_934450714113308.jpeg\"\n                    width=\"240\"\n                    height=\"160\"\n                    style=\"max-width:100%;\"\n                \/>\n            <\/a>\n        <\/div>\n\t\t\t\t\t\t\t<\/div> \n\t\t\t\n\t\t\t\t<div id=\"ngg-image-6\" class=\"ngg-gallery-thumbnail-box \" >\n\t\t\t\t        <div class=\"ngg-gallery-thumbnail\">\n            <a href=\"http:\/\/parafiarussocice.pl\/wp-content\/gallery\/nowi_ministranci\/received_1303579136755799.jpeg\"\n               title=\"\"\n               data-src=\"http:\/\/parafiarussocice.pl\/wp-content\/gallery\/nowi_ministranci\/received_1303579136755799.jpeg\"\n               data-thumbnail=\"http:\/\/parafiarussocice.pl\/wp-content\/gallery\/nowi_ministranci\/thumbs\/thumbs_received_1303579136755799.jpeg\"\n               data-image-id=\"1397\"\n               data-title=\"received_1303579136755799\"\n               data-description=\"\"\n               data-image-slug=\"received_1303579136755799\"\n               class=\"ngg-simplelightbox\" rel=\"ffa9e70e6cbd80dc2a0e56b3e0bc56be\">\n                <img\n                    title=\"received_1303579136755799\"\n                    alt=\"received_1303579136755799\"\n                    src=\"http:\/\/parafiarussocice.pl\/wp-content\/gallery\/nowi_ministranci\/thumbs\/thumbs_received_1303579136755799.jpeg\"\n                    width=\"240\"\n                    height=\"160\"\n                    style=\"max-width:100%;\"\n                \/>\n            <\/a>\n        <\/div>\n\t\t\t\t\t\t\t<\/div> \n\t\t\t\n\t\t\t\t<div id=\"ngg-image-7\" class=\"ngg-gallery-thumbnail-box \" >\n\t\t\t\t        <div class=\"ngg-gallery-thumbnail\">\n            <a href=\"http:\/\/parafiarussocice.pl\/wp-content\/gallery\/nowi_ministranci\/received_1303579136755799_1.jpeg\"\n               title=\"\"\n               data-src=\"http:\/\/parafiarussocice.pl\/wp-content\/gallery\/nowi_ministranci\/received_1303579136755799_1.jpeg\"\n               data-thumbnail=\"http:\/\/parafiarussocice.pl\/wp-content\/gallery\/nowi_ministranci\/thumbs\/thumbs_received_1303579136755799_1.jpeg\"\n               data-image-id=\"1398\"\n               data-title=\"received_1303579136755799_1\"\n               data-description=\"\"\n               data-image-slug=\"received_1303579136755799_1\"\n               class=\"ngg-simplelightbox\" rel=\"ffa9e70e6cbd80dc2a0e56b3e0bc56be\">\n                <img\n                    title=\"received_1303579136755799_1\"\n                    alt=\"received_1303579136755799_1\"\n                    src=\"http:\/\/parafiarussocice.pl\/wp-content\/gallery\/nowi_ministranci\/thumbs\/thumbs_received_1303579136755799_1.jpeg\"\n                    width=\"240\"\n                    height=\"160\"\n                    style=\"max-width:100%;\"\n                \/>\n            <\/a>\n        <\/div>\n\t\t\t\t\t\t\t<\/div> \n\t\t\t\n\t\n\t<br style=\"clear: both\" \/>\n\n\t\n\t\t<!-- Pagination -->\n\t<div class='ngg-clear'><\/div>\t<\/div>\n\n","protected":false},"excerpt":{"rendered":"<p>W dniu 21 listopada 2021 r. do grona Liturgicznej S\u0142u\u017cby O\u0142tarza przyj\u0119tych zosta\u0142o pi\u0119ciu nowych ministrant\u00f3w. \u017byczymy im Bo\u017cego b\u0142ogos\u0142awie\u0144stwa i wszelkich \u0142ask na t\u0119 zaszczytn\u0105 pos\u0142ug\u0119 w naszej parafii.<\/p>\n","protected":false},"author":1,"featured_media":6703,"parent":0,"menu_order":0,"comment_status":"closed","ping_status":"closed","template":"","meta":{"ngg_post_thumbnail":0},"_links":{"self":[{"href":"http:\/\/parafiarussocice.pl\/index.php\/wp-json\/wp\/v2\/pages\/6702"}],"collection":[{"href":"http:\/\/parafiarussocice.pl\/index.php\/wp-json\/wp\/v2\/pages"}],"about":[{"href":"http:\/\/parafiarussocice.pl\/index.php\/wp-json\/wp\/v2\/types\/page"}],"author":[{"embeddable":true,"href":"http:\/\/parafiarussocice.pl\/index.php\/wp-json\/wp\/v2\/users\/1"}],"replies":[{"embeddable":true,"href":"http:\/\/parafiarussocice.pl\/index.php\/wp-json\/wp\/v2\/comments?post=6702"}],"version-history":[{"count":5,"href":"http:\/\/parafiarussocice.pl\/index.php\/wp-json\/wp\/v2\/pages\/6702\/revisions"}],"predecessor-version":[{"id":6713,"href":"http:\/\/parafiarussocice.pl\/index.php\/wp-json\/wp\/v2\/pages\/6702\/revisions\/6713"}],"wp:featuredmedia":[{"embeddable":true,"href":"http:\/\/parafiarussocice.pl\/index.php\/wp-json\/wp\/v2\/media\/6703"}],"wp:attachment":[{"href":"http:\/\/parafiarussocice.pl\/index.php\/wp-json\/wp\/v2\/media?parent=6702"}],"curies":[{"name":"wp","href":"https:\/\/api.w.org\/{rel}","templated":true}]}}