{"id":6645,"date":"2021-10-25T06:36:03","date_gmt":"2021-10-25T06:36:03","guid":{"rendered":"http:\/\/parafiarussocice.pl\/?page_id=6645"},"modified":"2021-10-25T06:39:17","modified_gmt":"2021-10-25T06:39:17","slug":"koncert-mlodziezowej-orkiestry-detej-osp-wladyslawow","status":"publish","type":"page","link":"http:\/\/parafiarussocice.pl\/index.php\/koncert-mlodziezowej-orkiestry-detej-osp-wladyslawow\/","title":{"rendered":"Koncert M\u0142odzie\u017cowej Orkiestry D\u0119tej OSP W\u0142adys\u0142aw\u00f3w"},"content":{"rendered":"<p>W niedziel\u0119 ,17 pa\u017adziernika, w naszym ko\u015bciele odby\u0142 si\u0119 koncert w wykonaniu naszej orkiestry d\u0119tej pod kierunkiem p. Andrzeja Kujawy. Wyst\u0119p ten upami\u0119tni\u0142 43 rocznic\u0119 wyboru kard. Karola Wojty\u0142y na papie\u017ca (16 pa\u017adziernika 1978). Wykonano takie utwory jak &#8222;Nie l\u0119kajcie si\u0119&#8221;, &#8222;Abba Ojcze&#8221;, pie\u015b\u0144 &#8222;Barka&#8221;.<\/p>\n<!-- default-view.php -->\n<div\n\tclass=\"ngg-galleryoverview default-view \"\n\tid=\"ngg-gallery-7437368cf55b79abde67436da3ab71aa-1\">\n\n\t\t<!-- Thumbnails -->\n\t\t\t\t<div id=\"ngg-image-0\" class=\"ngg-gallery-thumbnail-box \" >\n\t\t\t\t        <div class=\"ngg-gallery-thumbnail\">\n            <a href=\"http:\/\/parafiarussocice.pl\/wp-content\/gallery\/koncert-17-10-21\/246131531_406612774344147_1796223989444519908_n.jpg\"\n               title=\"\"\n               data-src=\"http:\/\/parafiarussocice.pl\/wp-content\/gallery\/koncert-17-10-21\/246131531_406612774344147_1796223989444519908_n.jpg\"\n               data-thumbnail=\"http:\/\/parafiarussocice.pl\/wp-content\/gallery\/koncert-17-10-21\/thumbs\/thumbs_246131531_406612774344147_1796223989444519908_n.jpg\"\n               data-image-id=\"1368\"\n               data-title=\"246131531_406612774344147_1796223989444519908_n\"\n               data-description=\"\"\n               data-image-slug=\"246131531_406612774344147_1796223989444519908_n\"\n               class=\"ngg-simplelightbox\" rel=\"7437368cf55b79abde67436da3ab71aa\">\n                <img\n                    title=\"246131531_406612774344147_1796223989444519908_n\"\n                    alt=\"246131531_406612774344147_1796223989444519908_n\"\n                    src=\"http:\/\/parafiarussocice.pl\/wp-content\/gallery\/koncert-17-10-21\/thumbs\/thumbs_246131531_406612774344147_1796223989444519908_n.jpg\"\n                    width=\"240\"\n                    height=\"160\"\n                    style=\"max-width:100%;\"\n                \/>\n            <\/a>\n        <\/div>\n\t\t\t\t\t\t\t<\/div> \n\t\t\t\n\t\t\t\t<div id=\"ngg-image-1\" class=\"ngg-gallery-thumbnail-box \" >\n\t\t\t\t        <div class=\"ngg-gallery-thumbnail\">\n            <a href=\"http:\/\/parafiarussocice.pl\/wp-content\/gallery\/koncert-17-10-21\/246180945_406612484344176_2675155014638502070_n.jpg\"\n               title=\"\"\n               data-src=\"http:\/\/parafiarussocice.pl\/wp-content\/gallery\/koncert-17-10-21\/246180945_406612484344176_2675155014638502070_n.jpg\"\n               data-thumbnail=\"http:\/\/parafiarussocice.pl\/wp-content\/gallery\/koncert-17-10-21\/thumbs\/thumbs_246180945_406612484344176_2675155014638502070_n.jpg\"\n               data-image-id=\"1369\"\n               data-title=\"246180945_406612484344176_2675155014638502070_n\"\n               data-description=\"\"\n               data-image-slug=\"246180945_406612484344176_2675155014638502070_n\"\n               class=\"ngg-simplelightbox\" rel=\"7437368cf55b79abde67436da3ab71aa\">\n                <img\n                    title=\"246180945_406612484344176_2675155014638502070_n\"\n                    alt=\"246180945_406612484344176_2675155014638502070_n\"\n                    src=\"http:\/\/parafiarussocice.pl\/wp-content\/gallery\/koncert-17-10-21\/thumbs\/thumbs_246180945_406612484344176_2675155014638502070_n.jpg\"\n                    width=\"240\"\n                    height=\"160\"\n                    style=\"max-width:100%;\"\n                \/>\n            <\/a>\n        <\/div>\n\t\t\t\t\t\t\t<\/div> \n\t\t\t\n\t\t\t\t<div id=\"ngg-image-2\" class=\"ngg-gallery-thumbnail-box \" >\n\t\t\t\t        <div class=\"ngg-gallery-thumbnail\">\n            <a href=\"http:\/\/parafiarussocice.pl\/wp-content\/gallery\/koncert-17-10-21\/246182919_406612637677494_7219365217431743514_n.jpg\"\n               title=\"\"\n               data-src=\"http:\/\/parafiarussocice.pl\/wp-content\/gallery\/koncert-17-10-21\/246182919_406612637677494_7219365217431743514_n.jpg\"\n               data-thumbnail=\"http:\/\/parafiarussocice.pl\/wp-content\/gallery\/koncert-17-10-21\/thumbs\/thumbs_246182919_406612637677494_7219365217431743514_n.jpg\"\n               data-image-id=\"1370\"\n               data-title=\"246182919_406612637677494_7219365217431743514_n\"\n               data-description=\"\"\n               data-image-slug=\"246182919_406612637677494_7219365217431743514_n\"\n               class=\"ngg-simplelightbox\" rel=\"7437368cf55b79abde67436da3ab71aa\">\n                <img\n                    title=\"246182919_406612637677494_7219365217431743514_n\"\n                    alt=\"246182919_406612637677494_7219365217431743514_n\"\n                    src=\"http:\/\/parafiarussocice.pl\/wp-content\/gallery\/koncert-17-10-21\/thumbs\/thumbs_246182919_406612637677494_7219365217431743514_n.jpg\"\n                    width=\"240\"\n                    height=\"160\"\n                    style=\"max-width:100%;\"\n                \/>\n            <\/a>\n        <\/div>\n\t\t\t\t\t\t\t<\/div> \n\t\t\t\n\t\t\t\t<div id=\"ngg-image-3\" class=\"ngg-gallery-thumbnail-box \" >\n\t\t\t\t        <div class=\"ngg-gallery-thumbnail\">\n            <a href=\"http:\/\/parafiarussocice.pl\/wp-content\/gallery\/koncert-17-10-21\/246221124_406612827677475_6403134242493051624_n.jpg\"\n               title=\"\"\n               data-src=\"http:\/\/parafiarussocice.pl\/wp-content\/gallery\/koncert-17-10-21\/246221124_406612827677475_6403134242493051624_n.jpg\"\n               data-thumbnail=\"http:\/\/parafiarussocice.pl\/wp-content\/gallery\/koncert-17-10-21\/thumbs\/thumbs_246221124_406612827677475_6403134242493051624_n.jpg\"\n               data-image-id=\"1371\"\n               data-title=\"246221124_406612827677475_6403134242493051624_n\"\n               data-description=\"\"\n               data-image-slug=\"246221124_406612827677475_6403134242493051624_n\"\n               class=\"ngg-simplelightbox\" rel=\"7437368cf55b79abde67436da3ab71aa\">\n                <img\n                    title=\"246221124_406612827677475_6403134242493051624_n\"\n                    alt=\"246221124_406612827677475_6403134242493051624_n\"\n                    src=\"http:\/\/parafiarussocice.pl\/wp-content\/gallery\/koncert-17-10-21\/thumbs\/thumbs_246221124_406612827677475_6403134242493051624_n.jpg\"\n                    width=\"240\"\n                    height=\"160\"\n                    style=\"max-width:100%;\"\n                \/>\n            <\/a>\n        <\/div>\n\t\t\t\t\t\t\t<\/div> \n\t\t\t\n\t\t\t\t<div id=\"ngg-image-4\" class=\"ngg-gallery-thumbnail-box \" >\n\t\t\t\t        <div class=\"ngg-gallery-thumbnail\">\n            <a href=\"http:\/\/parafiarussocice.pl\/wp-content\/gallery\/koncert-17-10-21\/246473539_406612304344194_1430304046799161153_n.jpg\"\n               title=\"\"\n               data-src=\"http:\/\/parafiarussocice.pl\/wp-content\/gallery\/koncert-17-10-21\/246473539_406612304344194_1430304046799161153_n.jpg\"\n               data-thumbnail=\"http:\/\/parafiarussocice.pl\/wp-content\/gallery\/koncert-17-10-21\/thumbs\/thumbs_246473539_406612304344194_1430304046799161153_n.jpg\"\n               data-image-id=\"1372\"\n               data-title=\"246473539_406612304344194_1430304046799161153_n\"\n               data-description=\"\"\n               data-image-slug=\"246473539_406612304344194_1430304046799161153_n\"\n               class=\"ngg-simplelightbox\" rel=\"7437368cf55b79abde67436da3ab71aa\">\n                <img\n                    title=\"246473539_406612304344194_1430304046799161153_n\"\n                    alt=\"246473539_406612304344194_1430304046799161153_n\"\n                    src=\"http:\/\/parafiarussocice.pl\/wp-content\/gallery\/koncert-17-10-21\/thumbs\/thumbs_246473539_406612304344194_1430304046799161153_n.jpg\"\n                    width=\"240\"\n                    height=\"160\"\n                    style=\"max-width:100%;\"\n                \/>\n            <\/a>\n        <\/div>\n\t\t\t\t\t\t\t<\/div> \n\t\t\t\n\t\t\t\t<div id=\"ngg-image-5\" class=\"ngg-gallery-thumbnail-box \" >\n\t\t\t\t        <div class=\"ngg-gallery-thumbnail\">\n            <a href=\"http:\/\/parafiarussocice.pl\/wp-content\/gallery\/koncert-17-10-21\/247450462_406612714344153_6260474336590464530_n.jpg\"\n               title=\"\"\n               data-src=\"http:\/\/parafiarussocice.pl\/wp-content\/gallery\/koncert-17-10-21\/247450462_406612714344153_6260474336590464530_n.jpg\"\n               data-thumbnail=\"http:\/\/parafiarussocice.pl\/wp-content\/gallery\/koncert-17-10-21\/thumbs\/thumbs_247450462_406612714344153_6260474336590464530_n.jpg\"\n               data-image-id=\"1373\"\n               data-title=\"247450462_406612714344153_6260474336590464530_n\"\n               data-description=\"\"\n               data-image-slug=\"247450462_406612714344153_6260474336590464530_n\"\n               class=\"ngg-simplelightbox\" rel=\"7437368cf55b79abde67436da3ab71aa\">\n                <img\n                    title=\"247450462_406612714344153_6260474336590464530_n\"\n                    alt=\"247450462_406612714344153_6260474336590464530_n\"\n                    src=\"http:\/\/parafiarussocice.pl\/wp-content\/gallery\/koncert-17-10-21\/thumbs\/thumbs_247450462_406612714344153_6260474336590464530_n.jpg\"\n                    width=\"240\"\n                    height=\"160\"\n                    style=\"max-width:100%;\"\n                \/>\n            <\/a>\n        <\/div>\n\t\t\t\t\t\t\t<\/div> \n\t\t\t\n\t\n\t<br style=\"clear: both\" \/>\n\n\t\n\t\t<!-- Pagination -->\n\t<div class='ngg-clear'><\/div>\t<\/div>\n\n","protected":false},"excerpt":{"rendered":"<p>W niedziel\u0119 ,17 pa\u017adziernika, w naszym ko\u015bciele odby\u0142 si\u0119 koncert w wykonaniu naszej orkiestry d\u0119tej pod kierunkiem p. Andrzeja Kujawy. Wyst\u0119p ten upami\u0119tni\u0142 43 rocznic\u0119 wyboru kard. Karola Wojty\u0142y na papie\u017ca (16 pa\u017adziernika 1978). Wykonano takie utwory jak &#8222;Nie l\u0119kajcie si\u0119&#8221;, &#8222;Abba Ojcze&#8221;, pie\u015b\u0144 &#8222;Barka&#8221;.<\/p>\n","protected":false},"author":1,"featured_media":6650,"parent":0,"menu_order":0,"comment_status":"closed","ping_status":"closed","template":"","meta":{"ngg_post_thumbnail":0},"_links":{"self":[{"href":"http:\/\/parafiarussocice.pl\/index.php\/wp-json\/wp\/v2\/pages\/6645"}],"collection":[{"href":"http:\/\/parafiarussocice.pl\/index.php\/wp-json\/wp\/v2\/pages"}],"about":[{"href":"http:\/\/parafiarussocice.pl\/index.php\/wp-json\/wp\/v2\/types\/page"}],"author":[{"embeddable":true,"href":"http:\/\/parafiarussocice.pl\/index.php\/wp-json\/wp\/v2\/users\/1"}],"replies":[{"embeddable":true,"href":"http:\/\/parafiarussocice.pl\/index.php\/wp-json\/wp\/v2\/comments?post=6645"}],"version-history":[{"count":1,"href":"http:\/\/parafiarussocice.pl\/index.php\/wp-json\/wp\/v2\/pages\/6645\/revisions"}],"predecessor-version":[{"id":6648,"href":"http:\/\/parafiarussocice.pl\/index.php\/wp-json\/wp\/v2\/pages\/6645\/revisions\/6648"}],"wp:featuredmedia":[{"embeddable":true,"href":"http:\/\/parafiarussocice.pl\/index.php\/wp-json\/wp\/v2\/media\/6650"}],"wp:attachment":[{"href":"http:\/\/parafiarussocice.pl\/index.php\/wp-json\/wp\/v2\/media?parent=6645"}],"curies":[{"name":"wp","href":"https:\/\/api.w.org\/{rel}","templated":true}]}}