{"id":6564,"date":"2021-09-10T09:05:52","date_gmt":"2021-09-10T09:05:52","guid":{"rendered":"http:\/\/parafiarussocice.pl\/?page_id=6564"},"modified":"2021-09-10T09:08:02","modified_gmt":"2021-09-10T09:08:02","slug":"bierzmowanie-2021","status":"publish","type":"page","link":"http:\/\/parafiarussocice.pl\/index.php\/bierzmowanie-2021\/","title":{"rendered":"Bierzmowanie 2021"},"content":{"rendered":"<p>W dniu 8 wrze\u015bnia 2021, w czasie wieczornej Mszy \u015bw.,&nbsp; m\u0142odzie\u017c z naszej parafii z r\u0105k Ks. Biskupa Krzysztofa W\u0119tkowskiego przyj\u0119\u0142a sakrament bierzmowania.<\/p>\n<!-- default-view.php -->\n<div\n\tclass=\"ngg-galleryoverview default-view \"\n\tid=\"ngg-gallery-bae033a02556032854c18a98edda2671-1\">\n\n\t\t<!-- Thumbnails -->\n\t\t\t\t<div id=\"ngg-image-0\" class=\"ngg-gallery-thumbnail-box \" >\n\t\t\t\t        <div class=\"ngg-gallery-thumbnail\">\n            <a href=\"http:\/\/parafiarussocice.pl\/wp-content\/gallery\/bierzmowanie-2021\/241512813_380694456935979_8102203370717887785_n.jpg\"\n               title=\"\"\n               data-src=\"http:\/\/parafiarussocice.pl\/wp-content\/gallery\/bierzmowanie-2021\/241512813_380694456935979_8102203370717887785_n.jpg\"\n               data-thumbnail=\"http:\/\/parafiarussocice.pl\/wp-content\/gallery\/bierzmowanie-2021\/thumbs\/thumbs_241512813_380694456935979_8102203370717887785_n.jpg\"\n               data-image-id=\"1323\"\n               data-title=\"241512813_380694456935979_8102203370717887785_n\"\n               data-description=\"\"\n               data-image-slug=\"241512813_380694456935979_8102203370717887785_n\"\n               class=\"ngg-simplelightbox\" rel=\"bae033a02556032854c18a98edda2671\">\n                <img\n                    title=\"241512813_380694456935979_8102203370717887785_n\"\n                    alt=\"241512813_380694456935979_8102203370717887785_n\"\n                    src=\"http:\/\/parafiarussocice.pl\/wp-content\/gallery\/bierzmowanie-2021\/thumbs\/thumbs_241512813_380694456935979_8102203370717887785_n.jpg\"\n                    width=\"240\"\n                    height=\"160\"\n                    style=\"max-width:100%;\"\n                \/>\n            <\/a>\n        <\/div>\n\t\t\t\t\t\t\t<\/div> \n\t\t\t\n\t\t\t\t<div id=\"ngg-image-1\" class=\"ngg-gallery-thumbnail-box \" >\n\t\t\t\t        <div class=\"ngg-gallery-thumbnail\">\n            <a href=\"http:\/\/parafiarussocice.pl\/wp-content\/gallery\/bierzmowanie-2021\/241643686_380695423602549_2350154364940623316_n.jpg\"\n               title=\"\"\n               data-src=\"http:\/\/parafiarussocice.pl\/wp-content\/gallery\/bierzmowanie-2021\/241643686_380695423602549_2350154364940623316_n.jpg\"\n               data-thumbnail=\"http:\/\/parafiarussocice.pl\/wp-content\/gallery\/bierzmowanie-2021\/thumbs\/thumbs_241643686_380695423602549_2350154364940623316_n.jpg\"\n               data-image-id=\"1324\"\n               data-title=\"241643686_380695423602549_2350154364940623316_n\"\n               data-description=\"\"\n               data-image-slug=\"241643686_380695423602549_2350154364940623316_n\"\n               class=\"ngg-simplelightbox\" rel=\"bae033a02556032854c18a98edda2671\">\n                <img\n                    title=\"241643686_380695423602549_2350154364940623316_n\"\n                    alt=\"241643686_380695423602549_2350154364940623316_n\"\n                    src=\"http:\/\/parafiarussocice.pl\/wp-content\/gallery\/bierzmowanie-2021\/thumbs\/thumbs_241643686_380695423602549_2350154364940623316_n.jpg\"\n                    width=\"240\"\n                    height=\"160\"\n                    style=\"max-width:100%;\"\n                \/>\n            <\/a>\n        <\/div>\n\t\t\t\t\t\t\t<\/div> \n\t\t\t\n\t\t\t\t<div id=\"ngg-image-2\" class=\"ngg-gallery-thumbnail-box \" >\n\t\t\t\t        <div class=\"ngg-gallery-thumbnail\">\n            <a href=\"http:\/\/parafiarussocice.pl\/wp-content\/gallery\/bierzmowanie-2021\/241656817_380695296935895_5313289190537663499_n.jpg\"\n               title=\"\"\n               data-src=\"http:\/\/parafiarussocice.pl\/wp-content\/gallery\/bierzmowanie-2021\/241656817_380695296935895_5313289190537663499_n.jpg\"\n               data-thumbnail=\"http:\/\/parafiarussocice.pl\/wp-content\/gallery\/bierzmowanie-2021\/thumbs\/thumbs_241656817_380695296935895_5313289190537663499_n.jpg\"\n               data-image-id=\"1325\"\n               data-title=\"241656817_380695296935895_5313289190537663499_n\"\n               data-description=\"\"\n               data-image-slug=\"241656817_380695296935895_5313289190537663499_n\"\n               class=\"ngg-simplelightbox\" rel=\"bae033a02556032854c18a98edda2671\">\n                <img\n                    title=\"241656817_380695296935895_5313289190537663499_n\"\n                    alt=\"241656817_380695296935895_5313289190537663499_n\"\n                    src=\"http:\/\/parafiarussocice.pl\/wp-content\/gallery\/bierzmowanie-2021\/thumbs\/thumbs_241656817_380695296935895_5313289190537663499_n.jpg\"\n                    width=\"240\"\n                    height=\"160\"\n                    style=\"max-width:100%;\"\n                \/>\n            <\/a>\n        <\/div>\n\t\t\t\t\t\t\t<\/div> \n\t\t\t\n\t\t\t\t<div id=\"ngg-image-3\" class=\"ngg-gallery-thumbnail-box \" >\n\t\t\t\t        <div class=\"ngg-gallery-thumbnail\">\n            <a href=\"http:\/\/parafiarussocice.pl\/wp-content\/gallery\/bierzmowanie-2021\/241625246_380694763602615_5866456408349477759_n.jpg\"\n               title=\"\"\n               data-src=\"http:\/\/parafiarussocice.pl\/wp-content\/gallery\/bierzmowanie-2021\/241625246_380694763602615_5866456408349477759_n.jpg\"\n               data-thumbnail=\"http:\/\/parafiarussocice.pl\/wp-content\/gallery\/bierzmowanie-2021\/thumbs\/thumbs_241625246_380694763602615_5866456408349477759_n.jpg\"\n               data-image-id=\"1326\"\n               data-title=\"241625246_380694763602615_5866456408349477759_n\"\n               data-description=\"\"\n               data-image-slug=\"241625246_380694763602615_5866456408349477759_n\"\n               class=\"ngg-simplelightbox\" rel=\"bae033a02556032854c18a98edda2671\">\n                <img\n                    title=\"241625246_380694763602615_5866456408349477759_n\"\n                    alt=\"241625246_380694763602615_5866456408349477759_n\"\n                    src=\"http:\/\/parafiarussocice.pl\/wp-content\/gallery\/bierzmowanie-2021\/thumbs\/thumbs_241625246_380694763602615_5866456408349477759_n.jpg\"\n                    width=\"240\"\n                    height=\"160\"\n                    style=\"max-width:100%;\"\n                \/>\n            <\/a>\n        <\/div>\n\t\t\t\t\t\t\t<\/div> \n\t\t\t\n\t\t\t\t<div id=\"ngg-image-4\" class=\"ngg-gallery-thumbnail-box \" >\n\t\t\t\t        <div class=\"ngg-gallery-thumbnail\">\n            <a href=\"http:\/\/parafiarussocice.pl\/wp-content\/gallery\/bierzmowanie-2021\/241657373_380694730269285_129808687567253834_n.jpg\"\n               title=\"\"\n               data-src=\"http:\/\/parafiarussocice.pl\/wp-content\/gallery\/bierzmowanie-2021\/241657373_380694730269285_129808687567253834_n.jpg\"\n               data-thumbnail=\"http:\/\/parafiarussocice.pl\/wp-content\/gallery\/bierzmowanie-2021\/thumbs\/thumbs_241657373_380694730269285_129808687567253834_n.jpg\"\n               data-image-id=\"1327\"\n               data-title=\"241657373_380694730269285_129808687567253834_n\"\n               data-description=\"\"\n               data-image-slug=\"241657373_380694730269285_129808687567253834_n\"\n               class=\"ngg-simplelightbox\" rel=\"bae033a02556032854c18a98edda2671\">\n                <img\n                    title=\"241657373_380694730269285_129808687567253834_n\"\n                    alt=\"241657373_380694730269285_129808687567253834_n\"\n                    src=\"http:\/\/parafiarussocice.pl\/wp-content\/gallery\/bierzmowanie-2021\/thumbs\/thumbs_241657373_380694730269285_129808687567253834_n.jpg\"\n                    width=\"240\"\n                    height=\"160\"\n                    style=\"max-width:100%;\"\n                \/>\n            <\/a>\n        <\/div>\n\t\t\t\t\t\t\t<\/div> \n\t\t\t\n\t\t\t\t<div id=\"ngg-image-5\" class=\"ngg-gallery-thumbnail-box \" >\n\t\t\t\t        <div class=\"ngg-gallery-thumbnail\">\n            <a href=\"http:\/\/parafiarussocice.pl\/wp-content\/gallery\/bierzmowanie-2021\/241657891_380694683602623_7369691776102432706_n.jpg\"\n               title=\"\"\n               data-src=\"http:\/\/parafiarussocice.pl\/wp-content\/gallery\/bierzmowanie-2021\/241657891_380694683602623_7369691776102432706_n.jpg\"\n               data-thumbnail=\"http:\/\/parafiarussocice.pl\/wp-content\/gallery\/bierzmowanie-2021\/thumbs\/thumbs_241657891_380694683602623_7369691776102432706_n.jpg\"\n               data-image-id=\"1328\"\n               data-title=\"241657891_380694683602623_7369691776102432706_n\"\n               data-description=\"\"\n               data-image-slug=\"241657891_380694683602623_7369691776102432706_n\"\n               class=\"ngg-simplelightbox\" rel=\"bae033a02556032854c18a98edda2671\">\n                <img\n                    title=\"241657891_380694683602623_7369691776102432706_n\"\n                    alt=\"241657891_380694683602623_7369691776102432706_n\"\n                    src=\"http:\/\/parafiarussocice.pl\/wp-content\/gallery\/bierzmowanie-2021\/thumbs\/thumbs_241657891_380694683602623_7369691776102432706_n.jpg\"\n                    width=\"240\"\n                    height=\"160\"\n                    style=\"max-width:100%;\"\n                \/>\n            <\/a>\n        <\/div>\n\t\t\t\t\t\t\t<\/div> \n\t\t\t\n\t\t\t\t<div id=\"ngg-image-6\" class=\"ngg-gallery-thumbnail-box \" >\n\t\t\t\t        <div class=\"ngg-gallery-thumbnail\">\n            <a href=\"http:\/\/parafiarussocice.pl\/wp-content\/gallery\/bierzmowanie-2021\/241662887_380694603602631_2378762300726451148_n.jpg\"\n               title=\"\"\n               data-src=\"http:\/\/parafiarussocice.pl\/wp-content\/gallery\/bierzmowanie-2021\/241662887_380694603602631_2378762300726451148_n.jpg\"\n               data-thumbnail=\"http:\/\/parafiarussocice.pl\/wp-content\/gallery\/bierzmowanie-2021\/thumbs\/thumbs_241662887_380694603602631_2378762300726451148_n.jpg\"\n               data-image-id=\"1329\"\n               data-title=\"241662887_380694603602631_2378762300726451148_n\"\n               data-description=\"\"\n               data-image-slug=\"241662887_380694603602631_2378762300726451148_n\"\n               class=\"ngg-simplelightbox\" rel=\"bae033a02556032854c18a98edda2671\">\n                <img\n                    title=\"241662887_380694603602631_2378762300726451148_n\"\n                    alt=\"241662887_380694603602631_2378762300726451148_n\"\n                    src=\"http:\/\/parafiarussocice.pl\/wp-content\/gallery\/bierzmowanie-2021\/thumbs\/thumbs_241662887_380694603602631_2378762300726451148_n.jpg\"\n                    width=\"240\"\n                    height=\"160\"\n                    style=\"max-width:100%;\"\n                \/>\n            <\/a>\n        <\/div>\n\t\t\t\t\t\t\t<\/div> \n\t\t\t\n\t\t\t\t<div id=\"ngg-image-7\" class=\"ngg-gallery-thumbnail-box \" >\n\t\t\t\t        <div class=\"ngg-gallery-thumbnail\">\n            <a href=\"http:\/\/parafiarussocice.pl\/wp-content\/gallery\/bierzmowanie-2021\/241674697_380694563602635_732583419358515784_n.jpg\"\n               title=\"\"\n               data-src=\"http:\/\/parafiarussocice.pl\/wp-content\/gallery\/bierzmowanie-2021\/241674697_380694563602635_732583419358515784_n.jpg\"\n               data-thumbnail=\"http:\/\/parafiarussocice.pl\/wp-content\/gallery\/bierzmowanie-2021\/thumbs\/thumbs_241674697_380694563602635_732583419358515784_n.jpg\"\n               data-image-id=\"1330\"\n               data-title=\"241674697_380694563602635_732583419358515784_n\"\n               data-description=\"\"\n               data-image-slug=\"241674697_380694563602635_732583419358515784_n\"\n               class=\"ngg-simplelightbox\" rel=\"bae033a02556032854c18a98edda2671\">\n                <img\n                    title=\"241674697_380694563602635_732583419358515784_n\"\n                    alt=\"241674697_380694563602635_732583419358515784_n\"\n                    src=\"http:\/\/parafiarussocice.pl\/wp-content\/gallery\/bierzmowanie-2021\/thumbs\/thumbs_241674697_380694563602635_732583419358515784_n.jpg\"\n                    width=\"240\"\n                    height=\"160\"\n                    style=\"max-width:100%;\"\n                \/>\n            <\/a>\n        <\/div>\n\t\t\t\t\t\t\t<\/div> \n\t\t\t\n\t\t\t\t<div id=\"ngg-image-8\" class=\"ngg-gallery-thumbnail-box \" >\n\t\t\t\t        <div class=\"ngg-gallery-thumbnail\">\n            <a href=\"http:\/\/parafiarussocice.pl\/wp-content\/gallery\/bierzmowanie-2021\/241564448_380694513602640_1749637523689627665_n.jpg\"\n               title=\"\"\n               data-src=\"http:\/\/parafiarussocice.pl\/wp-content\/gallery\/bierzmowanie-2021\/241564448_380694513602640_1749637523689627665_n.jpg\"\n               data-thumbnail=\"http:\/\/parafiarussocice.pl\/wp-content\/gallery\/bierzmowanie-2021\/thumbs\/thumbs_241564448_380694513602640_1749637523689627665_n.jpg\"\n               data-image-id=\"1331\"\n               data-title=\"241564448_380694513602640_1749637523689627665_n\"\n               data-description=\"\"\n               data-image-slug=\"241564448_380694513602640_1749637523689627665_n\"\n               class=\"ngg-simplelightbox\" rel=\"bae033a02556032854c18a98edda2671\">\n                <img\n                    title=\"241564448_380694513602640_1749637523689627665_n\"\n                    alt=\"241564448_380694513602640_1749637523689627665_n\"\n                    src=\"http:\/\/parafiarussocice.pl\/wp-content\/gallery\/bierzmowanie-2021\/thumbs\/thumbs_241564448_380694513602640_1749637523689627665_n.jpg\"\n                    width=\"240\"\n                    height=\"160\"\n                    style=\"max-width:100%;\"\n                \/>\n            <\/a>\n        <\/div>\n\t\t\t\t\t\t\t<\/div> \n\t\t\t\n\t\t\t\t<div id=\"ngg-image-9\" class=\"ngg-gallery-thumbnail-box \" >\n\t\t\t\t        <div class=\"ngg-gallery-thumbnail\">\n            <a href=\"http:\/\/parafiarussocice.pl\/wp-content\/gallery\/bierzmowanie-2021\/241661411_380694256935999_3430153818449705587_n.jpg\"\n               title=\"\"\n               data-src=\"http:\/\/parafiarussocice.pl\/wp-content\/gallery\/bierzmowanie-2021\/241661411_380694256935999_3430153818449705587_n.jpg\"\n               data-thumbnail=\"http:\/\/parafiarussocice.pl\/wp-content\/gallery\/bierzmowanie-2021\/thumbs\/thumbs_241661411_380694256935999_3430153818449705587_n.jpg\"\n               data-image-id=\"1332\"\n               data-title=\"241661411_380694256935999_3430153818449705587_n\"\n               data-description=\"\"\n               data-image-slug=\"241661411_380694256935999_3430153818449705587_n\"\n               class=\"ngg-simplelightbox\" rel=\"bae033a02556032854c18a98edda2671\">\n                <img\n                    title=\"241661411_380694256935999_3430153818449705587_n\"\n                    alt=\"241661411_380694256935999_3430153818449705587_n\"\n                    src=\"http:\/\/parafiarussocice.pl\/wp-content\/gallery\/bierzmowanie-2021\/thumbs\/thumbs_241661411_380694256935999_3430153818449705587_n.jpg\"\n                    width=\"240\"\n                    height=\"160\"\n                    style=\"max-width:100%;\"\n                \/>\n            <\/a>\n        <\/div>\n\t\t\t\t\t\t\t<\/div> \n\t\t\t\n\t\n\t<br style=\"clear: both\" \/>\n\n\t\n\t\t<!-- Pagination -->\n\t<div class='ngg-clear'><\/div>\t<\/div>\n\n","protected":false},"excerpt":{"rendered":"<p>W dniu 8 wrze\u015bnia 2021, w czasie wieczornej Mszy \u015bw.,&nbsp; m\u0142odzie\u017c z naszej parafii z r\u0105k Ks. Biskupa Krzysztofa W\u0119tkowskiego przyj\u0119\u0142a sakrament bierzmowania.<\/p>\n","protected":false},"author":1,"featured_media":6565,"parent":0,"menu_order":0,"comment_status":"closed","ping_status":"closed","template":"","meta":{"ngg_post_thumbnail":0},"_links":{"self":[{"href":"http:\/\/parafiarussocice.pl\/index.php\/wp-json\/wp\/v2\/pages\/6564"}],"collection":[{"href":"http:\/\/parafiarussocice.pl\/index.php\/wp-json\/wp\/v2\/pages"}],"about":[{"href":"http:\/\/parafiarussocice.pl\/index.php\/wp-json\/wp\/v2\/types\/page"}],"author":[{"embeddable":true,"href":"http:\/\/parafiarussocice.pl\/index.php\/wp-json\/wp\/v2\/users\/1"}],"replies":[{"embeddable":true,"href":"http:\/\/parafiarussocice.pl\/index.php\/wp-json\/wp\/v2\/comments?post=6564"}],"version-history":[{"count":2,"href":"http:\/\/parafiarussocice.pl\/index.php\/wp-json\/wp\/v2\/pages\/6564\/revisions"}],"predecessor-version":[{"id":6570,"href":"http:\/\/parafiarussocice.pl\/index.php\/wp-json\/wp\/v2\/pages\/6564\/revisions\/6570"}],"wp:featuredmedia":[{"embeddable":true,"href":"http:\/\/parafiarussocice.pl\/index.php\/wp-json\/wp\/v2\/media\/6565"}],"wp:attachment":[{"href":"http:\/\/parafiarussocice.pl\/index.php\/wp-json\/wp\/v2\/media?parent=6564"}],"curies":[{"name":"wp","href":"https:\/\/api.w.org\/{rel}","templated":true}]}}