{"id":6139,"date":"2020-11-19T08:32:46","date_gmt":"2020-11-19T08:32:46","guid":{"rendered":"http:\/\/parafiarussocice.pl\/?page_id=6139"},"modified":"2020-11-19T08:34:43","modified_gmt":"2020-11-19T08:34:43","slug":"msza-sw-upamietniajaca-pontyfikat-sw-jana-pawla-ii-oraz-koncert-17-pazdziernika-2020","status":"publish","type":"page","link":"http:\/\/parafiarussocice.pl\/index.php\/msza-sw-upamietniajaca-pontyfikat-sw-jana-pawla-ii-oraz-koncert-17-pazdziernika-2020\/","title":{"rendered":"Msza \u015bw. upami\u0119tniaj\u0105ca pontyfikat \u015bw. Jana Paw\u0142a II oraz koncert- 17 pa\u017adziernika 2020"},"content":{"rendered":"<!-- default-view.php -->\n<div\n\tclass=\"ngg-galleryoverview default-view \"\n\tid=\"ngg-gallery-effa062d68053016c24835dc874d7f3e-1\">\n\n\t\t<!-- Thumbnails -->\n\t\t\t\t<div id=\"ngg-image-0\" class=\"ngg-gallery-thumbnail-box \" >\n\t\t\t\t        <div class=\"ngg-gallery-thumbnail\">\n            <a href=\"http:\/\/parafiarussocice.pl\/wp-content\/gallery\/mszapapieska\/PA179618.jpg\"\n               title=\"OLYMPUS DIGITAL CAMERA\"\n               data-src=\"http:\/\/parafiarussocice.pl\/wp-content\/gallery\/mszapapieska\/PA179618.jpg\"\n               data-thumbnail=\"http:\/\/parafiarussocice.pl\/wp-content\/gallery\/mszapapieska\/thumbs\/thumbs_PA179618.jpg\"\n               data-image-id=\"1105\"\n               data-title=\"OLYMPUS DIGITAL CAMERA\"\n               data-description=\"OLYMPUS DIGITAL CAMERA\"\n               data-image-slug=\"pa179618\"\n               class=\"ngg-simplelightbox\" rel=\"effa062d68053016c24835dc874d7f3e\">\n                <img\n                    title=\"OLYMPUS DIGITAL CAMERA\"\n                    alt=\"OLYMPUS DIGITAL CAMERA\"\n                    src=\"http:\/\/parafiarussocice.pl\/wp-content\/gallery\/mszapapieska\/thumbs\/thumbs_PA179618.jpg\"\n                    width=\"240\"\n                    height=\"160\"\n                    style=\"max-width:100%;\"\n                \/>\n            <\/a>\n        <\/div>\n\t\t\t\t\t\t\t<\/div> \n\t\t\t\n\t\t\t\t<div id=\"ngg-image-1\" class=\"ngg-gallery-thumbnail-box \" >\n\t\t\t\t        <div class=\"ngg-gallery-thumbnail\">\n            <a href=\"http:\/\/parafiarussocice.pl\/wp-content\/gallery\/mszapapieska\/PA179655.jpg\"\n               title=\"OLYMPUS DIGITAL CAMERA\"\n               data-src=\"http:\/\/parafiarussocice.pl\/wp-content\/gallery\/mszapapieska\/PA179655.jpg\"\n               data-thumbnail=\"http:\/\/parafiarussocice.pl\/wp-content\/gallery\/mszapapieska\/thumbs\/thumbs_PA179655.jpg\"\n               data-image-id=\"1106\"\n               data-title=\"OLYMPUS DIGITAL CAMERA\"\n               data-description=\"OLYMPUS DIGITAL CAMERA\"\n               data-image-slug=\"pa179655\"\n               class=\"ngg-simplelightbox\" rel=\"effa062d68053016c24835dc874d7f3e\">\n                <img\n                    title=\"OLYMPUS DIGITAL CAMERA\"\n                    alt=\"OLYMPUS DIGITAL CAMERA\"\n                    src=\"http:\/\/parafiarussocice.pl\/wp-content\/gallery\/mszapapieska\/thumbs\/thumbs_PA179655.jpg\"\n                    width=\"240\"\n                    height=\"160\"\n                    style=\"max-width:100%;\"\n                \/>\n            <\/a>\n        <\/div>\n\t\t\t\t\t\t\t<\/div> \n\t\t\t\n\t\t\t\t<div id=\"ngg-image-2\" class=\"ngg-gallery-thumbnail-box \" >\n\t\t\t\t        <div class=\"ngg-gallery-thumbnail\">\n            <a href=\"http:\/\/parafiarussocice.pl\/wp-content\/gallery\/mszapapieska\/PA179671.jpg\"\n               title=\"OLYMPUS DIGITAL CAMERA\"\n               data-src=\"http:\/\/parafiarussocice.pl\/wp-content\/gallery\/mszapapieska\/PA179671.jpg\"\n               data-thumbnail=\"http:\/\/parafiarussocice.pl\/wp-content\/gallery\/mszapapieska\/thumbs\/thumbs_PA179671.jpg\"\n               data-image-id=\"1107\"\n               data-title=\"OLYMPUS DIGITAL CAMERA\"\n               data-description=\"OLYMPUS DIGITAL CAMERA\"\n               data-image-slug=\"pa179671\"\n               class=\"ngg-simplelightbox\" rel=\"effa062d68053016c24835dc874d7f3e\">\n                <img\n                    title=\"OLYMPUS DIGITAL CAMERA\"\n                    alt=\"OLYMPUS DIGITAL CAMERA\"\n                    src=\"http:\/\/parafiarussocice.pl\/wp-content\/gallery\/mszapapieska\/thumbs\/thumbs_PA179671.jpg\"\n                    width=\"240\"\n                    height=\"160\"\n                    style=\"max-width:100%;\"\n                \/>\n            <\/a>\n        <\/div>\n\t\t\t\t\t\t\t<\/div> \n\t\t\t\n\t\t\t\t<div id=\"ngg-image-3\" class=\"ngg-gallery-thumbnail-box \" >\n\t\t\t\t        <div class=\"ngg-gallery-thumbnail\">\n            <a href=\"http:\/\/parafiarussocice.pl\/wp-content\/gallery\/mszapapieska\/PA179680.jpg\"\n               title=\"OLYMPUS DIGITAL CAMERA\"\n               data-src=\"http:\/\/parafiarussocice.pl\/wp-content\/gallery\/mszapapieska\/PA179680.jpg\"\n               data-thumbnail=\"http:\/\/parafiarussocice.pl\/wp-content\/gallery\/mszapapieska\/thumbs\/thumbs_PA179680.jpg\"\n               data-image-id=\"1108\"\n               data-title=\"OLYMPUS DIGITAL CAMERA\"\n               data-description=\"OLYMPUS DIGITAL CAMERA\"\n               data-image-slug=\"pa179680\"\n               class=\"ngg-simplelightbox\" rel=\"effa062d68053016c24835dc874d7f3e\">\n                <img\n                    title=\"OLYMPUS DIGITAL CAMERA\"\n                    alt=\"OLYMPUS DIGITAL CAMERA\"\n                    src=\"http:\/\/parafiarussocice.pl\/wp-content\/gallery\/mszapapieska\/thumbs\/thumbs_PA179680.jpg\"\n                    width=\"240\"\n                    height=\"160\"\n                    style=\"max-width:100%;\"\n                \/>\n            <\/a>\n        <\/div>\n\t\t\t\t\t\t\t<\/div> \n\t\t\t\n\t\t\t\t<div id=\"ngg-image-4\" class=\"ngg-gallery-thumbnail-box \" >\n\t\t\t\t        <div class=\"ngg-gallery-thumbnail\">\n            <a href=\"http:\/\/parafiarussocice.pl\/wp-content\/gallery\/mszapapieska\/PA179722.jpg\"\n               title=\"OLYMPUS DIGITAL CAMERA\"\n               data-src=\"http:\/\/parafiarussocice.pl\/wp-content\/gallery\/mszapapieska\/PA179722.jpg\"\n               data-thumbnail=\"http:\/\/parafiarussocice.pl\/wp-content\/gallery\/mszapapieska\/thumbs\/thumbs_PA179722.jpg\"\n               data-image-id=\"1109\"\n               data-title=\"OLYMPUS DIGITAL CAMERA\"\n               data-description=\"OLYMPUS DIGITAL CAMERA\"\n               data-image-slug=\"pa179722\"\n               class=\"ngg-simplelightbox\" rel=\"effa062d68053016c24835dc874d7f3e\">\n                <img\n                    title=\"OLYMPUS DIGITAL CAMERA\"\n                    alt=\"OLYMPUS DIGITAL CAMERA\"\n                    src=\"http:\/\/parafiarussocice.pl\/wp-content\/gallery\/mszapapieska\/thumbs\/thumbs_PA179722.jpg\"\n                    width=\"240\"\n                    height=\"160\"\n                    style=\"max-width:100%;\"\n                \/>\n            <\/a>\n        <\/div>\n\t\t\t\t\t\t\t<\/div> \n\t\t\t\n\t\t\t\t<div id=\"ngg-image-5\" class=\"ngg-gallery-thumbnail-box \" >\n\t\t\t\t        <div class=\"ngg-gallery-thumbnail\">\n            <a href=\"http:\/\/parafiarussocice.pl\/wp-content\/gallery\/mszapapieska\/PA179733.jpg\"\n               title=\"OLYMPUS DIGITAL CAMERA\"\n               data-src=\"http:\/\/parafiarussocice.pl\/wp-content\/gallery\/mszapapieska\/PA179733.jpg\"\n               data-thumbnail=\"http:\/\/parafiarussocice.pl\/wp-content\/gallery\/mszapapieska\/thumbs\/thumbs_PA179733.jpg\"\n               data-image-id=\"1110\"\n               data-title=\"OLYMPUS DIGITAL CAMERA\"\n               data-description=\"OLYMPUS DIGITAL CAMERA\"\n               data-image-slug=\"pa179733\"\n               class=\"ngg-simplelightbox\" rel=\"effa062d68053016c24835dc874d7f3e\">\n                <img\n                    title=\"OLYMPUS DIGITAL CAMERA\"\n                    alt=\"OLYMPUS DIGITAL CAMERA\"\n                    src=\"http:\/\/parafiarussocice.pl\/wp-content\/gallery\/mszapapieska\/thumbs\/thumbs_PA179733.jpg\"\n                    width=\"240\"\n                    height=\"160\"\n                    style=\"max-width:100%;\"\n                \/>\n            <\/a>\n        <\/div>\n\t\t\t\t\t\t\t<\/div> \n\t\t\t\n\t\t\t\t<div id=\"ngg-image-6\" class=\"ngg-gallery-thumbnail-box \" >\n\t\t\t\t        <div class=\"ngg-gallery-thumbnail\">\n            <a href=\"http:\/\/parafiarussocice.pl\/wp-content\/gallery\/mszapapieska\/PA179735.jpg\"\n               title=\"OLYMPUS DIGITAL CAMERA\"\n               data-src=\"http:\/\/parafiarussocice.pl\/wp-content\/gallery\/mszapapieska\/PA179735.jpg\"\n               data-thumbnail=\"http:\/\/parafiarussocice.pl\/wp-content\/gallery\/mszapapieska\/thumbs\/thumbs_PA179735.jpg\"\n               data-image-id=\"1111\"\n               data-title=\"OLYMPUS DIGITAL CAMERA\"\n               data-description=\"OLYMPUS DIGITAL CAMERA\"\n               data-image-slug=\"pa179735\"\n               class=\"ngg-simplelightbox\" rel=\"effa062d68053016c24835dc874d7f3e\">\n                <img\n                    title=\"OLYMPUS DIGITAL CAMERA\"\n                    alt=\"OLYMPUS DIGITAL CAMERA\"\n                    src=\"http:\/\/parafiarussocice.pl\/wp-content\/gallery\/mszapapieska\/thumbs\/thumbs_PA179735.jpg\"\n                    width=\"240\"\n                    height=\"160\"\n                    style=\"max-width:100%;\"\n                \/>\n            <\/a>\n        <\/div>\n\t\t\t\t\t\t\t<\/div> \n\t\t\t\n\t\t\t\t<div id=\"ngg-image-7\" class=\"ngg-gallery-thumbnail-box \" >\n\t\t\t\t        <div class=\"ngg-gallery-thumbnail\">\n            <a href=\"http:\/\/parafiarussocice.pl\/wp-content\/gallery\/mszapapieska\/PA179754.jpg\"\n               title=\"OLYMPUS DIGITAL CAMERA\"\n               data-src=\"http:\/\/parafiarussocice.pl\/wp-content\/gallery\/mszapapieska\/PA179754.jpg\"\n               data-thumbnail=\"http:\/\/parafiarussocice.pl\/wp-content\/gallery\/mszapapieska\/thumbs\/thumbs_PA179754.jpg\"\n               data-image-id=\"1112\"\n               data-title=\"OLYMPUS DIGITAL CAMERA\"\n               data-description=\"OLYMPUS DIGITAL CAMERA\"\n               data-image-slug=\"pa179754\"\n               class=\"ngg-simplelightbox\" rel=\"effa062d68053016c24835dc874d7f3e\">\n                <img\n                    title=\"OLYMPUS DIGITAL CAMERA\"\n                    alt=\"OLYMPUS DIGITAL CAMERA\"\n                    src=\"http:\/\/parafiarussocice.pl\/wp-content\/gallery\/mszapapieska\/thumbs\/thumbs_PA179754.jpg\"\n                    width=\"240\"\n                    height=\"160\"\n                    style=\"max-width:100%;\"\n                \/>\n            <\/a>\n        <\/div>\n\t\t\t\t\t\t\t<\/div> \n\t\t\t\n\t\t\t\t<div id=\"ngg-image-8\" class=\"ngg-gallery-thumbnail-box \" >\n\t\t\t\t        <div class=\"ngg-gallery-thumbnail\">\n            <a href=\"http:\/\/parafiarussocice.pl\/wp-content\/gallery\/mszapapieska\/PA179757.jpg\"\n               title=\"OLYMPUS DIGITAL CAMERA\"\n               data-src=\"http:\/\/parafiarussocice.pl\/wp-content\/gallery\/mszapapieska\/PA179757.jpg\"\n               data-thumbnail=\"http:\/\/parafiarussocice.pl\/wp-content\/gallery\/mszapapieska\/thumbs\/thumbs_PA179757.jpg\"\n               data-image-id=\"1113\"\n               data-title=\"OLYMPUS DIGITAL CAMERA\"\n               data-description=\"OLYMPUS DIGITAL CAMERA\"\n               data-image-slug=\"pa179757\"\n               class=\"ngg-simplelightbox\" rel=\"effa062d68053016c24835dc874d7f3e\">\n                <img\n                    title=\"OLYMPUS DIGITAL CAMERA\"\n                    alt=\"OLYMPUS DIGITAL CAMERA\"\n                    src=\"http:\/\/parafiarussocice.pl\/wp-content\/gallery\/mszapapieska\/thumbs\/thumbs_PA179757.jpg\"\n                    width=\"240\"\n                    height=\"160\"\n                    style=\"max-width:100%;\"\n                \/>\n            <\/a>\n        <\/div>\n\t\t\t\t\t\t\t<\/div> \n\t\t\t\n\t\t\t\t<div id=\"ngg-image-9\" class=\"ngg-gallery-thumbnail-box \" >\n\t\t\t\t        <div class=\"ngg-gallery-thumbnail\">\n            <a href=\"http:\/\/parafiarussocice.pl\/wp-content\/gallery\/mszapapieska\/PA179775.jpg\"\n               title=\"OLYMPUS DIGITAL CAMERA\"\n               data-src=\"http:\/\/parafiarussocice.pl\/wp-content\/gallery\/mszapapieska\/PA179775.jpg\"\n               data-thumbnail=\"http:\/\/parafiarussocice.pl\/wp-content\/gallery\/mszapapieska\/thumbs\/thumbs_PA179775.jpg\"\n               data-image-id=\"1114\"\n               data-title=\"OLYMPUS DIGITAL CAMERA\"\n               data-description=\"OLYMPUS DIGITAL CAMERA\"\n               data-image-slug=\"pa179775\"\n               class=\"ngg-simplelightbox\" rel=\"effa062d68053016c24835dc874d7f3e\">\n                <img\n                    title=\"OLYMPUS DIGITAL CAMERA\"\n                    alt=\"OLYMPUS DIGITAL CAMERA\"\n                    src=\"http:\/\/parafiarussocice.pl\/wp-content\/gallery\/mszapapieska\/thumbs\/thumbs_PA179775.jpg\"\n                    width=\"240\"\n                    height=\"160\"\n                    style=\"max-width:100%;\"\n                \/>\n            <\/a>\n        <\/div>\n\t\t\t\t\t\t\t<\/div> \n\t\t\t\n\t\n\t<br style=\"clear: both\" \/>\n\n\t\n\t\t<!-- Pagination -->\n\t<div class='ngg-clear'><\/div>\t<\/div>\n\n<p>Zdj\u0119cia: Dorota Kwietniewska.<\/p>\n","protected":false},"excerpt":{"rendered":"<p>&nbsp; Zdj\u0119cia: Dorota Kwietniewska.<\/p>\n","protected":false},"author":1,"featured_media":6156,"parent":0,"menu_order":0,"comment_status":"closed","ping_status":"closed","template":"","meta":{"ngg_post_thumbnail":0},"_links":{"self":[{"href":"http:\/\/parafiarussocice.pl\/index.php\/wp-json\/wp\/v2\/pages\/6139"}],"collection":[{"href":"http:\/\/parafiarussocice.pl\/index.php\/wp-json\/wp\/v2\/pages"}],"about":[{"href":"http:\/\/parafiarussocice.pl\/index.php\/wp-json\/wp\/v2\/types\/page"}],"author":[{"embeddable":true,"href":"http:\/\/parafiarussocice.pl\/index.php\/wp-json\/wp\/v2\/users\/1"}],"replies":[{"embeddable":true,"href":"http:\/\/parafiarussocice.pl\/index.php\/wp-json\/wp\/v2\/comments?post=6139"}],"version-history":[{"count":1,"href":"http:\/\/parafiarussocice.pl\/index.php\/wp-json\/wp\/v2\/pages\/6139\/revisions"}],"predecessor-version":[{"id":6153,"href":"http:\/\/parafiarussocice.pl\/index.php\/wp-json\/wp\/v2\/pages\/6139\/revisions\/6153"}],"wp:featuredmedia":[{"embeddable":true,"href":"http:\/\/parafiarussocice.pl\/index.php\/wp-json\/wp\/v2\/media\/6156"}],"wp:attachment":[{"href":"http:\/\/parafiarussocice.pl\/index.php\/wp-json\/wp\/v2\/media?parent=6139"}],"curies":[{"name":"wp","href":"https:\/\/api.w.org\/{rel}","templated":true}]}}