{"id":2917,"date":"2020-04-13T11:18:10","date_gmt":"2020-04-13T11:18:10","guid":{"rendered":"http:\/\/parafiarussocice.pl\/?page_id=2917"},"modified":"2020-06-01T16:44:25","modified_gmt":"2020-06-01T16:44:25","slug":"informacje","status":"publish","type":"page","link":"http:\/\/parafiarussocice.pl\/index.php\/informacje\/","title":{"rendered":"Dokumenty Ko\u015bcielne"},"content":{"rendered":"\r\n<p><a href=\"https:\/\/www.diecezja.wloclawek.pl\/\" rel=\"attachment wp-att-5374\"><img loading=\"lazy\" class=\"wp-image-5374 size-full alignright\" src=\"http:\/\/parafiarussocice.pl\/wp-content\/uploads\/2020\/06\/herb1.png\" alt=\"\" width=\"174\" height=\"170\"><\/a>&nbsp;&nbsp;&nbsp;&nbsp; <a href=\"https:\/\/episkopat.pl\/\" rel=\"attachment wp-att-5373\"><img loading=\"lazy\" class=\"wp-image-5373 alignright\" src=\"http:\/\/parafiarussocice.pl\/wp-content\/uploads\/2020\/06\/images-1.jpg\" alt=\"\" width=\"234\" height=\"131\"><\/a><a href=\"http:\/\/parafiarussocice.pl\/wp-content\/uploads\/2020\/06\/1363634494.jpg\" rel=\"attachment wp-att-5382\"><img loading=\"lazy\" class=\"wp-image-5382  alignnone\" src=\"http:\/\/parafiarussocice.pl\/wp-content\/uploads\/2020\/06\/1363634494-150x150.jpg\" alt=\"\" width=\"179\" height=\"179\"><\/a><\/p>\r\n\r\n\r\n\r\n<p>&nbsp;<\/p>\r\n<p><a href=\"http:\/\/parafiarussocice.pl\/index.php\/informacje\/dekret-zniesienie-dyspensy-od-uczestnictwa-w-niedzielnej-mszy-swietej-2\/\" rel=\"attachment wp-att-5372\">Dekret &#8211; zniesienie dyspensy od uczestnictwa w niedzielnej Mszy \u015bwi\u0119tej<\/a><\/p>\r\n<p><a href=\"http:\/\/parafiarussocice.pl\/index.php\/informacje\/2020_apel-biskupa-wloclawskiego-o-przystapienie-do-sakramentu-pokuty-i-pojednania\/\" rel=\"attachment wp-att-5368\">Apel Biskupa W\u0142oc\u0142awskiego o przyst\u0105pienie do sakramentu pokuty i pojednania<\/a><\/p>\r\n<p><a href=\"http:\/\/parafiarussocice.pl\/index.php\/zawierzenie-naszej-diecezji-najswietszemu-sercu-pana-jezusa-i-matce-bozej-fatimskiej\/\">Zawierzenie naszej diecezji Naj\u015bwi\u0119tszemu Sercu Pana Jezusa i Matce Bo\u017cej Fatimskie<\/a>j<\/p>\r\n\r\n\r\n\r\n<p><a href=\"http:\/\/parafiarussocice.pl\/wp-content\/uploads\/2020\/03\/Dekret-dyspensa.pdf\">Dekret &#8211; dyspensa<\/a><\/p>\r\n\r\n\r\n\r\n<div class=\"wp-block-image\">\r\n<figure class=\"aligncenter\"><img loading=\"lazy\" width=\"726\" height=\"1024\" class=\"wp-image-2686\" src=\"http:\/\/parafiarussocice.pl\/wp-content\/uploads\/2020\/03\/Bez-tytu\u0142u-726x1024.png\" alt=\"\" srcset=\"http:\/\/parafiarussocice.pl\/wp-content\/uploads\/2020\/03\/Bez-tytu\u0142u-726x1024.png 726w, http:\/\/parafiarussocice.pl\/wp-content\/uploads\/2020\/03\/Bez-tytu\u0142u-213x300.png 213w, http:\/\/parafiarussocice.pl\/wp-content\/uploads\/2020\/03\/Bez-tytu\u0142u-768x1083.png 768w, http:\/\/parafiarussocice.pl\/wp-content\/uploads\/2020\/03\/Bez-tytu\u0142u.png 1108w\" sizes=\"(max-width: 726px) 100vw, 726px\" \/><\/figure>\r\n<\/div>\r\n\r\n\r\n\r\n<div class=\"wp-block-image\">\r\n<figure class=\"aligncenter\"><img loading=\"lazy\" width=\"723\" height=\"347\" class=\"wp-image-2640\" src=\"http:\/\/parafiarussocice.pl\/wp-content\/uploads\/2020\/03\/Bobola-723x347_c.jpg\" alt=\"\" srcset=\"http:\/\/parafiarussocice.pl\/wp-content\/uploads\/2020\/03\/Bobola-723x347_c.jpg 723w, http:\/\/parafiarussocice.pl\/wp-content\/uploads\/2020\/03\/Bobola-723x347_c-300x144.jpg 300w\" sizes=\"(max-width: 723px) 100vw, 723px\" \/><\/figure>\r\n<\/div>\r\n\r\n\r\n\r\n<h3><a href=\"http:\/\/parafiarussocice.pl\/index.php\/nowenna-do-swietego-andrzeja-boboli-w-czasie-epidemii\/\">NOWENNA DO \u015aWI\u0118TEGO ANDRZEJA BOBOLI W CZASIE EPIDEMII<\/a><\/h3>\r\n\r\n\r\n<hr class=\"wp-block-separator\">\r\n\r\n\r\n<div class=\"wp-block-image\">\r\n<figure class=\"aligncenter\"><img loading=\"lazy\" width=\"570\" height=\"818\" class=\"wp-image-2662\" src=\"http:\/\/parafiarussocice.pl\/wp-content\/uploads\/2020\/03\/duchowa-adopcja.jpg\" alt=\"\" srcset=\"http:\/\/parafiarussocice.pl\/wp-content\/uploads\/2020\/03\/duchowa-adopcja.jpg 570w, http:\/\/parafiarussocice.pl\/wp-content\/uploads\/2020\/03\/duchowa-adopcja-209x300.jpg 209w\" sizes=\"(max-width: 570px) 100vw, 570px\" \/><\/figure>\r\n<\/div>\r\n","protected":false},"excerpt":{"rendered":"<p>&nbsp;&nbsp;&nbsp;&nbsp; &nbsp; Dekret &#8211; zniesienie dyspensy od uczestnictwa w niedzielnej Mszy \u015bwi\u0119tej Apel Biskupa W\u0142oc\u0142awskiego o przyst\u0105pienie do sakramentu pokuty i pojednania Zawierzenie naszej diecezji Naj\u015bwi\u0119tszemu Sercu Pana Jezusa i Matce Bo\u017cej Fatimskiej Dekret &#8211; dyspensa NOWENNA DO \u015aWI\u0118TEGO ANDRZEJA BOBOLI W CZASIE EPIDEMII<\/p>\n","protected":false},"author":1,"featured_media":0,"parent":0,"menu_order":0,"comment_status":"closed","ping_status":"closed","template":"","meta":{"ngg_post_thumbnail":0},"_links":{"self":[{"href":"http:\/\/parafiarussocice.pl\/index.php\/wp-json\/wp\/v2\/pages\/2917"}],"collection":[{"href":"http:\/\/parafiarussocice.pl\/index.php\/wp-json\/wp\/v2\/pages"}],"about":[{"href":"http:\/\/parafiarussocice.pl\/index.php\/wp-json\/wp\/v2\/types\/page"}],"author":[{"embeddable":true,"href":"http:\/\/parafiarussocice.pl\/index.php\/wp-json\/wp\/v2\/users\/1"}],"replies":[{"embeddable":true,"href":"http:\/\/parafiarussocice.pl\/index.php\/wp-json\/wp\/v2\/comments?post=2917"}],"version-history":[{"count":10,"href":"http:\/\/parafiarussocice.pl\/index.php\/wp-json\/wp\/v2\/pages\/2917\/revisions"}],"predecessor-version":[{"id":5384,"href":"http:\/\/parafiarussocice.pl\/index.php\/wp-json\/wp\/v2\/pages\/2917\/revisions\/5384"}],"wp:attachment":[{"href":"http:\/\/parafiarussocice.pl\/index.php\/wp-json\/wp\/v2\/media?parent=2917"}],"curies":[{"name":"wp","href":"https:\/\/api.w.org\/{rel}","templated":true}]}}