{"id":2636,"date":"2020-03-17T08:06:47","date_gmt":"2020-03-17T08:06:47","guid":{"rendered":"http:\/\/parafiarussocice.pl\/?page_id=2636"},"modified":"2020-03-17T08:22:50","modified_gmt":"2020-03-17T08:22:50","slug":"nowenna-do-swietego-andrzeja-boboli-w-czasie-epidemii","status":"publish","type":"page","link":"http:\/\/parafiarussocice.pl\/index.php\/nowenna-do-swietego-andrzeja-boboli-w-czasie-epidemii\/","title":{"rendered":"NOWENNA DO \u015aWI\u0118TEGO ANDRZEJA BOBOLI W CZASIE EPIDEMII"},"content":{"rendered":"\n<p><\/p>\n\n\n\n<p><em>Nowenn\u0119 do \u015bw. Andrzeja Boboli mo\u017cna rozpocz\u0105\u0107 dowolnego dnia w&nbsp;czasie zagro\u017cenia epidemi\u0105.<\/em><\/p>\n\n\n\n<p><em>W latach 1625-1629 Wilno nawiedzi\u0142o kilka niezwykle gro\u017anych epidemii, kt\u00f3re dziesi\u0105tkowa\u0142y jego mieszka\u0144c\u00f3w. Ludzie masowo opuszczali miasto, pozostawiaj\u0105c niejednokrotnie swych bliskich bez opieki, skazuj\u0105c ich na samotn\u0105 \u015bmier\u0107. Chorzy cz\u0119sto le\u017celi na ulicach lub w&nbsp;zamkni\u0119tych domach. Ojciec Andrzej Bobola wraz z&nbsp;innymi kap\u0142anami nie\u015bli tym opuszczonym i&nbsp;porzuconym sw\u0105 ofiarn\u0105 pomoc duchow\u0105 i&nbsp;materialn\u0105. Nie bacz\u0105c na mo\u017cliwo\u015b\u0107 zara\u017cenia si\u0119, Ojciec Andrzej opiekowa\u0142 si\u0119 chorymi i&nbsp;g\u0142odnymi lud\u017ami. Spowiada\u0142 wiernych i&nbsp;udziela\u0142 im sakrament\u00f3w \u015bwi\u0119tych, a&nbsp;zmar\u0142ych grzeba\u0142. Wielu duchownych odda\u0142o swe \u017cycie w&nbsp;czasie tych straszliwych epidemii, s\u0142u\u017c\u0105c do ko\u0144ca swym braciom potrzebuj\u0105cym pomocy.<\/em><\/p>\n\n\n\n<p><em>Tradycja przypisuje wstawiennictwu \u015bw. Andrzeja Boboli uratowanie Pi\u0144ska i&nbsp;jego okolic od zarazy w&nbsp;latach 1709 \u2013 1710.<\/em><\/p>\n\n\n\n<p><strong>_____________________________________________<\/strong><\/p>\n\n\n\n<p><strong>DZIE\u0143 PIERWSZY<\/strong><\/p>\n\n\n\n<p><strong>Modlitwa wst\u0119pna:&nbsp;<\/strong><em>odmawiana przez wszystkie dni nowenny<\/em><\/p>\n\n\n\n<p>Wszechmog\u0105cy, wieczny Bo\u017ce!<\/p>\n\n\n\n<p>B\u0105d\u017a pochwalony za \u015bwiat, kt\u00f3ry dla nas stworzy\u0142e\u015b i&nbsp;za ludzi, kt\u00f3rych stawiasz na drodze naszego \u017cycia. Dzi\u0119kujemy za wielkiego Rodaka i&nbsp;or\u0119downika w&nbsp;niedolach i&nbsp;przeciwno\u015bciach losu \u2013 \u015bwi\u0119tego Andrzeja Bobol\u0119, kt\u00f3rego wywy\u017cszy\u0142e\u015b ponad innych za jego wyj\u0105tkow\u0105 wiar\u0119, oddanie i&nbsp;mi\u0142o\u015b\u0107. Dzi\u0119kujemy za pe\u0142ne trud\u00f3w \u017cycie Patrona Polski, kt\u00f3ry wskazywa\u0142 i&nbsp;nadal wskazuje nam drog\u0119 rozwoju i&nbsp;wzrastania w&nbsp;Bogu. Dzi\u015b zwracamy si\u0119 do Ciebie, Bo\u017ce z&nbsp;wo\u0142aniem, aby trudne do\u015bwiadczenie epidemii pog\u0142\u0119bi\u0142o nasz\u0105 wiar\u0119 i&nbsp;mi\u0142o\u015b\u0107 oraz wzmocni\u0142o wsp\u00f3lnot\u0119 rodzinn\u0105, religijn\u0105 i&nbsp;narodow\u0105. Przez naszego Pana, Jezusa Chrystusa, Amen.<\/p>\n\n\n\n<p><strong>Litania do \u015bw. Andrzeja Boboli:&nbsp;<\/strong><em>odmawiana przez wszystkie dni nowenny<\/em><\/p>\n\n\n\n<p>Kyrie eleison! Chryste eleison! Kyrie eleison!<br>Chryste, us\u0142ysz nas! Chryste, wys\u0142uchaj nas!<br>Ojcze z&nbsp;nieba Bo\u017ce,&nbsp;<em>zmi\u0142uj si\u0119 nad nami<\/em><br>Synu, Odkupicielu \u015bwiata, Bo\u017ce,<br>Duchu \u015awi\u0119ty, Bo\u017ce,\u015awi\u0119ta Tr\u00f3jco, jedyny Bo\u017ce<em>.<\/em><\/p>\n\n\n\n<p>\u015awi\u0119ta Maryjo,&nbsp;<em>m\u00f3dl si\u0119 za nami<\/em><\/p>\n\n\n\n<p>\u015awi\u0119ty Andrzeju Bobolo,&nbsp;<em>m\u00f3dl si\u0119 za nami<\/em>.<\/p>\n\n\n\n<p>\u015awi\u0119ty. Andrzeju, wierny na\u015bladowco Dobrego Pasterza,<\/p>\n\n\n\n<p>\u015awi\u0119ty Andrzeju, nape\u0142niony duchem Bo\u017cym,<\/p>\n\n\n\n<p>\u015awi\u0119ty Andrzeju, czcicielu Niepokalanie Pocz\u0119tej Maryi Panny,<br>\u015awi\u0119ty Andrzeju, duchowy synu \u015bwi\u0119tego Ignacego Loyoli,<br>\u015awi\u0119ty Andrzeju, mi\u0142uj\u0105cy Boga i&nbsp;bli\u017anich a\u017c do oddania swego \u017cycia,<br>\u015awi\u0119ty Andrzeju, w&nbsp;\u017cyciu codziennym oddany Bogu i&nbsp;bli\u017anim,<br>\u015awi\u0119ty Andrzeju, zjednoczony z&nbsp;Bogiem przez nieustann\u0105 modlitw\u0119,<br>\u015awi\u0119ty Andrzeju, wzorze doskona\u0142o\u015bci chrze\u015bcija\u0144skiej,<br>\u015awi\u0119ty Andrzeju, Apostole Polesia,<br>\u015awi\u0119ty Andrzeju, powo\u0142any przez Boga do jednoczenia rozdzielonych si\u00f3str i&nbsp;braci,<br>\u015awi\u0119ty Andrzeju, gorliwy nauczycielu dzieci i&nbsp;ludzi religijnie zaniedbanych,<br>\u015awi\u0119ty Andrzeju, niezachwiany w&nbsp;wierze mimo gr\u00f3\u017ab i&nbsp;tortur,<br>\u015awi\u0119ty Andrzeju, wytrwa\u0142y w&nbsp;najwi\u0119kszych cierpieniach,<br>\u015awi\u0119ty Andrzeju, m\u0119czenniku za jedno\u015b\u0107 chrze\u015bcijan,<br>\u015awi\u0119ty Andrzeju, m\u0119czenniku i&nbsp;apostole,<br>\u015awi\u0119ty Andrzeju, aposto\u0142uj\u0105cy po \u015bmierci w\u0119dr\u00f3wk\u0105 relikwii um\u0119czonego cia\u0142a,<\/p>\n\n\n\n<p>\u015awi\u0119ty Andrzeju, ws\u0142awiony przez Boga wielkimi cudami,<br>\u015awi\u0119ty Andrzeju, chlubo naszej Ojczyzny,<br>\u015awi\u0119ty Andrzeju, wielki Or\u0119downiku Polski,<br>\u015awi\u0119ty Andrzeju, proroku zmartwychwstania Polski po trzecim rozbiorze,<br>\u015awi\u0119ty Andrzeju, nasz wielki Patronie<em>.<\/em><\/p>\n\n\n\n<p>Aby\u015bmy wszyscy chrze\u015bcijanie stanowili jedno,&nbsp;<em>upro\u015b nam u&nbsp;Boga<\/em><br>Aby\u015bmy nigdy od naszej wiary nie odst\u0105pili,<br>Aby\u015bmy \u017cadnego grzechu ci\u0119\u017ckiego nie pope\u0142nili,<br>Aby\u015bmy za pope\u0142nione winy szczer\u0105 pokut\u0119 czynili,<\/p>\n\n\n\n<p>Aby\u015bmy dla naszego zbawienia gorliwie z&nbsp;\u0142ask\u0105 Bo\u017c\u0105 wsp\u00f3\u0142pracowali,<br>Aby\u015bmy Bogu wiernie s\u0142u\u017cyli,<\/p>\n\n\n\n<p>Aby\u015bmy Naj\u015bwi\u0119tsz\u0105 Maryj\u0119 Pann\u0119 jako Matk\u0119 mi\u0142owali,<br>Aby\u015bmy w&nbsp;znoszeniu wszelkich przeciwno\u015bci wytrwali,<br>Aby\u015bmy z&nbsp;Tob\u0105 nieustannie Bogu chwa\u0142\u0119 oddawali,<em>.<\/em><\/p>\n\n\n\n<p>Baranku Bo\u017cy, kt\u00f3ry g\u0142adzisz grzechy \u015bwiata,&nbsp;<em>przepu\u015b\u0107 nam, Panie<br><\/em>Baranku Bo\u017cy, kt\u00f3ry g\u0142adzisz grzechy \u015bwiata,&nbsp;<em>wys\u0142uchaj nas, Panie,<\/em><br>Baranku Bo\u017cy, kt\u00f3ry g\u0142adzisz grzechy \u015bwiata,&nbsp;<em>zmi\u0142uj si\u0119 nad nami.<\/em><\/p>\n\n\n\n<p><strong>Kap\u0142an:<\/strong>&nbsp;M\u00f3dl si\u0119 za nami, \u015bwi\u0119ty Andrzeju Bobolo,<\/p>\n\n\n\n<p><strong>Wierni:<\/strong>&nbsp;Aby\u015bmy si\u0119 stali godni obietnic Chrystusowych<em>.<\/em><\/p>\n\n\n\n<p><strong>M\u00f3dlmy si\u0119:<\/strong><br>Bo\u017ce, nasz Ojcze, Ty przez \u015bmier\u0107 umi\u0142owanego Syna chcia\u0142e\u015b zgromadzi\u0107 rozproszone dzieci.<\/p>\n\n\n\n<p>Spraw, aby\u015bmy gorliwie wsp\u00f3\u0142pracowali z&nbsp;Twoim dzie\u0142em, za kt\u00f3re odda\u0142 \u017cycie \u015bwi\u0119ty Andrzej Bobola, M\u0119czennik.<\/p>\n\n\n\n<p>Prosimy o&nbsp;to przez Chrystusa, Pana naszego. Amen.<\/p>\n\n\n\n<p><strong>Modlitwa nowennowa:<\/strong><\/p>\n\n\n\n<p>\u015awi\u0119ty Andrzeju Bobolo, Patronie Polski!<\/p>\n\n\n\n<p>Przychodzimy dzi\u015b do Ciebie, prosz\u0105c o&nbsp;wstawiennictwo u&nbsp;dobrego Boga o&nbsp;rych\u0142e zako\u0144czenie epidemii w&nbsp;Polsce i&nbsp;na \u015bwiecie. Sam w&nbsp;\u017cyciu by\u0142e\u015b \u015bwiadkiem epidemii i&nbsp;chor\u00f3b. Wiesz, ile wnosz\u0105 cierpienia i&nbsp;jak przemieniaj\u0105 ludzkie \u017cycie i&nbsp;\u017cycie narodu. Upro\u015b nam \u0142ask\u0119 ufno\u015bci w&nbsp;Bo\u017c\u0105 mi\u0142o\u015b\u0107 i&nbsp;prowadzenie. Pom\u00f3\u017c nam zrozumie\u0107 i&nbsp;z zaufaniem przyj\u0105\u0107 s\u0142owa Pana Jezusa:&nbsp;<em>Nie l\u0119kajcie si\u0119<\/em>. Wierzymy, \u017ce dzi\u0119ki Twemu wstawiennictwu zaraza omin\u0119\u0142a Pi\u0144sk i&nbsp;jego okolice podczas Wielkiej Wojny. Wierzymy, \u017ce tak\u017ce teraz za Twoj\u0105 przyczyn\u0105 wirus przestanie si\u0119 szerzy\u0107.<\/p>\n\n\n\n<p>\u015awi\u0119ty Andrzeju Bobolo m\u00f3dl si\u0119 za nami! \u015awi\u0119ty Andrzeju Bobolo, or\u0119duj za nami u&nbsp;Boga!<\/p>\n\n\n\n<p><em>Ojcze nasz\u2026, Zdrowa\u015b Maryjo\u2026, Chwa\u0142a Ojcu<\/em>\u2026<\/p>\n\n\n\n<p><strong>DZIE\u0143 DRUGI<\/strong><\/p>\n\n\n\n<p><strong>Modlitwa wst\u0119pna<\/strong><\/p>\n\n\n\n<p><strong>Litania do \u015bw. Andrzeja Boboli<\/strong><\/p>\n\n\n\n<p><strong>Modlitwa nowennowa:<\/strong><\/p>\n\n\n\n<p>\u015awi\u0119ty Andrzeju Bobolo, Patronie Polski!<\/p>\n\n\n\n<p>Prosimy, aby za Twoim wstawiennictwem B\u00f3g doda\u0142 si\u0142y, odwagi i&nbsp;nadziei tym, kt\u00f3rzy zmagaj\u0105 si\u0119 ze swoj\u0105 chorob\u0105. Prosimy, by wszyscy chorzy i&nbsp;zagro\u017ceni uzyskali odpowiednie wsparcie i&nbsp;pomoc.<\/p>\n\n\n\n<p>Wierzymy w&nbsp;uzdrowienia, przedstawione w&nbsp;Twoim procesie beatyfikacyjnym i&nbsp;kanonizacyjnym oraz w&nbsp;wiele innych, kt\u00f3re zdarzy\u0142y si\u0119 za Twoj\u0105 przyczyn\u0105.<\/p>\n\n\n\n<p>Racz prosi\u0107 mi\u0142osiernego Boga o&nbsp;uzdrowienie chorych, zainfekowanych wirusem, aby odzyskali w&nbsp;pe\u0142ni zdrowie i&nbsp;si\u0142y, o&nbsp;ile jest to zgodne z&nbsp;Jego wol\u0105.<\/p>\n\n\n\n<p>\u015awi\u0119ty Andrzeju Bobolo m\u00f3dl si\u0119 za nami! \u015awi\u0119ty Andrzeju Bobolo, or\u0119duj za nami u&nbsp;Boga!<\/p>\n\n\n\n<p><em>Ojcze nasz\u2026, Zdrowa\u015b Maryjo\u2026, Chwa\u0142a Ojcu<\/em>\u2026<\/p>\n\n\n\n<p><strong>DZIE\u0143 TRZECI<\/strong><\/p>\n\n\n\n<p><strong>Modlitwa wst\u0119pna<\/strong><\/p>\n\n\n\n<p><strong>Litania do \u015bw. Andrzeja Boboli<\/strong><\/p>\n\n\n\n<p><strong>Modlitwa nowennowa:<\/strong><\/p>\n\n\n\n<p>\u015awi\u0119ty Andrzeju Bobolo, Patronie Polski!<\/p>\n\n\n\n<p>Wstawiaj si\u0119 za tymi, kt\u00f3rzy codziennie staj\u0105 do walki z&nbsp;chorob\u0105 innych, kt\u00f3rzy s\u0105 gotowi s\u0142u\u017cy\u0107 bli\u017anim w&nbsp;potrzebie,&nbsp;<em>Albowiem nie da\u0142 nam B\u00f3g ducha boja\u017ani, lecz mocy i&nbsp;mi\u0142o\u015bci, i&nbsp;trze\u017awego my\u015blenia..(<\/em>2 Tm 1,7)<em>.<\/em>&nbsp;Oby dobry B\u00f3g chroni\u0142 ich przed wszelkim niebezpiecze\u0144stwem i&nbsp;doceni\u0142 ich ofiarno\u015b\u0107. Rozumiesz to, bo sam pos\u0142ugiwa\u0142e\u015b chorym w&nbsp;czasie wielkiej zarazy w&nbsp;Wilnie, z&nbsp;po\u015bwi\u0119ceniem towarzysz\u0105c chorym i&nbsp;umieraj\u0105cym. Prosimy Ci\u0119 o&nbsp;wstawiennictwo do Ojca Niebieskiego o&nbsp;\u0142aski potrzebne kap\u0142anom w&nbsp;sprawowaniu duchowej pos\u0142ugi.<\/p>\n\n\n\n<p>Prosimy Ci\u0119, aby\u015b wo\u0142a\u0142 do Boga, by przyj\u0105\u0142 do swojego Kr\u00f3lestwa wszystkich, kt\u00f3rzy odeszli z&nbsp;tego \u015bwiata oraz by przyni\u00f3s\u0142 ukojenie w&nbsp;cierpieniu rodzinom i&nbsp;przyjacio\u0142om, kt\u00f3rzy stracili bliskich.<\/p>\n\n\n\n<p>\u015awi\u0119ty Andrzeju Bobolo m\u00f3dl si\u0119 za nami! \u015awi\u0119ty Andrzeju Bobolo, or\u0119duj za nami u&nbsp;Boga!<\/p>\n\n\n\n<p><em>Ojcze nasz\u2026, Zdrowa\u015b Maryjo\u2026, Chwa\u0142a Ojcu<\/em>\u2026<\/p>\n\n\n\n<p><strong>DZIE\u0143 CZWARTY<\/strong><\/p>\n\n\n\n<p><strong>Modlitwa wst\u0119pna<\/strong><\/p>\n\n\n\n<p><strong>Litania do \u015bw. Andrzeja Boboli<\/strong><\/p>\n\n\n\n<p><strong>Modlitwa nowennowa:<\/strong><\/p>\n\n\n\n<p>\u015awi\u0119ty Andrzeju Bobolo, Patronie Polski!<\/p>\n\n\n\n<p>Ty, kt\u00f3ry nios\u0142e\u015b ludziom Dobr\u0105 Nowin\u0119 \u2013 cz\u0119sto samotnie i&nbsp;na odludziu, pom\u00f3\u017c i&nbsp;nam, w&nbsp;sytuacji zagro\u017cenia, dawa\u0107 ewangeliczne \u015bwiadectwo mi\u0142o\u015bci nie tylko tym, z&nbsp;kt\u00f3rymi dzielimy wsp\u00f3lnot\u0119 duchow\u0105, lecz tak\u017ce tym, kt\u00f3rzy s\u0105 oddaleni od Boga. Wypraszaj nam, \u015awi\u0119ty Andrzeju, \u0142ask\u0119 mi\u0142o\u015bci, kt\u00f3ra wychodzi naprzeciw wszystkim ludziom i&nbsp;ka\u017cdemu przebacza winy. Naucz nas bezinteresownie s\u0142u\u017cy\u0107 innym, wspiera\u0107 ich swoj\u0105 obecno\u015bci\u0105, s\u0142owem, dobrami materialnymi, tym wszystkim, co otrzymali\u015bmy od Boga.&nbsp;<em>Darmo otrzymali\u015bcie, darmo dawajcie!<\/em>&nbsp;(Mt 10, 8)<\/p>\n\n\n\n<p>\u015awi\u0119ty Andrzeju Bobolo m\u00f3dl si\u0119 za nami! \u015awi\u0119ty Andrzeju Bobolo, or\u0119duj za nami u&nbsp;Boga!<\/p>\n\n\n\n<p><em>Ojcze nasz\u2026, Zdrowa\u015b Maryjo\u2026, Chwa\u0142a Ojcu<\/em>\u2026<\/p>\n\n\n\n<p><strong>DZIE\u0143 PI\u0104TY<\/strong><\/p>\n\n\n\n<p><strong>Modlitwa wst\u0119pna<\/strong><\/p>\n\n\n\n<p><strong>Litania do \u015bw. Andrzeja Boboli<\/strong><\/p>\n\n\n\n<p><strong>Modlitwa nowennowa:<\/strong><\/p>\n\n\n\n<p>\u015awi\u0119ty Andrzeju Bobolo, Patronie Polski!<\/p>\n\n\n\n<p>Prosimy za Twoim wstawiennictwem o&nbsp;dary Ducha \u015awi\u0119tego, aby\u015bmy potrafili wype\u0142nia\u0107 swe \u017cycie dobr\u0105 tre\u015bci\u0105 i&nbsp;dodaj nam si\u0142y do walki z&nbsp;codziennymi trudno\u015bciami.<\/p>\n\n\n\n<p>Prosimy, aby czas epidemii sta\u0142 si\u0119 czasem naszego nawr\u00f3cenia i&nbsp;wznoszenia ku Bogu oraz skutecznych zmaga\u0144 z&nbsp;wadami naszego charakteru. Wierzymy s\u0142owom Pana:&nbsp;<em>Wystarczy ci mojej \u0142aski. Moc bowiem w&nbsp;s\u0142abo\u015bci si\u0119 doskonali.<\/em>&nbsp;(2 Kor 12,9)<\/p>\n\n\n\n<p>Pom\u00f3\u017c nam wznie\u015b\u0107 si\u0119 ponad ludzkie ograniczenia, przekszta\u0142ca\u0107 wady naszego charakteru w&nbsp;cnoty i&nbsp;si\u0119ga\u0107 po zwyci\u0119stwo nad sob\u0105, na wz\u00f3r tego, kt\u00f3re si\u0119 sta\u0142o Twoim udzia\u0142em.<\/p>\n\n\n\n<p>\u015awi\u0119ty Andrzeju Bobolo m\u00f3dl si\u0119 za nami! \u015awi\u0119ty Andrzeju Bobolo, or\u0119duj za nami u&nbsp;Boga!<\/p>\n\n\n\n<p><em>Ojcze nasz\u2026, Zdrowa\u015b Maryjo\u2026, Chwa\u0142a Ojcu<\/em>\u2026<\/p>\n\n\n\n<p><strong>DZIE\u0143 SZ\u00d3STY<\/strong><\/p>\n\n\n\n<p><strong>Modlitwa wst\u0119pna<\/strong><\/p>\n\n\n\n<p><strong>Litania do \u015bw. Andrzeja Boboli<\/strong><\/p>\n\n\n\n<p><strong>Modlitwa nowennowa:<\/strong><\/p>\n\n\n\n<p>\u015awi\u0119ty Andrzeju Bobolo, Patronie Polski!<\/p>\n\n\n\n<p>Id\u0105c za Panem pokonywa\u0142e\u015b bezdro\u017ca i&nbsp;pustkowia Polesia. Niech Tw\u00f3j przyk\u0142ad pomaga nam przej\u015b\u0107 zwyci\u0119sko przez ten czas, pe\u0142en trosk, pyta\u0144 i&nbsp;niepokoju. Tyle jest niewiadomych, tyle zagro\u017ce\u0144. Wypro\u015b nam \u0142ask\u0119 u&nbsp;Pana, aby\u015bmy wyszli z&nbsp;ciemno\u015bci do \u015bwiat\u0142a.<\/p>\n\n\n\n<p>Wypro\u015b nam u&nbsp;Boga wytrwa\u0142o\u015b\u0107 i&nbsp;m\u0119stwo w&nbsp;znoszeniu niewyg\u00f3d, ale te\u017c uznanie z&nbsp;pokor\u0105 naszej bezradno\u015bci i&nbsp;szukania pokoju w&nbsp;Panu, kt\u00f3ry wzywa:&nbsp;<em>Przyjd\u017acie do mnie wszyscy, kt\u00f3rzy utrudzeni i&nbsp;obci\u0105\u017ceni jeste\u015bcie, a&nbsp;ja was pokrzepi\u0119<\/em>. (Mt 11, 28) Prosimy, pom\u00f3\u017c nam, by czas kwarantanny by\u0142 czasem zatrzymania si\u0119 w&nbsp;codziennej gonitwie, spojrzenia z&nbsp;mi\u0142o\u015bci\u0105 na drugiego cz\u0142owieka, budowania bliskich wi\u0119zi w&nbsp;rodzinie, wzajemnego zrozumienia.<\/p>\n\n\n\n<p>\u015awi\u0119ty Andrzeju Bobolo m\u00f3dl si\u0119 za nami! \u015awi\u0119ty Andrzeju Bobolo, or\u0119duj za nami u&nbsp;Boga!<\/p>\n\n\n\n<p><em>Ojcze nasz\u2026, Zdrowa\u015b Maryjo\u2026, Chwa\u0142a Ojcu<\/em>\u2026<\/p>\n\n\n\n<p><strong>DZIE\u0143 SI\u00d3DMY<\/strong><\/p>\n\n\n\n<p><strong>Modlitwa wst\u0119pna<\/strong><\/p>\n\n\n\n<p><strong>Litania do \u015bw. Andrzeja Boboli<\/strong><\/p>\n\n\n\n<p><strong>Modlitwa nowennowa:<\/strong><\/p>\n\n\n\n<p>\u015awi\u0119ty Andrzeju Bobolo, Patronie Jedno\u015bci!<\/p>\n\n\n\n<p>za Twoim po\u015brednictwem zwracamy si\u0119 do Boga Wszechmog\u0105cego o&nbsp;jedno\u015b\u0107 w&nbsp;naszym narodzie, o&nbsp;szczero\u015b\u0107 i&nbsp;wielkoduszno\u015b\u0107 w&nbsp;zako\u0144czeniu wa\u015bni i&nbsp;k\u0142\u00f3tni w&nbsp;rodzinach, miejscach pracy i&nbsp;polityce.<\/p>\n\n\n\n<p>Bardzo pragn\u0105\u0142e\u015b, by Polski nie rozdziera\u0142y podzia\u0142y religijne, spo\u0142eczne, polityczne i&nbsp;ekonomiczne. Odda\u0142e\u015b swe \u017cycie za Jezusowe pragnienie:&nbsp;<em>aby wszyscy stanowili jedno, jak Ty, Ojcze, we Mnie, a&nbsp;Ja w&nbsp;Tobie, aby i&nbsp;oni stanowili w&nbsp;Nas jedno, by<\/em>&nbsp;<em>\u015bwiat uwierzy\u0142, \u017ce Ty Mnie pos\u0142a\u0142e\u015b.&nbsp;<\/em>( J 17,21<em>)&nbsp;<\/em>Niech Twoja ofiara i&nbsp;przebaczenie prze\u015bladowcom b\u0119dzie dla nas nauk\u0105 wznoszenia si\u0119 ponad ziemskie sprawy. Niech przyniesie nam zrozumienie, \u017ce to mi\u0142o\u015b\u0107 \u0142\u0105czy \u017cycie ziemskie i&nbsp;wieczne, \u017ce b\u0119dzie ona naszym znakiem w&nbsp;Niebie.<\/p>\n\n\n\n<p>\u015awi\u0119ty Andrzeju Bobolo m\u00f3dl si\u0119 za nami! \u015awi\u0119ty Andrzeju Bobolo, or\u0119duj za nami u&nbsp;Boga!<\/p>\n\n\n\n<p><em>Ojcze nasz\u2026, Zdrowa\u015b Maryjo\u2026, Chwa\u0142a Ojcu<\/em>\u2026<\/p>\n\n\n\n<p><strong>DZIE\u0143 \u00d3SMY<\/strong><\/p>\n\n\n\n<p><strong>Modlitwa wst\u0119pna<\/strong><\/p>\n\n\n\n<p><strong>Litania do \u015bw. Andrzeja Boboli<\/strong><\/p>\n\n\n\n<p><strong>Modlitwa nowennowa:<\/strong><\/p>\n\n\n\n<p>\u015awi\u0119ty Andrzeju Bobolo, Patronie Jedno\u015bci!<\/p>\n\n\n\n<p>Przez Twoje wstawiennictwo prosimy Boga, aby ten trudny czas prowadzi\u0142 do wielkiego oczyszczenia naszego narodu i&nbsp;odbudowywania wsp\u00f3lnoty opartej na przesz\u0142o\u015bci i&nbsp;otwartej na przysz\u0142o\u015b\u0107. Pom\u00f3\u017c nam poj\u0105\u0107, \u017ce inno\u015b\u0107 nie musi oznacza\u0107 wrogo\u015bci, a&nbsp;rozmowa jest fundamentem porozumienia. Ty rozmawia\u0142e\u015b ze wszystkimi: prostymi ch\u0142opami, uczonymi, prawos\u0142awnymi kap\u0142anami, szlachcicami i&nbsp;dworzanami kr\u00f3lewskimi. Niech b\u0119dzie to czas trwania przy Bogu wraz ze \u015awi\u0119tymi naszego kraju i&nbsp;otwarcia na ludzi w&nbsp;duchu ewangelicznej mi\u0142o\u015bci. Or\u0119duj za nami u&nbsp;Pana, aby\u015bmy nie zmarnowali tego czasu, kt\u00f3ry mo\u017ce nas pokrzepi\u0107 duchowo i&nbsp;doprowadzi\u0107 do wi\u0119kszej dojrza\u0142o\u015bci.<\/p>\n\n\n\n<p>\u015awi\u0119ty Andrzeju Bobolo m\u00f3dl si\u0119 za nami! \u015awi\u0119ty Andrzeju Bobolo, or\u0119duj za nami u&nbsp;Boga!<\/p>\n\n\n\n<p><em>Ojcze nasz\u2026, Zdrowa\u015b Maryjo\u2026, Chwa\u0142a Ojcu<\/em>\u2026<\/p>\n\n\n\n<p><strong>DZIE\u0143 DZIEWI\u0104TY<\/strong><\/p>\n\n\n\n<p><strong>Modlitwa wst\u0119pna<\/strong><\/p>\n\n\n\n<p><strong>Litania do \u015bw. Andrzeja Boboli<\/strong><\/p>\n\n\n\n<p><strong>Modlitwa nowennowa:<\/strong><\/p>\n\n\n\n<p>\u015awi\u0119ty Andrzeju Bobolo, Patronie Polski, Patronie Jedno\u015bci!<\/p>\n\n\n\n<p>W obliczu niebezpiecze\u0144stwa zagra\u017caj\u0105cego naszej Ojczy\u017anie i&nbsp;\u015bwiatu zwracamy si\u0119 do Boga przez wstawiennictwo Matki Naj\u015bwi\u0119tszej oraz Twoje, aby\u015bmy potrafili bezgranicznie zawierzy\u0107 si\u0119 woli Bo\u017cej.<\/p>\n\n\n\n<p>Z Twojej inspiracji w&nbsp;Katedrze Lwowskiej zosta\u0142y z\u0142o\u017cone \u015aluby Kr\u00f3la Jana Kazimierza i&nbsp;Stan\u00f3w Rzeczypospolitej, \u201edotycz\u0105ce polepszenia doli ludu pracuj\u0105cego oraz czci Naj\u015bwi\u0119tszej Panny jako Kr\u00f3lowej Korony Polskiej\u201d. Potrzeba nam dzisiaj Twojego dojrza\u0142ego spojrzenia na wszystkie sprawy naszej Ojczyzny.<\/p>\n\n\n\n<p>W duchu zawierzenia wraz z&nbsp;Maryj\u0105 i&nbsp;Tob\u0105 prosimy Boga o&nbsp;potrzebne \u0142aski dla os\u00f3b sprawuj\u0105cych w\u0142adz\u0119, kt\u00f3re wykonuj\u0105 swoje obowi\u0105zki w&nbsp;poczuciu odpowiedzialno\u015bci. Prosimy, by Duch \u015awi\u0119ty ogarn\u0105\u0142 ich sw\u0105 moc\u0105 i&nbsp;umacnia\u0142 ich wiar\u0119.<\/p>\n\n\n\n<p>\u015awi\u0119ty Andrzeju Bobolo m\u00f3dl si\u0119 za nami, \u015bwi\u0119ty Andrzeju Bobolo, or\u0119duj za nami u&nbsp;Boga!<\/p>\n\n\n\n<p><em>Ojcze nasz\u2026, Zdrowa\u015b Maryjo\u2026, Chwa\u0142a Ojcu<\/em>\u2026<\/p>\n","protected":false},"excerpt":{"rendered":"<p>Nowenn\u0119 do \u015bw. Andrzeja Boboli mo\u017cna rozpocz\u0105\u0107 dowolnego dnia w&nbsp;czasie zagro\u017cenia epidemi\u0105. W latach 1625-1629 Wilno nawiedzi\u0142o kilka niezwykle gro\u017anych epidemii, kt\u00f3re dziesi\u0105tkowa\u0142y jego mieszka\u0144c\u00f3w. Ludzie masowo opuszczali miasto, pozostawiaj\u0105c niejednokrotnie swych bliskich bez opieki, skazuj\u0105c ich na samotn\u0105 \u015bmier\u0107. Chorzy cz\u0119sto le\u017celi na ulicach lub w&nbsp;zamkni\u0119tych domach. Ojciec Andrzej Bobola wraz z&nbsp;innymi kap\u0142anami nie\u015bli &hellip; <a href=\"http:\/\/parafiarussocice.pl\/index.php\/nowenna-do-swietego-andrzeja-boboli-w-czasie-epidemii\/\" class=\"more-link\">Czytaj dalej <span class=\"screen-reader-text\">NOWENNA DO \u015aWI\u0118TEGO ANDRZEJA BOBOLI W CZASIE EPIDEMII<\/span><\/a><\/p>\n","protected":false},"author":1,"featured_media":2643,"parent":0,"menu_order":0,"comment_status":"closed","ping_status":"closed","template":"","meta":{"ngg_post_thumbnail":0},"_links":{"self":[{"href":"http:\/\/parafiarussocice.pl\/index.php\/wp-json\/wp\/v2\/pages\/2636"}],"collection":[{"href":"http:\/\/parafiarussocice.pl\/index.php\/wp-json\/wp\/v2\/pages"}],"about":[{"href":"http:\/\/parafiarussocice.pl\/index.php\/wp-json\/wp\/v2\/types\/page"}],"author":[{"embeddable":true,"href":"http:\/\/parafiarussocice.pl\/index.php\/wp-json\/wp\/v2\/users\/1"}],"replies":[{"embeddable":true,"href":"http:\/\/parafiarussocice.pl\/index.php\/wp-json\/wp\/v2\/comments?post=2636"}],"version-history":[{"count":1,"href":"http:\/\/parafiarussocice.pl\/index.php\/wp-json\/wp\/v2\/pages\/2636\/revisions"}],"predecessor-version":[{"id":2639,"href":"http:\/\/parafiarussocice.pl\/index.php\/wp-json\/wp\/v2\/pages\/2636\/revisions\/2639"}],"wp:featuredmedia":[{"embeddable":true,"href":"http:\/\/parafiarussocice.pl\/index.php\/wp-json\/wp\/v2\/media\/2643"}],"wp:attachment":[{"href":"http:\/\/parafiarussocice.pl\/index.php\/wp-json\/wp\/v2\/media?parent=2636"}],"curies":[{"name":"wp","href":"https:\/\/api.w.org\/{rel}","templated":true}]}}